{"id":1019,"date":"2021-09-13T13:28:19","date_gmt":"2021-09-13T13:28:19","guid":{"rendered":"https:\/\/esici.edu.co\/?page_id=1019"},"modified":"2026-01-28T20:37:31","modified_gmt":"2026-01-28T20:37:31","slug":"administracion-y-analisis-de-la-seguridad","status":"publish","type":"page","link":"https:\/\/esici.edu.co\/index.php\/administracion-y-analisis-de-la-seguridad\/","title":{"rendered":"Tecnolog\u00eda en Administraci\u00f3n y An\u00e1lisis de la Seguridad."},"content":{"rendered":"<div class=\"wp-block-image\">\n<figure class=\"aligncenter size-large is-resized\"><img fetchpriority=\"high\" decoding=\"async\" width=\"583\" height=\"1024\" src=\"https:\/\/esici.edu.co\/wp-content\/uploads\/2026\/01\/Dip-int-arti_1@3x-2-583x1024.png\" alt=\"\" class=\"wp-image-4249\" style=\"width:840px;height:auto\" srcset=\"https:\/\/esici.edu.co\/wp-content\/uploads\/2026\/01\/Dip-int-arti_1@3x-2-583x1024.png 583w, https:\/\/esici.edu.co\/wp-content\/uploads\/2026\/01\/Dip-int-arti_1@3x-2-171x300.png 171w, https:\/\/esici.edu.co\/wp-content\/uploads\/2026\/01\/Dip-int-arti_1@3x-2-768x1349.png 768w, https:\/\/esici.edu.co\/wp-content\/uploads\/2026\/01\/Dip-int-arti_1@3x-2-875x1536.png 875w, https:\/\/esici.edu.co\/wp-content\/uploads\/2026\/01\/Dip-int-arti_1@3x-2-1166x2048.png 1166w, https:\/\/esici.edu.co\/wp-content\/uploads\/2026\/01\/Dip-int-arti_1@3x-2-scaled.png 1458w\" sizes=\"(max-width: 583px) 100vw, 583px\" \/><\/figure><\/div>\n\n\n<div class=\"wp-block-columns is-layout-flex wp-container-core-columns-is-layout-9d6595d7 wp-block-columns-is-layout-flex\">\n<div class=\"wp-block-column is-layout-flow wp-block-column-is-layout-flow\">\n<div class=\"wp-block-buttons is-content-justification-center is-layout-flex wp-container-core-buttons-is-layout-16018d1d wp-block-buttons-is-layout-flex\">\n<div class=\"wp-block-button\"><a class=\"wp-block-button__link has-vivid-cyan-blue-background-color has-background wp-element-button\" href=\"https:\/\/acrobat.adobe.com\/id\/urn:aaid:sc:VA6C2:80b6294c-77d9-43ec-a5a8-80696d6c3d0d\"><strong>Registro calificado<\/strong><\/a><\/div>\n\n\n\n<div class=\"wp-block-button\"><a class=\"wp-block-button__link has-vivid-cyan-blue-background-color has-background wp-element-button\" href=\"https:\/\/esici.edu.co\/index.php\/inscripcion-en-tecnologia-en-administracion-y-analisis-de-la-seguridad\/\"><strong>Inscripci\u00f3n<\/strong><\/a><\/div>\n<\/div>\n<\/div>\n<\/div>\n\n\n\n<h2 class=\"wp-block-heading has-text-align-left\">Informaci\u00f3n General<\/h2>\n\n\n\n<p class=\"has-text-align-left\"><strong>T\u00edtulo que otorga:<\/strong>&nbsp;Tecn\u00f3logo en Administraci\u00f3n y An\u00e1lisis de la Seguridad<br><strong>Resoluci\u00f3n de registro calificado:<\/strong>&nbsp;C\u00f3digo SNIES 10162<br><strong>Valor de la inscripci\u00f3n:<\/strong>&nbsp;$432.000 <br><strong>Tipo de formaci\u00f3n:<\/strong>&nbsp;Pregrado<br><strong>Contacto:<\/strong>&nbsp;3223825884 \/ admisiones.esici@cedoc.edu.co<br><strong>Lugar donde se oferta:<\/strong>&nbsp;Bogot\u00e1 D.C., Colombia.<\/p>\n\n\n\n<hr class=\"wp-block-separator has-css-opacity\"\/>\n\n\n\n<figure class=\"wp-block-video\"><video controls loop src=\"https:\/\/esici.edu.co\/wp-content\/uploads\/2021\/05\/VIDEO-ACREDITACION-TECNOLOGIA.mp4\"><\/video><\/figure>\n\n\n\n<hr class=\"wp-block-separator has-css-opacity\"\/>\n\n\n\n<div class=\"wp-block-columns is-layout-flex wp-container-core-columns-is-layout-9d6595d7 wp-block-columns-is-layout-flex\">\n<div class=\"wp-block-column is-layout-flow wp-block-column-is-layout-flow\">\n<h2 class=\"wp-block-heading\">PERFIL DEL&nbsp;ASPIRANTE<\/h2>\n\n\n\n<p>El aspirante al programa Tecnol\u00f3gico en Administraci\u00f3n y An\u00e1lisis de la Seguridad, debe demostrar un perfil ajustado a seis criterios descritos a continuaci\u00f3n:<\/p>\n\n\n\n<ol class=\"wp-block-list\">\n<li>Vinculaci\u00f3n: debe ser Suboficial de las Fuerzas Militares, desempe\u00f1arse en actividades de inteligencia militar y no tener procesos judiciales en su contra.<\/li>\n\n\n\n<li>Equilibrio y ecuanimidad: debe asumir actitudes consecuentes y coherentes que faciliten el desarrollo de trabajo en equipo.<\/li>\n\n\n\n<li>Respeto por los principios y valores institucionales: al actuar de manera consecuente, teniendo presentes y respetando los principios y valores institucionales.<\/li>\n\n\n\n<li>Liderazgo: encabezando todos los procesos que se desarrollan, demostrando su capacidad de planeamiento, conducci\u00f3n y ejecuci\u00f3n.<\/li>\n\n\n\n<li>Capacidad para la soluci\u00f3n de situaciones complejas: proponiendo y aplicando soluciones innovadoras y efectivas a situaciones problem\u00e1ticas.<\/li>\n\n\n\n<li>Inter\u00e9s por la investigaci\u00f3n: Al comprender el proceso para construir el conocimiento cient\u00edfico y se interesa en su desarrollo.<\/li>\n<\/ol>\n<\/div>\n\n\n\n<div class=\"wp-block-column is-layout-flow wp-block-column-is-layout-flow\">\n<h2 class=\"wp-block-heading\">PERFIL DEL&nbsp;EGRESADO<\/h2>\n\n\n\n<p>El egresado del programa tecnol\u00f3gico en Administraci\u00f3n y An\u00e1lisis de la Seguridad, estar\u00e1 calificado para:<br>\u2022 Planear y ejecutar actividades de b\u00fasqueda y recolecci\u00f3n de informaci\u00f3n que una vez procesada facilite la toma de decisiones en procura de la preservaci\u00f3n de la Seguridad Nacional, la seguridad de la instituci\u00f3n y la seguridad corporativa.<br>\u2022 Desarrollar actividades de an\u00e1lisis de informaci\u00f3n que permitan la consolidaci\u00f3n de productos \u00fatiles para la toma de decisiones asociadas a la preservaci\u00f3n de la Seguridad Nacional y la seguridad de la instituci\u00f3n y la<br>seguridad corporativa.<br>\u2022 Desarrollar actividades de coordinaci\u00f3n, administraci\u00f3n, asesor\u00eda, consultor\u00eda o auditor\u00eda al interior de departamentos, secciones o dependencias de seguridad de instituciones p\u00fablicas o privadas, o en empresas prestadoras de servicios de seguridad.<br>\u2022 Administrar procesos de seguridad aplicables al \u00e1mbito estrat\u00e9gico, para cubrir las necesidades del Estado, al \u00e1mbito institucional para garantizar la protecci\u00f3n de la Fuerza y, al \u00e1mbito corporativo para asegurar la continuidad y \u00e9xito de las instituciones privadas.<br>\u2022 Aplicar los principios y valores institucionales en el entorno laboral, teniendo como prop\u00f3sitos fundamentales el fortalecimiento de la cultura del trabajo en equipo y la garant\u00eda de aplicaci\u00f3n de una alta calidad en los procesos desarrollados.<\/p>\n<\/div>\n<\/div>\n\n\n\n<hr class=\"wp-block-separator has-css-opacity\"\/>\n\n\n\n<h2 class=\"wp-block-heading has-text-align-center\"><strong><em>Para realizar tus pagos del Pregrado, lo puedes realizar a trav\u00e9s de PSE haciendo clic en el bot\u00f3<\/em><\/strong>n<\/h2>\n\n\n<div class=\"wp-block-image\">\n<figure class=\"aligncenter size-large is-resized\"><a href=\"https:\/\/www.zonapagos.com\/t_cenaceduejer\/pagos.asp\" target=\"_blank\" rel=\"noopener\"><img decoding=\"async\" width=\"378\" height=\"376\" src=\"https:\/\/esici.edu.co\/wp-content\/uploads\/2021\/05\/PSE.png\" alt=\"\" class=\"wp-image-116\" style=\"width:113px;height:113px\" srcset=\"https:\/\/esici.edu.co\/wp-content\/uploads\/2021\/05\/PSE.png 378w, https:\/\/esici.edu.co\/wp-content\/uploads\/2021\/05\/PSE-300x298.png 300w, https:\/\/esici.edu.co\/wp-content\/uploads\/2021\/05\/PSE-150x150.png 150w\" sizes=\"(max-width: 378px) 100vw, 378px\" \/><\/a><\/figure><\/div>","protected":false},"excerpt":{"rendered":"<p>Informaci\u00f3n General T\u00edtulo que otorga:&nbsp;Tecn\u00f3logo en Administraci\u00f3n y An\u00e1lisis de la SeguridadResoluci\u00f3n de registro calificado:&nbsp;C\u00f3digo SNIES 10162Valor de la inscripci\u00f3n:&nbsp;$432.000 Tipo de formaci\u00f3n:&nbsp;PregradoContacto:&nbsp;3223825884 \/ admisiones.esici@cedoc.edu.coLugar donde se oferta:&nbsp;Bogot\u00e1 D.C., Colombia. PERFIL DEL&nbsp;ASPIRANTE El aspirante al programa Tecnol\u00f3gico en Administraci\u00f3n y An\u00e1lisis de la Seguridad, debe demostrar un perfil ajustado a seis criterios descritos a continuaci\u00f3n: [&hellip;]<\/p>\n","protected":false},"author":1,"featured_media":0,"parent":0,"menu_order":0,"comment_status":"closed","ping_status":"closed","template":"","meta":{"_eb_attr":"","om_disable_all_campaigns":false,"_monsterinsights_skip_tracking":false,"_monsterinsights_sitenote_active":false,"_monsterinsights_sitenote_note":"","_monsterinsights_sitenote_category":0,"_uf_show_specific_survey":0,"_uf_disable_surveys":false,"footnotes":""},"class_list":["post-1019","page","type-page","status-publish","hentry"],"aioseo_notices":[],"_links":{"self":[{"href":"https:\/\/esici.edu.co\/index.php\/wp-json\/wp\/v2\/pages\/1019","targetHints":{"allow":["GET"]}}],"collection":[{"href":"https:\/\/esici.edu.co\/index.php\/wp-json\/wp\/v2\/pages"}],"about":[{"href":"https:\/\/esici.edu.co\/index.php\/wp-json\/wp\/v2\/types\/page"}],"author":[{"embeddable":true,"href":"https:\/\/esici.edu.co\/index.php\/wp-json\/wp\/v2\/users\/1"}],"replies":[{"embeddable":true,"href":"https:\/\/esici.edu.co\/index.php\/wp-json\/wp\/v2\/comments?post=1019"}],"version-history":[{"count":20,"href":"https:\/\/esici.edu.co\/index.php\/wp-json\/wp\/v2\/pages\/1019\/revisions"}],"predecessor-version":[{"id":4250,"href":"https:\/\/esici.edu.co\/index.php\/wp-json\/wp\/v2\/pages\/1019\/revisions\/4250"}],"wp:attachment":[{"href":"https:\/\/esici.edu.co\/index.php\/wp-json\/wp\/v2\/media?parent=1019"}],"curies":[{"name":"wp","href":"https:\/\/api.w.org\/{rel}","templated":true}]}}