{"id":1061,"date":"2021-09-14T15:34:06","date_gmt":"2021-09-14T15:34:06","guid":{"rendered":"https:\/\/esici.edu.co\/?page_id=1061"},"modified":"2021-09-28T12:40:23","modified_gmt":"2021-09-28T12:40:23","slug":"eventos-de-bienestar","status":"publish","type":"page","link":"https:\/\/esici.edu.co\/index.php\/eventos-de-bienestar\/","title":{"rendered":"EVENTOS DE BIENESTAR"},"content":{"rendered":"\n<div class=\"wp-block-columns is-layout-flex wp-container-core-columns-is-layout-9d6595d7 wp-block-columns-is-layout-flex\">\n<div class=\"wp-block-column is-layout-flow wp-block-column-is-layout-flow\" style=\"flex-basis:66.66%\">\n<h2 class=\"wp-block-heading\">INTEGRACI\u00d3N PERSONAL ESICI<\/h2>\n\n\n\n<figure class=\"wp-block-video\"><video autoplay controls loop muted src=\"https:\/\/esici.edu.co\/wp-content\/uploads\/2021\/09\/INTEGRACION-ESICI.mp4\"><\/video><\/figure>\n\n\n\n<h2 class=\"wp-block-heading\">FELIZ D\u00cdA MAM\u00c1<\/h2>\n\n\n\n<figure class=\"wp-block-video\"><video autoplay controls loop muted src=\"https:\/\/esici.edu.co\/wp-content\/uploads\/2021\/05\/FELIZ-DIA-MAMA.mp4\"><\/video><\/figure>\n\n\n\n<p style=\"font-size:15px\">La Escuela de Inteligencia y Contrainteligencia \u00abBrigadier General Ricardo Charry Solano\u00bb, realiza actividades de bienestar universitario para el personal de alumnos y planta, esto con el fin de fortalecer la integraci\u00f3n del personal por medio de eventos recreativos y actividades que logran fomentar el desarrollo \u00e9tico y moral.<\/p>\n<\/div>\n\n\n\n<div class=\"wp-block-column is-layout-flow wp-block-column-is-layout-flow\" style=\"flex-basis:33.33%\">\n<figure class=\"wp-block-image size-large\"><img fetchpriority=\"high\" decoding=\"async\" width=\"1024\" height=\"682\" src=\"https:\/\/esici.edu.co\/wp-content\/uploads\/2021\/09\/PHOTO-2021-08-30-17-01-57-1024x682.jpg\" alt=\"\" class=\"wp-image-1062\" srcset=\"https:\/\/esici.edu.co\/wp-content\/uploads\/2021\/09\/PHOTO-2021-08-30-17-01-57-1024x682.jpg 1024w, https:\/\/esici.edu.co\/wp-content\/uploads\/2021\/09\/PHOTO-2021-08-30-17-01-57-300x200.jpg 300w, https:\/\/esici.edu.co\/wp-content\/uploads\/2021\/09\/PHOTO-2021-08-30-17-01-57-768x512.jpg 768w, https:\/\/esici.edu.co\/wp-content\/uploads\/2021\/09\/PHOTO-2021-08-30-17-01-57.jpg 1280w\" sizes=\"(max-width: 1024px) 100vw, 1024px\" \/><\/figure>\n\n\n\n<figure class=\"wp-block-image size-large\"><img decoding=\"async\" width=\"766\" height=\"1024\" src=\"https:\/\/esici.edu.co\/wp-content\/uploads\/2021\/09\/PHOTO-2021-08-30-17-03-30.jpg\" alt=\"\" class=\"wp-image-1063\" srcset=\"https:\/\/esici.edu.co\/wp-content\/uploads\/2021\/09\/PHOTO-2021-08-30-17-03-30.jpg 766w, https:\/\/esici.edu.co\/wp-content\/uploads\/2021\/09\/PHOTO-2021-08-30-17-03-30-224x300.jpg 224w\" sizes=\"(max-width: 766px) 100vw, 766px\" \/><\/figure>\n<\/div>\n<\/div>\n\n\n\n<p><\/p>\n","protected":false},"excerpt":{"rendered":"<p>INTEGRACI\u00d3N PERSONAL ESICI FELIZ D\u00cdA MAM\u00c1 La Escuela de Inteligencia y Contrainteligencia \u00abBrigadier General Ricardo Charry Solano\u00bb, realiza actividades de bienestar universitario para el personal de alumnos y planta, esto con el fin de fortalecer la integraci\u00f3n del personal por medio de eventos recreativos y actividades que logran fomentar el desarrollo \u00e9tico y moral.<\/p>\n","protected":false},"author":1,"featured_media":0,"parent":0,"menu_order":0,"comment_status":"closed","ping_status":"closed","template":"","meta":{"_eb_attr":"","om_disable_all_campaigns":false,"_monsterinsights_skip_tracking":false,"_monsterinsights_sitenote_active":false,"_monsterinsights_sitenote_note":"","_monsterinsights_sitenote_category":0,"_uf_show_specific_survey":0,"_uf_disable_surveys":false,"footnotes":""},"class_list":["post-1061","page","type-page","status-publish","hentry"],"aioseo_notices":[],"_links":{"self":[{"href":"https:\/\/esici.edu.co\/index.php\/wp-json\/wp\/v2\/pages\/1061","targetHints":{"allow":["GET"]}}],"collection":[{"href":"https:\/\/esici.edu.co\/index.php\/wp-json\/wp\/v2\/pages"}],"about":[{"href":"https:\/\/esici.edu.co\/index.php\/wp-json\/wp\/v2\/types\/page"}],"author":[{"embeddable":true,"href":"https:\/\/esici.edu.co\/index.php\/wp-json\/wp\/v2\/users\/1"}],"replies":[{"embeddable":true,"href":"https:\/\/esici.edu.co\/index.php\/wp-json\/wp\/v2\/comments?post=1061"}],"version-history":[{"count":4,"href":"https:\/\/esici.edu.co\/index.php\/wp-json\/wp\/v2\/pages\/1061\/revisions"}],"predecessor-version":[{"id":1167,"href":"https:\/\/esici.edu.co\/index.php\/wp-json\/wp\/v2\/pages\/1061\/revisions\/1167"}],"wp:attachment":[{"href":"https:\/\/esici.edu.co\/index.php\/wp-json\/wp\/v2\/media?parent=1061"}],"curies":[{"name":"wp","href":"https:\/\/api.w.org\/{rel}","templated":true}]}}