{"id":1067,"date":"2021-09-16T16:57:45","date_gmt":"2021-09-16T16:57:45","guid":{"rendered":"https:\/\/esici.edu.co\/?page_id=1067"},"modified":"2026-03-04T03:25:28","modified_gmt":"2026-03-04T03:25:28","slug":"diplomado-sistemas-de-informacion-geografica","status":"publish","type":"page","link":"https:\/\/esici.edu.co\/index.php\/diplomado-sistemas-de-informacion-geografica\/","title":{"rendered":"Diplomado en Sistemas de Informaci\u00f3n Geogr\u00e1fica"},"content":{"rendered":"<div class=\"wp-block-image\">\n<figure class=\"aligncenter size-large is-resized\"><img fetchpriority=\"high\" decoding=\"async\" width=\"703\" height=\"1024\" src=\"https:\/\/esici.edu.co\/wp-content\/uploads\/2025\/12\/Dip-Sistemas-de-inf@3x-100-703x1024.jpg\" alt=\"\" class=\"wp-image-4210\" style=\"width:835px;height:auto\" srcset=\"https:\/\/esici.edu.co\/wp-content\/uploads\/2025\/12\/Dip-Sistemas-de-inf@3x-100-703x1024.jpg 703w, https:\/\/esici.edu.co\/wp-content\/uploads\/2025\/12\/Dip-Sistemas-de-inf@3x-100-206x300.jpg 206w, https:\/\/esici.edu.co\/wp-content\/uploads\/2025\/12\/Dip-Sistemas-de-inf@3x-100-768x1118.jpg 768w, https:\/\/esici.edu.co\/wp-content\/uploads\/2025\/12\/Dip-Sistemas-de-inf@3x-100-1055x1536.jpg 1055w, https:\/\/esici.edu.co\/wp-content\/uploads\/2025\/12\/Dip-Sistemas-de-inf@3x-100-1407x2048.jpg 1407w, https:\/\/esici.edu.co\/wp-content\/uploads\/2025\/12\/Dip-Sistemas-de-inf@3x-100-scaled.jpg 1759w\" sizes=\"(max-width: 703px) 100vw, 703px\" \/><\/figure><\/div>\n\n\n<div class=\"wp-block-buttons is-content-justification-center is-layout-flex wp-container-core-buttons-is-layout-16018d1d wp-block-buttons-is-layout-flex\">\n<div class=\"wp-block-button\"><a class=\"wp-block-button__link has-white-color has-vivid-cyan-blue-background-color has-text-color has-background has-link-color wp-element-button\" href=\"http:\/\/190.144.10.234:8080\/Karakum\/Control\/\">Inscripci\u00f3n<\/a><\/div>\n\n\n\n<div class=\"wp-block-button\"><a class=\"wp-block-button__link has-white-color has-vivid-cyan-blue-background-color has-text-color has-background has-link-color wp-element-button\" href=\"https:\/\/www.zonapagos.com\/pagosn2\/LoginCliente\">Pago en L\u00ednea<\/a><\/div>\n<\/div>\n\n\n\n<div class=\"wp-block-columns is-layout-flex wp-container-core-columns-is-layout-9d6595d7 wp-block-columns-is-layout-flex\">\n<div class=\"wp-block-column is-layout-flow wp-block-column-is-layout-flow\"><\/div>\n<\/div>\n\n\n\n<h2 class=\"wp-block-heading has-text-align-left\">Informaci\u00f3n General<\/h2>\n\n\n\n<p class=\"has-text-align-left\"><strong>T\u00edtulo que otorga:<\/strong>\u00a0Sistemas de Informaci\u00f3n Geogr\u00e1fica<strong><br><strong>Modalidad:<\/strong>\u00a0<\/strong>Presencial. Lunes a Viernes de 18:00 a 21:00 hrs<strong><br><strong>Duraci\u00f3n estimada:<\/strong><\/strong>\u00a07 Semanas <strong><br><strong>Valor:<\/strong>\u00a0<\/strong>$2\u2019678.500 <strong><br><strong>Nivel:<\/strong>\u00a0<\/strong>Complementario<strong><br><strong>Contacto:<\/strong>\u00a0\u00a0<\/strong>3142639342 \/ admisiones.esici@cedoc.edu.co<strong><br><strong>Lugar donde se oferta:<\/strong><\/strong>\u00a0Bogot\u00e1 D.C., Colombia.<strong><br><em>*El valor corresponde al costo por periodo fijado para el a\u00f1o <\/em><\/strong><em><strong>2025<\/strong>.<\/em><\/p>\n\n\n\n<div style=\"height:50px\" aria-hidden=\"true\" class=\"wp-block-spacer\"><\/div>\n\n\n\n<h2 class=\"wp-block-heading has-text-align-left\">M\u00f3dulos<\/h2>\n\n\n\n<div class=\"wp-block-columns is-layout-flex wp-container-core-columns-is-layout-9d6595d7 wp-block-columns-is-layout-flex\">\n<div class=\"wp-block-column is-layout-flow wp-block-column-is-layout-flow\">\n<ul class=\"wp-block-list\">\n<li><strong>METEOROLOG\u00cdA<\/strong> <br>* Climatolog\u00eda<br>* Pronostico<\/li>\n\n\n\n<li><strong>FUNDAMENTOS SIG<\/strong> <br>* Que es un&nbsp; SIG <br>* Modelo de datos <br>* Proyecci\u00f3n Cartograf\u00eda <br>* Sistemas de Coordenadas  <br>* Escalas&nbsp;<\/li>\n\n\n\n<li><strong>ANALISIS ESPACIAL&nbsp;<\/strong> <br>* Conceptos B\u00e1sicos <br>* T\u00e9cnicas Cualitativas <br>* T\u00e9cnicas Cuantitativas&nbsp; <br>* Geoestad\u00edstica<\/li>\n<\/ul>\n<\/div>\n\n\n\n<div class=\"wp-block-column is-layout-flow wp-block-column-is-layout-flow\">\n<ul class=\"wp-block-list\">\n<li><strong>GEOSERVICIOS&nbsp;&nbsp;<\/strong><br>* Que es un Geoservicio <br>* Tipos de Servicios WFS,WMS <br>* Geoservicios Disponibles <br>* Arc Gis <br>* Erdas <br>* Falc\u00f3n view<\/li>\n\n\n\n<li><strong>GEO- PROCESOS&nbsp;&nbsp;<\/strong><br>* Representaci\u00f3n de Datos Geogr\u00e1ficos <br>* Edici\u00f3n de Datos <br>* Operaciones Espaciales <br>* Automatizaci\u00f3n de Geo Procesos<\/li>\n\n\n\n<li><strong>PERCEPCI\u00d3N REMOTA&nbsp;<\/strong> <br>* Definici\u00f3n y Concepto <br>* Tipos de sensores <br>* Procedimiento Digital de im\u00e1genes&nbsp;<\/li>\n<\/ul>\n<\/div>\n<\/div>\n\n\n\n<figure class=\"wp-block-video\"><video controls src=\"https:\/\/esici.edu.co\/wp-content\/uploads\/2023\/02\/Diplomado-SIG.mp4\"><\/video><\/figure>\n","protected":false},"excerpt":{"rendered":"<p>Informaci\u00f3n General T\u00edtulo que otorga:\u00a0Sistemas de Informaci\u00f3n Geogr\u00e1ficaModalidad:\u00a0Presencial. Lunes a Viernes de 18:00 a 21:00 hrsDuraci\u00f3n estimada:\u00a07 Semanas Valor:\u00a0$2\u2019678.500 Nivel:\u00a0ComplementarioContacto:\u00a0\u00a03142639342 \/ admisiones.esici@cedoc.edu.coLugar donde se oferta:\u00a0Bogot\u00e1 D.C., Colombia.*El valor corresponde al costo por periodo fijado para el a\u00f1o 2025. M\u00f3dulos<\/p>\n","protected":false},"author":1,"featured_media":0,"parent":0,"menu_order":0,"comment_status":"closed","ping_status":"closed","template":"","meta":{"_eb_attr":"","om_disable_all_campaigns":false,"_monsterinsights_skip_tracking":false,"_monsterinsights_sitenote_active":false,"_monsterinsights_sitenote_note":"","_monsterinsights_sitenote_category":0,"_uf_show_specific_survey":0,"_uf_disable_surveys":false,"footnotes":""},"class_list":["post-1067","page","type-page","status-publish","hentry"],"aioseo_notices":[],"_links":{"self":[{"href":"https:\/\/esici.edu.co\/index.php\/wp-json\/wp\/v2\/pages\/1067","targetHints":{"allow":["GET"]}}],"collection":[{"href":"https:\/\/esici.edu.co\/index.php\/wp-json\/wp\/v2\/pages"}],"about":[{"href":"https:\/\/esici.edu.co\/index.php\/wp-json\/wp\/v2\/types\/page"}],"author":[{"embeddable":true,"href":"https:\/\/esici.edu.co\/index.php\/wp-json\/wp\/v2\/users\/1"}],"replies":[{"embeddable":true,"href":"https:\/\/esici.edu.co\/index.php\/wp-json\/wp\/v2\/comments?post=1067"}],"version-history":[{"count":24,"href":"https:\/\/esici.edu.co\/index.php\/wp-json\/wp\/v2\/pages\/1067\/revisions"}],"predecessor-version":[{"id":4300,"href":"https:\/\/esici.edu.co\/index.php\/wp-json\/wp\/v2\/pages\/1067\/revisions\/4300"}],"wp:attachment":[{"href":"https:\/\/esici.edu.co\/index.php\/wp-json\/wp\/v2\/media?parent=1067"}],"curies":[{"name":"wp","href":"https:\/\/api.w.org\/{rel}","templated":true}]}}