{"id":1068,"date":"2021-09-16T16:58:08","date_gmt":"2021-09-16T16:58:08","guid":{"rendered":"https:\/\/esici.edu.co\/?page_id=1068"},"modified":"2026-02-02T19:28:00","modified_gmt":"2026-02-02T19:28:00","slug":"diplomado-proteccion-de-infraestructura-critica-y-activos-estrategicos","status":"publish","type":"page","link":"https:\/\/esici.edu.co\/index.php\/diplomado-proteccion-de-infraestructura-critica-y-activos-estrategicos\/","title":{"rendered":"Diplomado en Protecci\u00f3n de Infraestructura Cr\u00edtica y Activos Estrat\u00e9gicos"},"content":{"rendered":"<div class=\"wp-block-image\">\n<figure class=\"aligncenter size-large is-resized\"><img fetchpriority=\"high\" decoding=\"async\" width=\"703\" height=\"1024\" src=\"https:\/\/esici.edu.co\/wp-content\/uploads\/2025\/12\/Dip-prot-activ@3x-100-703x1024.jpg\" alt=\"\" class=\"wp-image-4204\" style=\"width:840px;height:auto\" srcset=\"https:\/\/esici.edu.co\/wp-content\/uploads\/2025\/12\/Dip-prot-activ@3x-100-703x1024.jpg 703w, https:\/\/esici.edu.co\/wp-content\/uploads\/2025\/12\/Dip-prot-activ@3x-100-206x300.jpg 206w, https:\/\/esici.edu.co\/wp-content\/uploads\/2025\/12\/Dip-prot-activ@3x-100-768x1118.jpg 768w, https:\/\/esici.edu.co\/wp-content\/uploads\/2025\/12\/Dip-prot-activ@3x-100-1055x1536.jpg 1055w, https:\/\/esici.edu.co\/wp-content\/uploads\/2025\/12\/Dip-prot-activ@3x-100-1407x2048.jpg 1407w, https:\/\/esici.edu.co\/wp-content\/uploads\/2025\/12\/Dip-prot-activ@3x-100-scaled.jpg 1759w\" sizes=\"(max-width: 703px) 100vw, 703px\" \/><\/figure><\/div>\n\n\n<div style=\"height:22px\" aria-hidden=\"true\" class=\"wp-block-spacer\"><\/div>\n\n\n\n<div class=\"wp-block-columns is-layout-flex wp-container-core-columns-is-layout-9d6595d7 wp-block-columns-is-layout-flex\">\n<div class=\"wp-block-column is-layout-flow wp-block-column-is-layout-flow\">\n<div class=\"wp-block-buttons is-content-justification-center is-layout-flex wp-container-core-buttons-is-layout-16018d1d wp-block-buttons-is-layout-flex\">\n<div class=\"wp-block-button is-style-outline is-style-outline--1\"><a class=\"wp-block-button__link has-white-color has-vivid-cyan-blue-background-color has-text-color has-background wp-element-button\" href=\"http:\/\/190.144.10.234:8080\/Karakum\/Control\/\" style=\"border-radius:63px\"><strong>Inscripci\u00f3n<\/strong><\/a><\/div>\n\n\n\n<div class=\"wp-block-button is-style-outline is-style-outline--2\"><a class=\"wp-block-button__link has-white-color has-vivid-cyan-blue-background-color has-text-color has-background wp-element-button\" href=\"https:\/\/www.zonapagos.com\/pagosn2\/LoginCliente\" style=\"border-radius:100px\"><strong>Pago en L\u00ednea<\/strong><\/a><\/div>\n<\/div>\n<\/div>\n<\/div>\n\n\n\n<div style=\"height:21px\" aria-hidden=\"true\" class=\"wp-block-spacer\"><\/div>\n\n\n\n<h2 class=\"wp-block-heading has-text-align-left\">Informaci\u00f3n General<\/h2>\n\n\n\n<p class=\"has-text-align-left\"><strong>T\u00edtulo que otorga:<\/strong>\u00a0Protecci\u00f3n de Infraestructura Cr\u00edtica y Activos Estrat\u00e9gicos<strong><br><strong>Modalidad:<\/strong>\u00a0<\/strong>Presencial. Lunes a Viernes de 18:00 a 21:00 hrs<strong><br><strong>Duraci\u00f3n estimada:<\/strong><\/strong>\u00a0120 horas<strong><br><strong>Valor:<\/strong>\u00a0<\/strong>$2&#8217;551.300 <strong><br><strong>Nivel:<\/strong>\u00a0<\/strong>Complementario<strong><br><strong>Contacto:<\/strong>\u00a0\u00a0<\/strong>3142639342 \/ admisiones.esici@cedoc.edu.co<strong><br><strong>Lugar donde se oferta:<\/strong><\/strong>\u00a0Bogot\u00e1 D.C., Colombia.<strong><br><em>*El valor corresponde al costo por periodo fijado para el a\u00f1o 2025.<\/em><\/strong><\/p>\n\n\n\n<div class=\"wp-block-columns is-layout-flex wp-container-core-columns-is-layout-9d6595d7 wp-block-columns-is-layout-flex\">\n<div class=\"wp-block-column is-layout-flow wp-block-column-is-layout-flow\">\n<h2 class=\"wp-block-heading\"><strong>Objetivo General<\/strong><\/h2>\n\n\n\n<p>Identificar y aplicar los conocimientos para la protecci\u00f3n de la Infraestructura Critica y Activos Estrat\u00e9gicos mediante la categorizaci\u00f3n y actualizaci\u00f3n de los sistemas de seguridad con el fin de determinar riesgos, medios, capacidades y oportunidades con que cuenta la amenaza para contrarrestar su accionar.<\/p>\n<\/div>\n\n\n\n<div class=\"wp-block-column is-layout-flow wp-block-column-is-layout-flow\">\n<h2 class=\"wp-block-heading\"><strong>Objetivos Espec\u00edficos<\/strong><\/h2>\n\n\n\n<ul class=\"wp-block-list\">\n<li>Identificar las generalidades en la protecci\u00f3n de la infraestructura cr\u00edtica y los activos estrat\u00e9gicos.<\/li>\n\n\n\n<li>Describir el contexto nacional e internacional sobre la protecci\u00f3n de la infraestructura cr\u00edtica.<\/li>\n\n\n\n<li>Identificar, organizar y categorizar la amenaza en la protecci\u00f3n de la infraestructura y los activos estrat\u00e9gicos mediante el an\u00e1lisis de riesgos.<\/li>\n\n\n\n<li>Distinguir y aplicar las medidas de seguridad de la informaci\u00f3n en la protecci\u00f3n de la infraestructura y los activos estrat\u00e9gicos mediante sistemas actuales haciendo uso de las \u00faltimas tecnolog\u00edas.&nbsp; &nbsp;<\/li>\n\n\n\n<li>Considerar las normas de calidad como fundamento para la seguridad aplicada en la auditoria de la protecci\u00f3n de la infraestructura y los activos estrat\u00e9gicos.<\/li>\n<\/ul>\n<\/div>\n<\/div>\n","protected":false},"excerpt":{"rendered":"<p>Informaci\u00f3n General T\u00edtulo que otorga:\u00a0Protecci\u00f3n de Infraestructura Cr\u00edtica y Activos Estrat\u00e9gicosModalidad:\u00a0Presencial. Lunes a Viernes de 18:00 a 21:00 hrsDuraci\u00f3n estimada:\u00a0120 horasValor:\u00a0$2&#8217;551.300 Nivel:\u00a0ComplementarioContacto:\u00a0\u00a03142639342 \/ admisiones.esici@cedoc.edu.coLugar donde se oferta:\u00a0Bogot\u00e1 D.C., Colombia.*El valor corresponde al costo por periodo fijado para el a\u00f1o 2025. Objetivo General Identificar y aplicar los conocimientos para la protecci\u00f3n de la Infraestructura Critica y [&hellip;]<\/p>\n","protected":false},"author":1,"featured_media":0,"parent":0,"menu_order":0,"comment_status":"closed","ping_status":"closed","template":"","meta":{"_eb_attr":"","om_disable_all_campaigns":false,"_monsterinsights_skip_tracking":false,"_monsterinsights_sitenote_active":false,"_monsterinsights_sitenote_note":"","_monsterinsights_sitenote_category":0,"_uf_show_specific_survey":0,"_uf_disable_surveys":false,"footnotes":""},"class_list":["post-1068","page","type-page","status-publish","hentry"],"aioseo_notices":[],"_links":{"self":[{"href":"https:\/\/esici.edu.co\/index.php\/wp-json\/wp\/v2\/pages\/1068","targetHints":{"allow":["GET"]}}],"collection":[{"href":"https:\/\/esici.edu.co\/index.php\/wp-json\/wp\/v2\/pages"}],"about":[{"href":"https:\/\/esici.edu.co\/index.php\/wp-json\/wp\/v2\/types\/page"}],"author":[{"embeddable":true,"href":"https:\/\/esici.edu.co\/index.php\/wp-json\/wp\/v2\/users\/1"}],"replies":[{"embeddable":true,"href":"https:\/\/esici.edu.co\/index.php\/wp-json\/wp\/v2\/comments?post=1068"}],"version-history":[{"count":21,"href":"https:\/\/esici.edu.co\/index.php\/wp-json\/wp\/v2\/pages\/1068\/revisions"}],"predecessor-version":[{"id":4252,"href":"https:\/\/esici.edu.co\/index.php\/wp-json\/wp\/v2\/pages\/1068\/revisions\/4252"}],"wp:attachment":[{"href":"https:\/\/esici.edu.co\/index.php\/wp-json\/wp\/v2\/media?parent=1068"}],"curies":[{"name":"wp","href":"https:\/\/api.w.org\/{rel}","templated":true}]}}