{"id":1086,"date":"2021-09-16T19:50:00","date_gmt":"2021-09-16T19:50:00","guid":{"rendered":"https:\/\/esici.edu.co\/?page_id=1086"},"modified":"2026-02-02T19:28:23","modified_gmt":"2026-02-02T19:28:23","slug":"diplomado-en-alta-direccion-en-seguridad-y-prevencion-de-riesgos","status":"publish","type":"page","link":"https:\/\/esici.edu.co\/index.php\/diplomado-en-alta-direccion-en-seguridad-y-prevencion-de-riesgos\/","title":{"rendered":"Diplomado en Alta Direcci\u00f3n en Seguridad y Prevenci\u00f3n de Riesgos"},"content":{"rendered":"<div class=\"wp-block-image\">\n<figure class=\"aligncenter size-large is-resized\"><img fetchpriority=\"high\" decoding=\"async\" width=\"703\" height=\"1024\" src=\"https:\/\/esici.edu.co\/wp-content\/uploads\/2025\/12\/Dip-Alta-direccion@3x-100-703x1024.jpg\" alt=\"\" class=\"wp-image-4202\" style=\"width:840px;height:auto\" srcset=\"https:\/\/esici.edu.co\/wp-content\/uploads\/2025\/12\/Dip-Alta-direccion@3x-100-703x1024.jpg 703w, https:\/\/esici.edu.co\/wp-content\/uploads\/2025\/12\/Dip-Alta-direccion@3x-100-206x300.jpg 206w, https:\/\/esici.edu.co\/wp-content\/uploads\/2025\/12\/Dip-Alta-direccion@3x-100-768x1118.jpg 768w, https:\/\/esici.edu.co\/wp-content\/uploads\/2025\/12\/Dip-Alta-direccion@3x-100-1055x1536.jpg 1055w, https:\/\/esici.edu.co\/wp-content\/uploads\/2025\/12\/Dip-Alta-direccion@3x-100-1407x2048.jpg 1407w, https:\/\/esici.edu.co\/wp-content\/uploads\/2025\/12\/Dip-Alta-direccion@3x-100-scaled.jpg 1759w\" sizes=\"(max-width: 703px) 100vw, 703px\" \/><\/figure><\/div>\n\n\n<div style=\"height:36px\" aria-hidden=\"true\" class=\"wp-block-spacer\"><\/div>\n\n\n\n<div class=\"wp-block-columns is-layout-flex wp-container-core-columns-is-layout-9d6595d7 wp-block-columns-is-layout-flex\">\n<div class=\"wp-block-column is-layout-flow wp-block-column-is-layout-flow\">\n<div class=\"wp-block-buttons is-content-justification-center is-layout-flex wp-container-core-buttons-is-layout-16018d1d wp-block-buttons-is-layout-flex\">\n<div class=\"wp-block-button is-style-outline is-style-outline--1\"><a class=\"wp-block-button__link has-white-color has-vivid-cyan-blue-background-color has-text-color has-background wp-element-button\" href=\"http:\/\/190.144.10.234:8080\/Karakum\/Control\/\" style=\"border-radius:54px\"><strong>Inscripci\u00f3n<\/strong><\/a><\/div>\n\n\n\n<div class=\"wp-block-button is-style-outline is-style-outline--2\"><a class=\"wp-block-button__link has-white-color has-vivid-cyan-blue-background-color has-text-color has-background wp-element-button\" href=\"https:\/\/www.zonapagos.com\/pagosn2\/LoginCliente\" style=\"border-radius:83px\"><strong>Pago en L\u00ednea<\/strong><\/a><\/div>\n<\/div>\n<\/div>\n<\/div>\n\n\n\n<div style=\"height:36px\" aria-hidden=\"true\" class=\"wp-block-spacer\"><\/div>\n\n\n\n<h2 class=\"wp-block-heading has-text-align-left\">Informaci\u00f3n General<\/h2>\n\n\n\n<p class=\"has-text-align-left\"><strong>T\u00edtulo que otorga:<\/strong>\u00a0Alta Direcci\u00f3n en Seguridad y Prevenci\u00f3n de Riesgos<strong><br>Modalidad:\u00a0<\/strong>Virtual. Tutorado<strong><br>Duraci\u00f3n estimada:<\/strong>\u00a0120 horas<strong><br>Valor:\u00a0<\/strong>$1\u2019703.800<strong><br>Nivel:\u00a0<\/strong>Complementario<strong><br>Contacto:\u00a0\u00a0<\/strong>3142639342 \/ admisiones.esici@cedoc.edu.co<strong><br>Lugar donde se oferta:<\/strong>\u00a0Bogot\u00e1 D.C., Colombia.<strong><br><em>*El valor corresponde al costo por periodo fijado para el a\u00f1o 2025.<\/em><\/strong><\/p>\n\n\n\n<div style=\"height:50px\" aria-hidden=\"true\" class=\"wp-block-spacer\"><\/div>\n\n\n\n<div class=\"wp-block-columns is-layout-flex wp-container-core-columns-is-layout-9d6595d7 wp-block-columns-is-layout-flex\">\n<div class=\"wp-block-column is-layout-flow wp-block-column-is-layout-flow\">\n<h2 class=\"wp-block-heading\"><strong>Objetivo General<\/strong><\/h2>\n\n\n\n<p>Busca capacitar y formar profesionales con capacidad de enfrentarse a problemas de seguridad en el orden territorial, identificando y aplicando las herramientas que permitan garantizar la seguridad y darle tratamiento a los riesgos que se generen de las diferentes amenazas a las que se enfrentan las organizaciones.<\/p>\n<\/div>\n\n\n\n<div class=\"wp-block-column is-layout-flow wp-block-column-is-layout-flow\">\n<h2 class=\"wp-block-heading\"><strong>Objetivos Espec\u00edficos<\/strong><\/h2>\n\n\n\n<ul class=\"wp-block-list\">\n<li>Proporcionar la informaci\u00f3n necesaria para responder por el&nbsp; proceso general de la seguridad.<\/li>\n\n\n\n<li>Articular el uso de est\u00e1ndares internacionales de seguridad en el logro de los objetivos corporativos.<\/li>\n\n\n\n<li>Ense\u00f1ar la estructura del sistema general de la seguridad y la manera de administrarlo sin dejar \u00e1reas desprotegidas o vulnerables.<\/li>\n\n\n\n<li>Mostrar m\u00e9todos de an\u00e1lisis de riesgos con Standard International, aplicable a cualquier tipo de organizaci\u00f3n.<\/li>\n\n\n\n<li>Proveer herramientas administrativas para mantener una seguridad confiable para las empresas y los involucrados en los procesos regulares.<\/li>\n<\/ul>\n<\/div>\n<\/div>\n","protected":false},"excerpt":{"rendered":"<p>Informaci\u00f3n General T\u00edtulo que otorga:\u00a0Alta Direcci\u00f3n en Seguridad y Prevenci\u00f3n de RiesgosModalidad:\u00a0Virtual. TutoradoDuraci\u00f3n estimada:\u00a0120 horasValor:\u00a0$1\u2019703.800Nivel:\u00a0ComplementarioContacto:\u00a0\u00a03142639342 \/ admisiones.esici@cedoc.edu.coLugar donde se oferta:\u00a0Bogot\u00e1 D.C., Colombia.*El valor corresponde al costo por periodo fijado para el a\u00f1o 2025. Objetivo General Busca capacitar y formar profesionales con capacidad de enfrentarse a problemas de seguridad en el orden territorial, identificando y aplicando [&hellip;]<\/p>\n","protected":false},"author":1,"featured_media":0,"parent":0,"menu_order":0,"comment_status":"closed","ping_status":"closed","template":"","meta":{"_eb_attr":"","om_disable_all_campaigns":false,"_monsterinsights_skip_tracking":false,"_monsterinsights_sitenote_active":false,"_monsterinsights_sitenote_note":"","_monsterinsights_sitenote_category":0,"_uf_show_specific_survey":0,"_uf_disable_surveys":false,"footnotes":""},"class_list":["post-1086","page","type-page","status-publish","hentry"],"aioseo_notices":[],"_links":{"self":[{"href":"https:\/\/esici.edu.co\/index.php\/wp-json\/wp\/v2\/pages\/1086","targetHints":{"allow":["GET"]}}],"collection":[{"href":"https:\/\/esici.edu.co\/index.php\/wp-json\/wp\/v2\/pages"}],"about":[{"href":"https:\/\/esici.edu.co\/index.php\/wp-json\/wp\/v2\/types\/page"}],"author":[{"embeddable":true,"href":"https:\/\/esici.edu.co\/index.php\/wp-json\/wp\/v2\/users\/1"}],"replies":[{"embeddable":true,"href":"https:\/\/esici.edu.co\/index.php\/wp-json\/wp\/v2\/comments?post=1086"}],"version-history":[{"count":14,"href":"https:\/\/esici.edu.co\/index.php\/wp-json\/wp\/v2\/pages\/1086\/revisions"}],"predecessor-version":[{"id":4253,"href":"https:\/\/esici.edu.co\/index.php\/wp-json\/wp\/v2\/pages\/1086\/revisions\/4253"}],"wp:attachment":[{"href":"https:\/\/esici.edu.co\/index.php\/wp-json\/wp\/v2\/media?parent=1086"}],"curies":[{"name":"wp","href":"https:\/\/api.w.org\/{rel}","templated":true}]}}