{"id":112,"date":"2021-05-10T20:17:16","date_gmt":"2021-05-10T20:17:16","guid":{"rendered":"https:\/\/esici.edu.co\/?page_id=112"},"modified":"2025-12-02T21:12:53","modified_gmt":"2025-12-02T21:12:53","slug":"maestria","status":"publish","type":"page","link":"https:\/\/esici.edu.co\/index.php\/maestria\/","title":{"rendered":"Maestr\u00eda en Inteligencia Estrat\u00e9gica"},"content":{"rendered":"\n<div style=\"height:37px\" aria-hidden=\"true\" class=\"wp-block-spacer\"><\/div>\n\n\n\n<figure class=\"wp-block-gallery has-nested-images columns-default is-cropped wp-block-gallery-1 is-layout-flex wp-block-gallery-is-layout-flex\">\n<figure class=\"wp-block-image size-large\"><img fetchpriority=\"high\" decoding=\"async\" width=\"1024\" height=\"576\" data-id=\"4194\" src=\"https:\/\/esici.edu.co\/wp-content\/uploads\/2025\/12\/Banner-esici-maestria-1-1024x576.png\" alt=\"\" class=\"wp-image-4194\" srcset=\"https:\/\/esici.edu.co\/wp-content\/uploads\/2025\/12\/Banner-esici-maestria-1-1024x576.png 1024w, https:\/\/esici.edu.co\/wp-content\/uploads\/2025\/12\/Banner-esici-maestria-1-300x169.png 300w, https:\/\/esici.edu.co\/wp-content\/uploads\/2025\/12\/Banner-esici-maestria-1-768x432.png 768w, https:\/\/esici.edu.co\/wp-content\/uploads\/2025\/12\/Banner-esici-maestria-1-1536x864.png 1536w, https:\/\/esici.edu.co\/wp-content\/uploads\/2025\/12\/Banner-esici-maestria-1-2048x1152.png 2048w\" sizes=\"(max-width: 1024px) 100vw, 1024px\" \/><\/figure>\n<\/figure>\n\n\n\n<div class=\"wp-block-buttons is-content-justification-center is-layout-flex wp-container-core-buttons-is-layout-16018d1d wp-block-buttons-is-layout-flex\">\n<div class=\"wp-block-button is-style-outline is-style-outline--2\"><a class=\"wp-block-button__link has-white-color has-vivid-cyan-blue-background-color has-text-color has-background wp-element-button\" href=\"https:\/\/esici.edu.co\/wp-content\/uploads\/2021\/08\/PERFIL-DE-LA-MAESTRIA.pdf\" style=\"border-radius:41px\" target=\"_blank\" rel=\"noreferrer noopener\">Quiero m\u00e1s informaci\u00f3n<\/a><\/div>\n\n\n\n<div class=\"wp-block-button is-style-outline is-style-outline--3\"><a class=\"wp-block-button__link has-white-color has-vivid-cyan-blue-background-color has-text-color has-background wp-element-button\" href=\"https:\/\/esici.edu.co\/index.php\/inscripcion-maestria-inteligencia-estrategica\/\" style=\"border-radius:33px\" target=\"_blank\" rel=\"noreferrer noopener\">Inscripci\u00f3n<\/a><\/div>\n\n\n\n<div class=\"wp-block-button is-style-outline is-style-outline--4\"><a class=\"wp-block-button__link has-white-color has-vivid-cyan-blue-background-color has-text-color has-background wp-element-button\" href=\"https:\/\/www.zonapagos.com\/pagosn2\/LoginCliente\" style=\"border-radius:51px\" target=\"_blank\" rel=\"noreferrer noopener\">Pago en L\u00ednea<\/a><\/div>\n\n\n\n<div class=\"wp-block-button is-style-outline is-style-outline--5\"><a class=\"wp-block-button__link has-white-color has-vivid-cyan-blue-background-color has-text-color has-background wp-element-button\" href=\"https:\/\/acrobat.adobe.com\/id\/urn:aaid:sc:VA6C2:8d8f2283-9fef-41da-a2ef-a3113716d94c\" style=\"border-radius:43px\">Registro Calificado<\/a><\/div>\n<\/div>\n\n\n\n<div style=\"height:40px\" aria-hidden=\"true\" class=\"wp-block-spacer\"><\/div>\n\n\n\n<h2 class=\"wp-block-heading has-text-align-left has-black-color has-text-color\">Informaci\u00f3n General<\/h2>\n\n\n\n<p class=\"has-text-align-left\" style=\"font-size:17px\"><strong>T\u00edtulo que otorga:<\/strong> Magister en Inteligencia Estrat\u00e9gica<\/p>\n\n\n\n<p class=\"has-text-align-left\" style=\"font-size:17px\"><br><strong>Modalidad:<\/strong> Presencial. Viernes de 18:00 a 22:00 hrs y S\u00e1bados de 07:00 a 13:00 hrs<\/p>\n\n\n\n<p class=\"has-text-align-left\" style=\"font-size:17px\"><br><strong>Duraci\u00f3n estimada:<\/strong> Dos (2) a\u00f1os<\/p>\n\n\n\n<p class=\"has-text-align-left\" style=\"font-size:17px\"><br><strong>Resoluci\u00f3n de registro calificado:<\/strong> C\u00f3digo SNIES 102582<\/p>\n\n\n\n<p class=\"has-text-align-left\" style=\"font-size:17px\"><br><strong>Valor de la matr\u00edcula:<\/strong> $8&#8217;916.400 \/ Semestre*<\/p>\n\n\n\n<p class=\"has-text-align-left\" style=\"font-size:17px\"><br><strong>Tipo de formaci\u00f3n:<\/strong> Posgrado<\/p>\n\n\n\n<p class=\"has-text-align-left\" style=\"font-size:17px\"><br><strong>Contacto:<\/strong> inteligenciaestrategica.esici@cedoc.edu.co<\/p>\n\n\n\n<p class=\"has-text-align-left\" style=\"font-size:17px\"><br><strong>Lugar donde se oferta:<\/strong> Bogot\u00e1 D.C., Colombia.<\/p>\n\n\n\n<p class=\"has-text-align-left\" style=\"font-size:17px\"><\/p>\n\n\n\n<div style=\"height:29px\" aria-hidden=\"true\" class=\"wp-block-spacer\"><\/div>\n\n\n\n<figure class=\"wp-block-video\"><video controls loop preload=\"auto\" src=\"https:\/\/esici.edu.co\/wp-content\/uploads\/2025\/12\/WhatsApp-Video-2025-12-02-at-10.52.45-AM.mp4\"><\/video><\/figure>\n\n\n\n<hr class=\"wp-block-separator has-css-opacity\"\/>\n\n\n\n<h2 class=\"wp-block-heading has-text-align-center\"><strong>Plan de Estudios<\/strong><\/h2>\n\n\n\n<div class=\"wp-block-columns is-layout-flex wp-container-core-columns-is-layout-9d6595d7 wp-block-columns-is-layout-flex\">\n<div class=\"wp-block-column is-layout-flow wp-block-column-is-layout-flow\">\n<p class=\"has-text-align-center\"><strong>Primer semestre<\/strong><\/p>\n\n\n\n<ul class=\"wp-block-list\">\n<li>Teor\u00eda de la guerra<\/li>\n<\/ul>\n\n\n\n<ul class=\"wp-block-list\">\n<li>Fundamentos de la inteligencia estrat\u00e9gica<\/li>\n<\/ul>\n\n\n\n<ul class=\"wp-block-list\">\n<li>Geopol\u00edtica y geoestrategia<\/li>\n<\/ul>\n\n\n\n<ul class=\"wp-block-list\">\n<li>Teor\u00eda del poder, ideolog\u00eda y legitimidad<\/li>\n<\/ul>\n\n\n\n<ul class=\"wp-block-list\">\n<li>Teor\u00eda de riesgos y de juegos<\/li>\n<\/ul>\n\n\n\n<p><\/p>\n\n\n\n<p class=\"has-text-align-center\"><strong>Segundo semestre<\/strong><\/p>\n\n\n\n<ul class=\"wp-block-list\">\n<li>M\u00e9todos de investigaci\u00f3n en ciencias sociales y econ\u00f3micas<\/li>\n<\/ul>\n\n\n\n<ul class=\"wp-block-list\">\n<li>Sistemas de defensa comparados<\/li>\n<\/ul>\n\n\n\n<ul class=\"wp-block-list\">\n<li>Ciber inteligencia<\/li>\n<\/ul>\n\n\n\n<ul class=\"wp-block-list\">\n<li>Amenazas h\u00edbridas<\/li>\n<\/ul>\n\n\n\n<ul class=\"wp-block-list\">\n<li>Sistemas pol\u00edticos y sociales comparados<\/li>\n<\/ul>\n\n\n\n<ul class=\"wp-block-list\">\n<li>Econom\u00eda pol\u00edtica contempor\u00e1nea<\/li>\n<\/ul>\n\n\n\n<p><\/p>\n<\/div>\n\n\n\n<div class=\"wp-block-column is-layout-flow wp-block-column-is-layout-flow\">\n<p class=\"has-text-align-center\"><strong>Tercer semestre<\/strong><\/p>\n\n\n\n<ul class=\"wp-block-list\">\n<li>Electivas I: Estrategia \/ Rusia<\/li>\n<\/ul>\n\n\n\n<ul class=\"wp-block-list\">\n<li>Sistemas de Inteligencia comparados<\/li>\n<\/ul>\n\n\n\n<ul class=\"wp-block-list\">\n<li>Trabajo de investigaci\u00f3n I<\/li>\n<\/ul>\n\n\n\n<ul class=\"wp-block-list\">\n<li>Seguridad internacional<\/li>\n<\/ul>\n\n\n\n<ul class=\"wp-block-list\">\n<li>Valoraci\u00f3n de riesgos financieros<\/li>\n<\/ul>\n\n\n\n<p><\/p>\n\n\n\n<p class=\"has-text-align-center\"><strong>Cuarto semestre<\/strong><\/p>\n\n\n\n<ul class=\"wp-block-list\">\n<li>Operaciones de Inteligencia multinivel<\/li>\n<\/ul>\n\n\n\n<ul class=\"wp-block-list\">\n<li>Trabajo de investigaci\u00f3n II<\/li>\n<\/ul>\n\n\n\n<ul class=\"wp-block-list\">\n<li>Visi\u00f3n estrat\u00e9gica mundial y sistema internacional<\/li>\n<\/ul>\n\n\n\n<ul class=\"wp-block-list\">\n<li>Inteligencia corporativa<\/li>\n<\/ul>\n\n\n\n<ul class=\"wp-block-list\">\n<li>Electivas II: Inteligencia artificial \/ China<\/li>\n<\/ul>\n<\/div>\n<\/div>\n\n\n\n<div class=\"wp-block-columns is-layout-flex wp-container-core-columns-is-layout-9d6595d7 wp-block-columns-is-layout-flex\">\n<div class=\"wp-block-column is-layout-flow wp-block-column-is-layout-flow\">\n<h3 class=\"wp-block-heading\"><strong>COMPETENCIAS A DESARROLLAR EN EL PROGRAMA<\/strong><\/h3>\n\n\n\n<ol style=\"font-size:17px;list-style-type:1\" class=\"wp-block-list\">\n<li>Formula y desarrolla planes y protocolos dirigidos a los campos de la inteligencia estrat\u00e9gica en el Estado y empresas privadas, entendiendo la globalizaci\u00f3n e internacionalizaci\u00f3n econ\u00f3mica.<\/li>\n\n\n\n<li>Aplica t\u00e9cnicas, procedimientos, m\u00e9todos y herramientas pertinentes para los procedimientos de an\u00e1lisis en la toma de decisiones, involucrando contextos y riesgos.<\/li>\n\n\n\n<li>Aplica y desarrolla condiciones de pensamiento cr\u00edtico y complejo.<\/li>\n\n\n\n<li>Proyecta, interpreta, analiza, argumenta, propone y define una iniciativa prospectiva en sus campos de trabajo desde el uso de la informaci\u00f3n disponibles.<br>Analiza los contextos, los riegos y la informaci\u00f3n con el fin de generar productos con contenidos de alto valor.<\/li>\n\n\n\n<li>Genera condiciones de adaptabilidad, decisi\u00f3n y acci\u00f3n en el marco de escenarios m\u00faltiples, con entornos de presi\u00f3n o riesgo, considerando la necesaria inter y transdisciplinariedad para la toma de decisiones.<\/li>\n<\/ol>\n<\/div>\n\n\n\n<div class=\"wp-block-column is-layout-flow wp-block-column-is-layout-flow\">\n<h3 class=\"wp-block-heading\"><strong>PERFIL DEL EGRESADO<\/strong><\/h3>\n\n\n\n<p style=\"font-size:17px\">El Magister en Inteligencia Estrat\u00e9gica es un profesional que:<\/p>\n\n\n\n<ul style=\"font-size:17px\" id=\"block-2d1d7db7-3241-4d30-95fc-ad4e4a7ec672\" class=\"wp-block-list\">\n<li>Determina la viabilidad de solucionar cient\u00edficamente un problema complejo.<\/li>\n\n\n\n<li>A\u00edsla los componentes de complejidad de los problemas y observa su relaci\u00f3n transversal.<\/li>\n\n\n\n<li>Modela soluciones a cualquier tipo de problema.<\/li>\n\n\n\n<li>Eval\u00faa el impacto de las soluciones sobre la sociedad.<\/li>\n\n\n\n<li>Converge sobre las \u00f3pticas del an\u00e1lisis estrat\u00e9gico desde la informaci\u00f3n que tiene.<\/li>\n\n\n\n<li>Respeta todos los principios o directrices de comportamiento de la \u00e9tica profesional.<\/li>\n\n\n\n<li>Identifica en tiempo real y a futuro amenazas, vulnerabilidades y oportunidades del Estado y las instituciones privadas.<\/li>\n\n\n\n<li>Dise\u00f1a, desarrolla y promueve el an\u00e1lisis estrat\u00e9gico, habilidades para el trabajo interagencial y soluciones innovadoras que permiten gerenciar los servicios de inteligencia para construir escenarios prospectivos en cualquier \u00e1rea.<\/li>\n<\/ul>\n<\/div>\n<\/div>\n\n\n\n<p><\/p>\n","protected":false},"excerpt":{"rendered":"<p>Informaci\u00f3n General T\u00edtulo que otorga: Magister en Inteligencia Estrat\u00e9gica Modalidad: Presencial. Viernes de 18:00 a 22:00 hrs y S\u00e1bados de 07:00 a 13:00 hrs Duraci\u00f3n estimada: Dos (2) a\u00f1os Resoluci\u00f3n de registro calificado: C\u00f3digo SNIES 102582 Valor de la matr\u00edcula: $8&#8217;916.400 \/ Semestre* Tipo de formaci\u00f3n: Posgrado Contacto: inteligenciaestrategica.esici@cedoc.edu.co Lugar donde se oferta: Bogot\u00e1 D.C., [&hellip;]<\/p>\n","protected":false},"author":1,"featured_media":0,"parent":0,"menu_order":0,"comment_status":"closed","ping_status":"closed","template":"","meta":{"_eb_attr":"","om_disable_all_campaigns":false,"_monsterinsights_skip_tracking":false,"_monsterinsights_sitenote_active":false,"_monsterinsights_sitenote_note":"","_monsterinsights_sitenote_category":0,"_uf_show_specific_survey":0,"_uf_disable_surveys":false,"footnotes":""},"class_list":["post-112","page","type-page","status-publish","hentry"],"aioseo_notices":[],"_links":{"self":[{"href":"https:\/\/esici.edu.co\/index.php\/wp-json\/wp\/v2\/pages\/112","targetHints":{"allow":["GET"]}}],"collection":[{"href":"https:\/\/esici.edu.co\/index.php\/wp-json\/wp\/v2\/pages"}],"about":[{"href":"https:\/\/esici.edu.co\/index.php\/wp-json\/wp\/v2\/types\/page"}],"author":[{"embeddable":true,"href":"https:\/\/esici.edu.co\/index.php\/wp-json\/wp\/v2\/users\/1"}],"replies":[{"embeddable":true,"href":"https:\/\/esici.edu.co\/index.php\/wp-json\/wp\/v2\/comments?post=112"}],"version-history":[{"count":67,"href":"https:\/\/esici.edu.co\/index.php\/wp-json\/wp\/v2\/pages\/112\/revisions"}],"predecessor-version":[{"id":4197,"href":"https:\/\/esici.edu.co\/index.php\/wp-json\/wp\/v2\/pages\/112\/revisions\/4197"}],"wp:attachment":[{"href":"https:\/\/esici.edu.co\/index.php\/wp-json\/wp\/v2\/media?parent=112"}],"curies":[{"name":"wp","href":"https:\/\/api.w.org\/{rel}","templated":true}]}}