{"id":126,"date":"2021-05-10T21:41:44","date_gmt":"2021-05-10T21:41:44","guid":{"rendered":"https:\/\/esici.edu.co\/?page_id=126"},"modified":"2026-03-12T18:21:01","modified_gmt":"2026-03-12T18:21:01","slug":"posgrados","status":"publish","type":"page","link":"https:\/\/esici.edu.co\/index.php\/posgrados\/","title":{"rendered":"POSGRADOS"},"content":{"rendered":"\n<div class=\"wp-block-media-text alignwide is-stacked-on-mobile is-vertically-aligned-center\"><figure class=\"wp-block-media-text__media\"><a href=\"https:\/\/esici.edu.co\/index.php\/maestria\/\"><img fetchpriority=\"high\" decoding=\"async\" width=\"1024\" height=\"427\" src=\"https:\/\/esici.edu.co\/wp-content\/uploads\/2026\/03\/Prueba-banner-maestria@3x-1024x427.png\" alt=\"\" class=\"wp-image-4332 size-full\" srcset=\"https:\/\/esici.edu.co\/wp-content\/uploads\/2026\/03\/Prueba-banner-maestria@3x-1024x427.png 1024w, https:\/\/esici.edu.co\/wp-content\/uploads\/2026\/03\/Prueba-banner-maestria@3x-300x125.png 300w, https:\/\/esici.edu.co\/wp-content\/uploads\/2026\/03\/Prueba-banner-maestria@3x-768x320.png 768w, https:\/\/esici.edu.co\/wp-content\/uploads\/2026\/03\/Prueba-banner-maestria@3x-1536x641.png 1536w, https:\/\/esici.edu.co\/wp-content\/uploads\/2026\/03\/Prueba-banner-maestria@3x-2048x854.png 2048w\" sizes=\"(max-width: 1024px) 100vw, 1024px\" \/><\/a><\/figure><div class=\"wp-block-media-text__content\">\n<h2 class=\"wp-block-heading alignfull has-text-align-left\">Maestr\u00eda Inteligencia Estrat\u00e9gica.<\/h2>\n\n\n\n<p style=\"font-size:14px\">La Maestr\u00eda en Inteligencia Estrat\u00e9gica tiene como misi\u00f3n formar profesionales de cualquier \u00e1rea del conocimiento, en la especialidad de Inteligencia Estrat\u00e9gica, con el fin de liderar procesos organizacionales a partir de competencias espec\u00edficas y t\u00e9cnicas de la Inteligencia, producci\u00f3n de escenarios prospectivos desde el conocimiento y metodolog\u00edas innovadoras.<\/p>\n\n\n\n<div class=\"wp-block-buttons is-content-justification-center is-layout-flex wp-container-core-buttons-is-layout-16018d1d wp-block-buttons-is-layout-flex\">\n<div class=\"wp-block-button is-style-outline is-style-outline--1\"><a class=\"wp-block-button__link has-white-color has-vivid-cyan-blue-background-color has-text-color has-background wp-element-button\" href=\"https:\/\/esici.edu.co\/index.php\/maestria\/\" style=\"border-radius:100px\"><strong>Me interesa<\/strong><\/a><\/div>\n<\/div>\n<\/div><\/div>\n\n\n\n<div style=\"height:65px\" aria-hidden=\"true\" class=\"wp-block-spacer\"><\/div>\n\n\n\n<div class=\"wp-block-media-text alignwide has-media-on-the-right is-stacked-on-mobile\"><div class=\"wp-block-media-text__content\">\n<h2 class=\"wp-block-heading has-text-align-left\">Especializaci\u00f3n Profesional en Seguridad Integral y An\u00e1lisis de Riesgos.<\/h2>\n\n\n\n<p style=\"font-size:14px\">El oficial de la especializaci\u00f3n de seguridad Integral y An\u00e1lisis de Riesgos son l\u00edderes comandantes de las diferentes redes de contrainteligencia, con s\u00f3lidas competencias profesionales, investigativas y socio human\u00edsticas, as\u00ed como con un profundo compromiso ciudadano y vocaci\u00f3n de servicio para el desempe\u00f1o de su profesi\u00f3n en el contexto de contrainteligencia.<\/p>\n\n\n\n<div class=\"wp-block-buttons is-content-justification-center is-layout-flex wp-container-core-buttons-is-layout-16018d1d wp-block-buttons-is-layout-flex\">\n<div class=\"wp-block-button\"><a class=\"wp-block-button__link has-vivid-cyan-blue-background-color has-background wp-element-button\" href=\"https:\/\/esici.edu.co\/index.php\/especializacion-profesional-en-seguridad-integral-y-analisis-de-riesgos\/\"><strong>Me interesa<\/strong><\/a><\/div>\n<\/div>\n<\/div><figure class=\"wp-block-media-text__media\"><a href=\"https:\/\/esici.edu.co\/index.php\/especializacion-profesional-en-seguridad-integral-y-analisis-de-riesgos\/\"><img decoding=\"async\" width=\"1024\" height=\"427\" src=\"https:\/\/esici.edu.co\/wp-content\/uploads\/2026\/03\/Mesa-de-trabajo-2@3x-1024x427.png\" alt=\"\" class=\"wp-image-4333 size-full\" srcset=\"https:\/\/esici.edu.co\/wp-content\/uploads\/2026\/03\/Mesa-de-trabajo-2@3x-1024x427.png 1024w, https:\/\/esici.edu.co\/wp-content\/uploads\/2026\/03\/Mesa-de-trabajo-2@3x-300x125.png 300w, https:\/\/esici.edu.co\/wp-content\/uploads\/2026\/03\/Mesa-de-trabajo-2@3x-768x320.png 768w, https:\/\/esici.edu.co\/wp-content\/uploads\/2026\/03\/Mesa-de-trabajo-2@3x-1536x641.png 1536w, https:\/\/esici.edu.co\/wp-content\/uploads\/2026\/03\/Mesa-de-trabajo-2@3x-2048x854.png 2048w\" sizes=\"(max-width: 1024px) 100vw, 1024px\" \/><\/a><\/figure><\/div>\n\n\n\n<div style=\"height:63px\" aria-hidden=\"true\" class=\"wp-block-spacer\"><\/div>\n\n\n\n<div class=\"wp-block-media-text alignwide is-stacked-on-mobile\" style=\"grid-template-columns:51% auto\"><figure class=\"wp-block-media-text__media\"><a href=\"https:\/\/esici.edu.co\/index.php\/especializacion-profesional-en-investigacion-e-informacion-electronica\/\"><img decoding=\"async\" width=\"1024\" height=\"427\" src=\"https:\/\/esici.edu.co\/wp-content\/uploads\/2026\/03\/Mesa-de-trabajo-4@3x-1024x427.png\" alt=\"\" class=\"wp-image-4334 size-full\" srcset=\"https:\/\/esici.edu.co\/wp-content\/uploads\/2026\/03\/Mesa-de-trabajo-4@3x-1024x427.png 1024w, https:\/\/esici.edu.co\/wp-content\/uploads\/2026\/03\/Mesa-de-trabajo-4@3x-300x125.png 300w, https:\/\/esici.edu.co\/wp-content\/uploads\/2026\/03\/Mesa-de-trabajo-4@3x-768x320.png 768w, https:\/\/esici.edu.co\/wp-content\/uploads\/2026\/03\/Mesa-de-trabajo-4@3x-1536x641.png 1536w, https:\/\/esici.edu.co\/wp-content\/uploads\/2026\/03\/Mesa-de-trabajo-4@3x-2048x854.png 2048w\" sizes=\"(max-width: 1024px) 100vw, 1024px\" \/><\/a><\/figure><div class=\"wp-block-media-text__content\">\n<h2 class=\"wp-block-heading has-text-align-left\">Especializaci\u00f3n Profesional en Investigaci\u00f3n e Informaci\u00f3n Electr\u00f3nica.<\/h2>\n\n\n\n<p style=\"font-size:15px\">El posgrado de especializaci\u00f3n profesional en Investigaci\u00f3n e Informaci\u00f3n Electr\u00f3nica capacita al personal de las Fuerzas Militares de manera id\u00f3nea en medios t\u00e9cnicos y electr\u00f3nicos avanzados, disponibles para la obtenci\u00f3n de procedimientos que permitan identificar a trav\u00e9s de im\u00e1genes, se\u00f1ales y trabajo de campo los riesgos de las amenazas.<\/p>\n\n\n\n<div class=\"wp-block-buttons is-content-justification-center is-layout-flex wp-container-core-buttons-is-layout-16018d1d wp-block-buttons-is-layout-flex\">\n<div class=\"wp-block-button is-style-fill\"><a class=\"wp-block-button__link has-vivid-cyan-blue-background-color has-background wp-element-button\" href=\"https:\/\/esici.edu.co\/index.php\/especializacion-profesional-en-investigacion-e-informacion-electronica\/\"><strong>Me interesa<\/strong><\/a><\/div>\n<\/div>\n<\/div><\/div>\n\n\n\n<div style=\"height:60px\" aria-hidden=\"true\" class=\"wp-block-spacer\"><\/div>\n\n\n\n<div class=\"wp-block-media-text alignwide has-media-on-the-right is-stacked-on-mobile\"><div class=\"wp-block-media-text__content\">\n<h2 class=\"wp-block-heading has-text-align-left\">Especializaci\u00f3n Tecnol\u00f3gica en Investigaci\u00f3n y Seguridad Preventiva.<\/h2>\n\n\n\n<p style=\"font-size:15px\">Especialistas capacitados en la administraci\u00f3n de las herramientas para reconocer, anticipar y prevenir los riesgos de las amenazas contra la integridad de las personas, instalaciones, infraestructura, equipos, material e informaci\u00f3n, mediante el respeto a los Derechos Humanos y el Derecho Internacional Humanitario para darle un manejo id\u00f3neo a los temas relacionados con la Seguridad y Defensa Nacional.<\/p>\n\n\n\n<div class=\"wp-block-buttons is-content-justification-center is-layout-flex wp-container-core-buttons-is-layout-16018d1d wp-block-buttons-is-layout-flex\">\n<div class=\"wp-block-button\"><a class=\"wp-block-button__link has-vivid-cyan-blue-background-color has-background wp-element-button\" href=\"https:\/\/esici.edu.co\/index.php\/especializacion-tecnologica-en-investigacion-y-seguridad-preventiva\/\"><strong>Me interesa<\/strong><\/a><\/div>\n<\/div>\n<\/div><figure class=\"wp-block-media-text__media\"><a href=\"https:\/\/esici.edu.co\/index.php\/especializacion-tecnologica-en-investigacion-y-seguridad-preventiva\/\"><img loading=\"lazy\" decoding=\"async\" width=\"1024\" height=\"427\" src=\"https:\/\/esici.edu.co\/wp-content\/uploads\/2026\/03\/Mesa-de-trabajo-3@3x-1024x427.png\" alt=\"\" class=\"wp-image-4336 size-full\" srcset=\"https:\/\/esici.edu.co\/wp-content\/uploads\/2026\/03\/Mesa-de-trabajo-3@3x-1024x427.png 1024w, https:\/\/esici.edu.co\/wp-content\/uploads\/2026\/03\/Mesa-de-trabajo-3@3x-300x125.png 300w, https:\/\/esici.edu.co\/wp-content\/uploads\/2026\/03\/Mesa-de-trabajo-3@3x-768x320.png 768w, https:\/\/esici.edu.co\/wp-content\/uploads\/2026\/03\/Mesa-de-trabajo-3@3x-1536x641.png 1536w, https:\/\/esici.edu.co\/wp-content\/uploads\/2026\/03\/Mesa-de-trabajo-3@3x-2048x854.png 2048w\" sizes=\"(max-width: 1024px) 100vw, 1024px\" \/><\/a><\/figure><\/div>\n\n\n\n<div style=\"height:66px\" aria-hidden=\"true\" class=\"wp-block-spacer\"><\/div>\n\n\n\n<div class=\"wp-block-media-text alignwide is-stacked-on-mobile is-vertically-aligned-center\"><figure class=\"wp-block-media-text__media\"><a href=\"https:\/\/esici.edu.co\/index.php\/especializacion-tecnologica-en-manejo-de-tecnicas-investigativas-avanzadas\/\"><img loading=\"lazy\" decoding=\"async\" width=\"1024\" height=\"427\" src=\"https:\/\/esici.edu.co\/wp-content\/uploads\/2026\/03\/Mesa-de-trabajo-5@3x-1024x427.png\" alt=\"\" class=\"wp-image-4337 size-full\" srcset=\"https:\/\/esici.edu.co\/wp-content\/uploads\/2026\/03\/Mesa-de-trabajo-5@3x-1024x427.png 1024w, https:\/\/esici.edu.co\/wp-content\/uploads\/2026\/03\/Mesa-de-trabajo-5@3x-300x125.png 300w, https:\/\/esici.edu.co\/wp-content\/uploads\/2026\/03\/Mesa-de-trabajo-5@3x-768x320.png 768w, https:\/\/esici.edu.co\/wp-content\/uploads\/2026\/03\/Mesa-de-trabajo-5@3x-1536x641.png 1536w, https:\/\/esici.edu.co\/wp-content\/uploads\/2026\/03\/Mesa-de-trabajo-5@3x-2048x854.png 2048w\" sizes=\"(max-width: 1024px) 100vw, 1024px\" \/><\/a><\/figure><div class=\"wp-block-media-text__content\">\n<h2 class=\"wp-block-heading\">Especializaci\u00f3n Tecnol\u00f3gica en Manejo de T\u00e9cnicas Investigativas Avanzadas.<\/h2>\n\n\n\n<p style=\"font-size:15px\">Profesionales id\u00f3neos en la administraci\u00f3n de las herramientas y procedimientos para reconocer, evaluar y neutralizar los riesgos y avances de las amenazas contra la integridad de las personas, las empresas y sus activos, as\u00ed mismo, para manejar el riesgo de accidentes y enfermedades en los ambientes de trabajo, protegiendo el elemento humano y buscar la productividad y rentabilidad empresarial e Institucional.<\/p>\n\n\n\n<div class=\"wp-block-buttons is-content-justification-center is-layout-flex wp-container-core-buttons-is-layout-16018d1d wp-block-buttons-is-layout-flex\">\n<div class=\"wp-block-button\"><a class=\"wp-block-button__link has-vivid-cyan-blue-background-color has-background wp-element-button\" href=\"https:\/\/esici.edu.co\/index.php\/especializacion-tecnologica-en-manejo-de-tecnicas-investigativas-avanzadas\/\"><strong>Me interesa<\/strong><\/a><\/div>\n<\/div>\n<\/div><\/div>\n\n\n\n<p><\/p>\n","protected":false},"excerpt":{"rendered":"","protected":false},"author":1,"featured_media":0,"parent":0,"menu_order":0,"comment_status":"closed","ping_status":"closed","template":"","meta":{"_eb_attr":"","om_disable_all_campaigns":false,"_monsterinsights_skip_tracking":false,"_monsterinsights_sitenote_active":false,"_monsterinsights_sitenote_note":"","_monsterinsights_sitenote_category":0,"_uf_show_specific_survey":0,"_uf_disable_surveys":false,"footnotes":""},"class_list":["post-126","page","type-page","status-publish","hentry"],"aioseo_notices":[],"_links":{"self":[{"href":"https:\/\/esici.edu.co\/index.php\/wp-json\/wp\/v2\/pages\/126","targetHints":{"allow":["GET"]}}],"collection":[{"href":"https:\/\/esici.edu.co\/index.php\/wp-json\/wp\/v2\/pages"}],"about":[{"href":"https:\/\/esici.edu.co\/index.php\/wp-json\/wp\/v2\/types\/page"}],"author":[{"embeddable":true,"href":"https:\/\/esici.edu.co\/index.php\/wp-json\/wp\/v2\/users\/1"}],"replies":[{"embeddable":true,"href":"https:\/\/esici.edu.co\/index.php\/wp-json\/wp\/v2\/comments?post=126"}],"version-history":[{"count":36,"href":"https:\/\/esici.edu.co\/index.php\/wp-json\/wp\/v2\/pages\/126\/revisions"}],"predecessor-version":[{"id":4338,"href":"https:\/\/esici.edu.co\/index.php\/wp-json\/wp\/v2\/pages\/126\/revisions\/4338"}],"wp:attachment":[{"href":"https:\/\/esici.edu.co\/index.php\/wp-json\/wp\/v2\/media?parent=126"}],"curies":[{"name":"wp","href":"https:\/\/api.w.org\/{rel}","templated":true}]}}