{"id":1411,"date":"2022-01-24T13:08:52","date_gmt":"2022-01-24T13:08:52","guid":{"rendered":"https:\/\/esici.edu.co\/?page_id=1411"},"modified":"2024-05-06T19:41:57","modified_gmt":"2024-05-06T19:41:57","slug":"libros-de-investigacion","status":"publish","type":"page","link":"https:\/\/esici.edu.co\/index.php\/libros-de-investigacion\/","title":{"rendered":"Libros de Investigaci\u00f3n"},"content":{"rendered":"\n<div class=\"wp-block-columns is-layout-flex wp-container-core-columns-is-layout-9d6595d7 wp-block-columns-is-layout-flex\">\n<div class=\"wp-block-column is-layout-flow wp-block-column-is-layout-flow\">\n<figure class=\"wp-block-image size-large\"><a href=\"https:\/\/esici.edu.co\/wp-content\/uploads\/2022\/01\/1.-Construccion-de-poder-enero-2052.pdf\" target=\"_blank\" rel=\"noopener\"><img fetchpriority=\"high\" decoding=\"async\" width=\"565\" height=\"869\" src=\"https:\/\/esici.edu.co\/wp-content\/uploads\/2022\/01\/CONSTRUCCION-DEL-PODER.png\" alt=\"\" class=\"wp-image-1412\" srcset=\"https:\/\/esici.edu.co\/wp-content\/uploads\/2022\/01\/CONSTRUCCION-DEL-PODER.png 565w, https:\/\/esici.edu.co\/wp-content\/uploads\/2022\/01\/CONSTRUCCION-DEL-PODER-195x300.png 195w\" sizes=\"(max-width: 565px) 100vw, 565px\" \/><\/a><\/figure>\n<\/div>\n\n\n\n<div class=\"wp-block-column is-layout-flow wp-block-column-is-layout-flow\">\n<h3 class=\"wp-block-heading\">CONSTRUCCI\u00d3N DE PODER<\/h3>\n\n\n\n<p>IVAN LEONARDO AVILA GARCIA<\/p>\n\n\n\n<p class=\"has-small-font-size\"><em>El presente libro identifica las diferentes estrategias imple- mentadas por la estructura criminal del ej\u00e9rcito de liberaci\u00f3n nacional (ELN); de manera clara y espec\u00edfica, la obra recorre una buena parte de la g\u00e9nesis de esta estructura criminal y detalla c\u00f3mo se han incubado en los diferentes campos de la sociedad. Este, es un trabajo netamente acad\u00e9mico y arrastra diferentes hip\u00f3tesis de autores que dan piso argumentativo a lo planteado dentro de la obra.<\/em><\/p>\n<\/div>\n\n\n\n<div class=\"wp-block-column is-layout-flow wp-block-column-is-layout-flow\">\n<p id=\"topic\" style=\"font-size:15px\">Tem\u00e1tica: Sociedad y Ciencias Sociales<\/p>\n\n\n\n<p id=\"tipoCubierta\" style=\"font-size:15px\">Tipo de cubierta:&nbsp;RUSTICA<\/p>\n\n\n\n<p id=\"isbn\" style=\"font-size:15px\">ISBN:&nbsp;978-628-00-0034-3<\/p>\n\n\n\n<p id=\"editorial\" style=\"font-size:15px\">Editorial:&nbsp;Planeta<\/p>\n\n\n\n<p id=\"publication\" style=\"font-size:15px\">Publicaci\u00f3n:&nbsp;2021<\/p>\n\n\n\n<p id=\"pages\" style=\"font-size:15px\">P\u00e1ginas:&nbsp;148<\/p>\n<\/div>\n<\/div>\n\n\n\n<div class=\"wp-block-columns is-layout-flex wp-container-core-columns-is-layout-9d6595d7 wp-block-columns-is-layout-flex\">\n<div class=\"wp-block-column is-layout-flow wp-block-column-is-layout-flow\">\n<figure class=\"wp-block-image size-large is-resized\"><a href=\"https:\/\/esici.edu.co\/wp-content\/uploads\/2022\/01\/3.-Variables-de-la-inteligencia-enero-2074.pdf\" target=\"_blank\" rel=\"noopener\"><img decoding=\"async\" width=\"487\" height=\"747\" src=\"https:\/\/esici.edu.co\/wp-content\/uploads\/2022\/01\/VARIABLES-DE-LA-INTELIGENCIA-DE-MEDIDAS-DE-HUELLAS-DISTINTIVAS-MASINT.png\" alt=\"\" class=\"wp-image-1419\" style=\"width:258px;height:395px\" srcset=\"https:\/\/esici.edu.co\/wp-content\/uploads\/2022\/01\/VARIABLES-DE-LA-INTELIGENCIA-DE-MEDIDAS-DE-HUELLAS-DISTINTIVAS-MASINT.png 487w, https:\/\/esici.edu.co\/wp-content\/uploads\/2022\/01\/VARIABLES-DE-LA-INTELIGENCIA-DE-MEDIDAS-DE-HUELLAS-DISTINTIVAS-MASINT-196x300.png 196w\" sizes=\"(max-width: 487px) 100vw, 487px\" \/><\/a><\/figure>\n<\/div>\n\n\n\n<div class=\"wp-block-column is-layout-flow wp-block-column-is-layout-flow\">\n<h3 class=\"wp-block-heading\">VARIABLES DE LA INTELIGENCIA DE MEDIDAS DE HUELLAS DISTINTIVAS &#8211; MASINT<\/h3>\n\n\n\n<p>LAURA ARCINIEGAS LONDO\u00d1O<\/p>\n\n\n\n<p class=\"has-small-font-size\"><em>Existe una capacidad derivada de la inteligencia estrat\u00e9gica que interviene de forma eficaz ante cualquier intento de materializaci\u00f3n de amenazas, y esta es conocida como inteligencia de medida de huellas distintivas o Measurement and Signature Intelligen- ce-MASINT. <\/em><\/p>\n<\/div>\n\n\n\n<div class=\"wp-block-column is-layout-flow wp-block-column-is-layout-flow\">\n<p id=\"topic\" style=\"font-size:15px\">Tem\u00e1tica: Inteligencia Militar<\/p>\n\n\n\n<p id=\"tipoCubierta\" style=\"font-size:15px\">Tipo de cubierta:&nbsp;RUSTICA<\/p>\n\n\n\n<p id=\"isbn\" style=\"font-size:15px\">ISBN:&nbsp;978-628-00-0036-7<\/p>\n\n\n\n<p id=\"editorial\" style=\"font-size:15px\">Editorial:&nbsp;Planeta<\/p>\n\n\n\n<p id=\"publication\" style=\"font-size:15px\">Publicaci\u00f3n:&nbsp;2021<\/p>\n\n\n\n<p id=\"pages\" style=\"font-size:15px\">P\u00e1ginas:&nbsp;110<\/p>\n<\/div>\n<\/div>\n\n\n\n<div class=\"wp-block-columns is-layout-flex wp-container-core-columns-is-layout-9d6595d7 wp-block-columns-is-layout-flex\">\n<div class=\"wp-block-column is-layout-flow wp-block-column-is-layout-flow\">\n<figure class=\"wp-block-image size-large\"><a href=\"https:\/\/esici.edu.co\/wp-content\/uploads\/2022\/01\/4.-Comunicaciones-estrategicas-enero-2062.pdf\" target=\"_blank\" rel=\"noopener\"><img decoding=\"async\" width=\"615\" height=\"947\" src=\"https:\/\/esici.edu.co\/wp-content\/uploads\/2022\/01\/COMUNICACIONES-ESTRATEGICAS.png\" alt=\"\" class=\"wp-image-1422\" srcset=\"https:\/\/esici.edu.co\/wp-content\/uploads\/2022\/01\/COMUNICACIONES-ESTRATEGICAS.png 615w, https:\/\/esici.edu.co\/wp-content\/uploads\/2022\/01\/COMUNICACIONES-ESTRATEGICAS-195x300.png 195w\" sizes=\"(max-width: 615px) 100vw, 615px\" \/><\/a><\/figure>\n<\/div>\n\n\n\n<div class=\"wp-block-column is-layout-flow wp-block-column-is-layout-flow\">\n<h4 class=\"wp-block-heading\">COMUNICACIONES ESTRAT\u00c9GICAS (STRATCOM) Y SOCIAL MEDIA: SU APLICABILIDAD PARA EL MUNDO POSTWESFALIANO<\/h4>\n\n\n\n<p>PAMELA PIRATEQUE PERDOMO<\/p>\n\n\n\n<p class=\"has-small-font-size\"><em>En este libro se presenta la importancia que toman las Comu- nicaciones Estrat\u00e9gicas (STRATCOM) y la social media para generar lazos de legitimidad, confianza, credibilidad, recono- cimiento, reputaci\u00f3n, buena imagen y apoyo con la sociedad civil u actores estrat\u00e9gicos.<\/em><\/p>\n<\/div>\n\n\n\n<div class=\"wp-block-column is-layout-flow wp-block-column-is-layout-flow\">\n<p id=\"topic\" style=\"font-size:15px\">Tem\u00e1tica: Pol\u00edtica y Gobierno<\/p>\n\n\n\n<p id=\"tipoCubierta\" style=\"font-size:15px\">Tipo de cubierta:&nbsp;RUSTICA<\/p>\n\n\n\n<p id=\"isbn\" style=\"font-size:15px\">ISBN:&nbsp;978-628-00-0038-1<\/p>\n\n\n\n<p id=\"editorial\" style=\"font-size:15px\">Editorial:&nbsp;Planeta<\/p>\n\n\n\n<p id=\"publication\" style=\"font-size:15px\">Publicaci\u00f3n:&nbsp;2021<\/p>\n\n\n\n<p id=\"pages\" style=\"font-size:15px\">P\u00e1ginas:&nbsp;194<\/p>\n<\/div>\n<\/div>\n\n\n\n<div class=\"wp-block-columns is-layout-flex wp-container-core-columns-is-layout-9d6595d7 wp-block-columns-is-layout-flex\">\n<div class=\"wp-block-column is-layout-flow wp-block-column-is-layout-flow\">\n<figure class=\"wp-block-image size-large\"><a href=\"https:\/\/acrobat.adobe.com\/id\/urn:aaid:sc:VA6C2:33823ef6-1890-4d50-a11d-2e726b494b1d\" target=\"_blank\" rel=\"noopener\"><img loading=\"lazy\" decoding=\"async\" width=\"724\" height=\"1024\" src=\"https:\/\/esici.edu.co\/wp-content\/uploads\/2024\/05\/WhatsApp-Image-2024-05-06-at-11.32.10-AM-1-724x1024.jpeg\" alt=\"\" class=\"wp-image-2566\" srcset=\"https:\/\/esici.edu.co\/wp-content\/uploads\/2024\/05\/WhatsApp-Image-2024-05-06-at-11.32.10-AM-1-724x1024.jpeg 724w, https:\/\/esici.edu.co\/wp-content\/uploads\/2024\/05\/WhatsApp-Image-2024-05-06-at-11.32.10-AM-1-212x300.jpeg 212w, https:\/\/esici.edu.co\/wp-content\/uploads\/2024\/05\/WhatsApp-Image-2024-05-06-at-11.32.10-AM-1.jpeg 733w\" sizes=\"(max-width: 724px) 100vw, 724px\" \/><\/a><\/figure>\n<\/div>\n\n\n\n<div class=\"wp-block-column is-layout-flow wp-block-column-is-layout-flow\">\n<h4 class=\"wp-block-heading\">(RE) PENSANDO LA MUJER DESDE SU ROL EN LA INTELIGENCIA<\/h4>\n\n\n\n<p>PAMELA PIRATEQUE PERDOMO<\/p>\n\n\n\n<p class=\"has-small-font-size\"><em>En este libro busca promover la reflexi\u00f3n acad\u00e9mica sobre el papel de la mujer en la inteligencia, con el fin de nutrir los espacios sobre su quehacer en sus diferentes especialidades que empiezan a cobrar inter\u00e9s debido a los estudios de g\u00e9nero a nivel internacional.<\/em><\/p>\n<\/div>\n\n\n\n<div class=\"wp-block-column is-layout-flow wp-block-column-is-layout-flow\">\n<p id=\"topic\" style=\"font-size:15px\">Tem\u00e1tica: Inteligencia Militar y Gobierno<\/p>\n\n\n\n<p id=\"tipoCubierta\" style=\"font-size:15px\">Tipo de cubierta:&nbsp;RUSTICA<\/p>\n\n\n\n<p id=\"isbn\" style=\"font-size:15px\">ISBN:\u00a0978-958-792-556-2<\/p>\n\n\n\n<p id=\"editorial\" style=\"font-size:15px\">Editorial:\u00a0EDU<\/p>\n\n\n\n<p id=\"publication\" style=\"font-size:15px\">Publicaci\u00f3n:\u00a02023<\/p>\n\n\n\n<p id=\"pages\" style=\"font-size:15px\">P\u00e1ginas:\u00a0409<\/p>\n<\/div>\n<\/div>\n\n\n\n<p><\/p>\n\n\n\n<p><\/p>\n","protected":false},"excerpt":{"rendered":"<p>CONSTRUCCI\u00d3N DE PODER IVAN LEONARDO AVILA GARCIA El presente libro identifica las diferentes estrategias imple- mentadas por la estructura criminal del ej\u00e9rcito de liberaci\u00f3n nacional (ELN); de manera clara y espec\u00edfica, la obra recorre una buena parte de la g\u00e9nesis de esta estructura criminal y detalla c\u00f3mo se han incubado en los diferentes campos de [&hellip;]<\/p>\n","protected":false},"author":1,"featured_media":0,"parent":0,"menu_order":0,"comment_status":"closed","ping_status":"closed","template":"","meta":{"_eb_attr":"","om_disable_all_campaigns":false,"_monsterinsights_skip_tracking":false,"_monsterinsights_sitenote_active":false,"_monsterinsights_sitenote_note":"","_monsterinsights_sitenote_category":0,"_uf_show_specific_survey":0,"_uf_disable_surveys":false,"footnotes":""},"class_list":["post-1411","page","type-page","status-publish","hentry"],"aioseo_notices":[],"_links":{"self":[{"href":"https:\/\/esici.edu.co\/index.php\/wp-json\/wp\/v2\/pages\/1411","targetHints":{"allow":["GET"]}}],"collection":[{"href":"https:\/\/esici.edu.co\/index.php\/wp-json\/wp\/v2\/pages"}],"about":[{"href":"https:\/\/esici.edu.co\/index.php\/wp-json\/wp\/v2\/types\/page"}],"author":[{"embeddable":true,"href":"https:\/\/esici.edu.co\/index.php\/wp-json\/wp\/v2\/users\/1"}],"replies":[{"embeddable":true,"href":"https:\/\/esici.edu.co\/index.php\/wp-json\/wp\/v2\/comments?post=1411"}],"version-history":[{"count":13,"href":"https:\/\/esici.edu.co\/index.php\/wp-json\/wp\/v2\/pages\/1411\/revisions"}],"predecessor-version":[{"id":2569,"href":"https:\/\/esici.edu.co\/index.php\/wp-json\/wp\/v2\/pages\/1411\/revisions\/2569"}],"wp:attachment":[{"href":"https:\/\/esici.edu.co\/index.php\/wp-json\/wp\/v2\/media?parent=1411"}],"curies":[{"name":"wp","href":"https:\/\/api.w.org\/{rel}","templated":true}]}}