{"id":162,"date":"2021-05-11T00:15:04","date_gmt":"2021-05-11T00:15:04","guid":{"rendered":"https:\/\/esici.edu.co\/?page_id=162"},"modified":"2021-09-13T13:32:31","modified_gmt":"2021-09-13T13:32:31","slug":"tecnologia","status":"publish","type":"page","link":"https:\/\/esici.edu.co\/index.php\/tecnologia\/","title":{"rendered":"TECNOLOG\u00cdA"},"content":{"rendered":"\n<div class=\"wp-block-buttons is-layout-flex wp-block-buttons-is-layout-flex\"><\/div>\n\n\n\n<div class=\"wp-block-columns is-layout-flex wp-container-core-columns-is-layout-9d6595d7 wp-block-columns-is-layout-flex\">\n<div class=\"wp-block-column is-layout-flow wp-block-column-is-layout-flow\">\n<figure class=\"wp-block-image size-large\"><img fetchpriority=\"high\" decoding=\"async\" width=\"850\" height=\"499\" src=\"https:\/\/esici.edu.co\/wp-content\/uploads\/2021\/09\/ANALISIS-DE-LA-SEGURIDAD.png\" alt=\"\" class=\"wp-image-1026\" srcset=\"https:\/\/esici.edu.co\/wp-content\/uploads\/2021\/09\/ANALISIS-DE-LA-SEGURIDAD.png 850w, https:\/\/esici.edu.co\/wp-content\/uploads\/2021\/09\/ANALISIS-DE-LA-SEGURIDAD-300x176.png 300w, https:\/\/esici.edu.co\/wp-content\/uploads\/2021\/09\/ANALISIS-DE-LA-SEGURIDAD-768x451.png 768w\" sizes=\"(max-width: 850px) 100vw, 850px\" \/><\/figure>\n<\/div>\n\n\n\n<div class=\"wp-block-column is-layout-flow wp-block-column-is-layout-flow\">\n<h2 class=\"wp-block-heading\">Administraci\u00f3n y An\u00e1lisis de la Seguridad<\/h2>\n\n\n\n<p style=\"font-size:15px\">Tecn\u00f3logos id\u00f3neos en el uso y la administraci\u00f3n de las herramientas y procedimientos propios de la seguridad corporativa e inteligencia militar, para identificar, analizar, evaluar y dar tratamiento a los riesgos y el avance de las amenazas contra la integridad de los ciudadanos, la infraestructura econ\u00f3mica y el orden constitucional del Estado Colombiano.<\/p>\n\n\n\n<div class=\"wp-block-buttons is-layout-flex wp-block-buttons-is-layout-flex\">\n<div class=\"wp-block-button is-style-outline is-style-outline--1\"><a class=\"wp-block-button__link has-white-color has-vivid-cyan-blue-background-color has-text-color has-background\" href=\"https:\/\/esici.edu.co\/index.php\/administracion-y-analisis-de-la-seguridad\/\" style=\"border-radius:15px\">Me interesa<\/a><\/div>\n<\/div>\n<\/div>\n<\/div>\n\n\n\n<p><\/p>\n","protected":false},"excerpt":{"rendered":"<p>Administraci\u00f3n y An\u00e1lisis de la Seguridad Tecn\u00f3logos id\u00f3neos en el uso y la administraci\u00f3n de las herramientas y procedimientos propios de la seguridad corporativa e inteligencia militar, para identificar, analizar, evaluar y dar tratamiento a los riesgos y el avance de las amenazas contra la integridad de los ciudadanos, la infraestructura econ\u00f3mica y el orden [&hellip;]<\/p>\n","protected":false},"author":1,"featured_media":0,"parent":0,"menu_order":0,"comment_status":"closed","ping_status":"closed","template":"","meta":{"_eb_attr":"","om_disable_all_campaigns":false,"_monsterinsights_skip_tracking":false,"_monsterinsights_sitenote_active":false,"_monsterinsights_sitenote_note":"","_monsterinsights_sitenote_category":0,"_uf_show_specific_survey":0,"_uf_disable_surveys":false,"footnotes":""},"class_list":["post-162","page","type-page","status-publish","hentry"],"aioseo_notices":[],"_links":{"self":[{"href":"https:\/\/esici.edu.co\/index.php\/wp-json\/wp\/v2\/pages\/162","targetHints":{"allow":["GET"]}}],"collection":[{"href":"https:\/\/esici.edu.co\/index.php\/wp-json\/wp\/v2\/pages"}],"about":[{"href":"https:\/\/esici.edu.co\/index.php\/wp-json\/wp\/v2\/types\/page"}],"author":[{"embeddable":true,"href":"https:\/\/esici.edu.co\/index.php\/wp-json\/wp\/v2\/users\/1"}],"replies":[{"embeddable":true,"href":"https:\/\/esici.edu.co\/index.php\/wp-json\/wp\/v2\/comments?post=162"}],"version-history":[{"count":5,"href":"https:\/\/esici.edu.co\/index.php\/wp-json\/wp\/v2\/pages\/162\/revisions"}],"predecessor-version":[{"id":1431,"href":"https:\/\/esici.edu.co\/index.php\/wp-json\/wp\/v2\/pages\/162\/revisions\/1431"}],"wp:attachment":[{"href":"https:\/\/esici.edu.co\/index.php\/wp-json\/wp\/v2\/media?parent=162"}],"curies":[{"name":"wp","href":"https:\/\/api.w.org\/{rel}","templated":true}]}}