{"id":172,"date":"2021-05-11T00:41:21","date_gmt":"2021-05-11T00:41:21","guid":{"rendered":"https:\/\/esici.edu.co\/?page_id=172"},"modified":"2026-03-12T18:13:34","modified_gmt":"2026-03-12T18:13:34","slug":"educacion-continuada","status":"publish","type":"page","link":"https:\/\/esici.edu.co\/index.php\/educacion-continuada\/","title":{"rendered":"EDUCACI\u00d3N CONTINUADA."},"content":{"rendered":"\n<h2 class=\"wp-block-heading\">DIPLOMADOS PRESENCIALES.<\/h2>\n\n\n\n<div class=\"wp-block-media-text alignwide is-stacked-on-mobile\"><figure class=\"wp-block-media-text__media\"><a href=\"https:\/\/esici.edu.co\/index.php\/diplomado-sistemas-de-informacion-geografica\/\"><img fetchpriority=\"high\" decoding=\"async\" width=\"1024\" height=\"427\" src=\"https:\/\/esici.edu.co\/wp-content\/uploads\/2026\/03\/EC1@3x-1024x427.png\" alt=\"\" class=\"wp-image-4325 size-full\" srcset=\"https:\/\/esici.edu.co\/wp-content\/uploads\/2026\/03\/EC1@3x-1024x427.png 1024w, https:\/\/esici.edu.co\/wp-content\/uploads\/2026\/03\/EC1@3x-300x125.png 300w, https:\/\/esici.edu.co\/wp-content\/uploads\/2026\/03\/EC1@3x-768x321.png 768w, https:\/\/esici.edu.co\/wp-content\/uploads\/2026\/03\/EC1@3x-1536x641.png 1536w, https:\/\/esici.edu.co\/wp-content\/uploads\/2026\/03\/EC1@3x-2048x855.png 2048w\" sizes=\"(max-width: 1024px) 100vw, 1024px\" \/><\/a><\/figure><div class=\"wp-block-media-text__content\">\n<h2 class=\"wp-block-heading\">Sistemas de Informaci\u00f3n Geogr\u00e1fica.<\/h2>\n\n\n\n<p style=\"font-size:15px\">Profesionales, investigadores y personal Militar con capacidades de enfrentarse a problemas de orden territorial, an\u00e1lisis del terreno y factores socioecon\u00f3micos, permitiendo asesorar en la toma de decisiones en los diferentes campos del poder.<\/p>\n\n\n\n<div class=\"wp-block-buttons is-content-justification-center is-layout-flex wp-container-core-buttons-is-layout-16018d1d wp-block-buttons-is-layout-flex\">\n<div class=\"wp-block-button\"><a class=\"wp-block-button__link has-vivid-cyan-blue-background-color has-background wp-element-button\" href=\"https:\/\/esici.edu.co\/index.php\/diplomado-sistemas-de-informacion-geografica\/\"><strong>Me interesa<\/strong><\/a><\/div>\n<\/div>\n<\/div><\/div>\n\n\n\n<div style=\"height:62px\" aria-hidden=\"true\" class=\"wp-block-spacer\"><\/div>\n\n\n\n<div class=\"wp-block-media-text alignwide has-media-on-the-right is-stacked-on-mobile\"><div class=\"wp-block-media-text__content\">\n<h2 class=\"wp-block-heading\">Protecci\u00f3n de Infraestructura Cr\u00edtica y Activos Estrat\u00e9gicos.<\/h2>\n\n\n\n<p style=\"font-size:15px\">El Diplomado en protecci\u00f3n de Infraestructura Cr\u00edtica y Activos estrat\u00e9gicos, busca la formaci\u00f3n acad\u00e9mica, humana y laboral enfocada al desarrollo y la implementaci\u00f3n de propuestas \u00fatiles en el campo de la seguridad integral. Convirti\u00e9ndolo un profesional comprometido con la investigaci\u00f3n, el liderazgo y el trabajo en equipo en las organizaciones modernas p\u00fablicas y privadas.<\/p>\n\n\n\n<p><\/p>\n\n\n\n<div class=\"wp-block-buttons is-content-justification-center is-layout-flex wp-container-core-buttons-is-layout-16018d1d wp-block-buttons-is-layout-flex\">\n<div class=\"wp-block-button\"><a class=\"wp-block-button__link has-vivid-cyan-blue-background-color has-background wp-element-button\" href=\"https:\/\/esici.edu.co\/index.php\/diplomado-proteccion-de-infraestructura-critica-y-activos-estrategicos\/\"><strong>Me interesa<\/strong><\/a><\/div>\n<\/div>\n<\/div><figure class=\"wp-block-media-text__media\"><a href=\"https:\/\/esici.edu.co\/index.php\/diplomado-proteccion-de-infraestructura-critica-y-activos-estrategicos\/\"><img decoding=\"async\" width=\"1024\" height=\"427\" src=\"https:\/\/esici.edu.co\/wp-content\/uploads\/2026\/03\/EC2@3x-1024x427.png\" alt=\"\" class=\"wp-image-4324 size-full\" srcset=\"https:\/\/esici.edu.co\/wp-content\/uploads\/2026\/03\/EC2@3x-1024x427.png 1024w, https:\/\/esici.edu.co\/wp-content\/uploads\/2026\/03\/EC2@3x-300x125.png 300w, https:\/\/esici.edu.co\/wp-content\/uploads\/2026\/03\/EC2@3x-768x321.png 768w, https:\/\/esici.edu.co\/wp-content\/uploads\/2026\/03\/EC2@3x-1536x641.png 1536w, https:\/\/esici.edu.co\/wp-content\/uploads\/2026\/03\/EC2@3x-2048x855.png 2048w\" sizes=\"(max-width: 1024px) 100vw, 1024px\" \/><\/a><\/figure><\/div>\n\n\n\n<div style=\"height:61px\" aria-hidden=\"true\" class=\"wp-block-spacer\"><\/div>\n\n\n\n<h2 class=\"wp-block-heading\">DIPLOMADOS <strong>VIRTUALES<\/strong>.<\/h2>\n\n\n\n<div class=\"wp-block-media-text alignwide is-stacked-on-mobile\"><figure class=\"wp-block-media-text__media\"><a href=\"https:\/\/esici.edu.co\/index.php\/diplomado-en-alta-direccion-en-seguridad-y-prevencion-de-riesgos\/\"><img decoding=\"async\" width=\"1024\" height=\"427\" src=\"https:\/\/esici.edu.co\/wp-content\/uploads\/2026\/03\/EC3@3x-1024x427.png\" alt=\"\" class=\"wp-image-4323 size-full\" srcset=\"https:\/\/esici.edu.co\/wp-content\/uploads\/2026\/03\/EC3@3x-1024x427.png 1024w, https:\/\/esici.edu.co\/wp-content\/uploads\/2026\/03\/EC3@3x-300x125.png 300w, https:\/\/esici.edu.co\/wp-content\/uploads\/2026\/03\/EC3@3x-768x321.png 768w, https:\/\/esici.edu.co\/wp-content\/uploads\/2026\/03\/EC3@3x-1536x641.png 1536w, https:\/\/esici.edu.co\/wp-content\/uploads\/2026\/03\/EC3@3x-2048x855.png 2048w\" sizes=\"(max-width: 1024px) 100vw, 1024px\" \/><\/a><\/figure><div class=\"wp-block-media-text__content\">\n<h2 class=\"wp-block-heading\">Alta Direcci\u00f3n en Seguridad y Prevenci\u00f3n de Riesgos.<\/h2>\n\n\n\n<p style=\"font-size:15px\">Este diplomado busca generar espacios virtuales de aprendizaje con la utilizaci\u00f3n de ovas y material acad\u00e9mico&nbsp; interactivo en la plataforma, de igual forma se proveen herramientas educativas como foros para mantener una interacci\u00f3n alumno tutor en el proceso de aprendizaje.<\/p>\n\n\n\n<p><\/p>\n\n\n\n<div class=\"wp-block-buttons is-content-justification-center is-layout-flex wp-container-core-buttons-is-layout-16018d1d wp-block-buttons-is-layout-flex\">\n<div class=\"wp-block-button\"><a class=\"wp-block-button__link has-vivid-cyan-blue-background-color has-background wp-element-button\" href=\"https:\/\/esici.edu.co\/index.php\/diplomado-en-alta-direccion-en-seguridad-y-prevencion-de-riesgos\/\"><strong>Me interesa<\/strong><\/a><\/div>\n<\/div>\n<\/div><\/div>\n\n\n\n<div style=\"height:64px\" aria-hidden=\"true\" class=\"wp-block-spacer\"><\/div>\n\n\n\n<div class=\"wp-block-media-text alignwide has-media-on-the-right is-stacked-on-mobile\"><div class=\"wp-block-media-text__content\">\n<h2 class=\"wp-block-heading\">Protecci\u00f3n Patrimonial.<\/h2>\n\n\n\n<p style=\"font-size:15px\">El desarrollo del diplomado de Protecci\u00f3n Patrimonial,&nbsp; permite al estudiante adquirir un amplio conocimiento en el campo de la seguridad integral, convirti\u00e9ndolo en un egresado capaz de resolver situaciones de seguridad mediante la aplicaci\u00f3n de est\u00e1ndares de pr\u00e1cticas actuales.<\/p>\n\n\n\n<p><\/p>\n\n\n\n<div class=\"wp-block-buttons is-content-justification-center is-layout-flex wp-container-core-buttons-is-layout-16018d1d wp-block-buttons-is-layout-flex\">\n<div class=\"wp-block-button\"><a class=\"wp-block-button__link has-vivid-cyan-blue-background-color has-background wp-element-button\" href=\"https:\/\/esici.edu.co\/index.php\/diplomado-en-proteccion-patrimonial\/\"><strong>Me interesa<\/strong><\/a><\/div>\n<\/div>\n<\/div><figure class=\"wp-block-media-text__media\"><a href=\"https:\/\/esici.edu.co\/index.php\/diplomado-en-proteccion-patrimonial\/\"><img loading=\"lazy\" decoding=\"async\" width=\"1024\" height=\"427\" src=\"https:\/\/esici.edu.co\/wp-content\/uploads\/2026\/03\/Mesa-de-trabajo-6@3x-1024x427.png\" alt=\"\" class=\"wp-image-4322 size-full\" srcset=\"https:\/\/esici.edu.co\/wp-content\/uploads\/2026\/03\/Mesa-de-trabajo-6@3x-1024x427.png 1024w, https:\/\/esici.edu.co\/wp-content\/uploads\/2026\/03\/Mesa-de-trabajo-6@3x-300x125.png 300w, https:\/\/esici.edu.co\/wp-content\/uploads\/2026\/03\/Mesa-de-trabajo-6@3x-768x321.png 768w, https:\/\/esici.edu.co\/wp-content\/uploads\/2026\/03\/Mesa-de-trabajo-6@3x-1536x641.png 1536w, https:\/\/esici.edu.co\/wp-content\/uploads\/2026\/03\/Mesa-de-trabajo-6@3x-2048x855.png 2048w\" sizes=\"(max-width: 1024px) 100vw, 1024px\" \/><\/a><\/figure><\/div>\n\n\n\n<div class=\"wp-block-media-text alignwide is-stacked-on-mobile\"><figure class=\"wp-block-media-text__media\"><a href=\"https:\/\/esici.edu.co\/index.php\/diplomado-en-tratamiento-de-informacion-en-inteligencia-artificial-y-big-data\/\"><img loading=\"lazy\" decoding=\"async\" width=\"1024\" height=\"427\" src=\"https:\/\/esici.edu.co\/wp-content\/uploads\/2026\/03\/EC4@3x-1024x427.png\" alt=\"\" class=\"wp-image-4321 size-full\" srcset=\"https:\/\/esici.edu.co\/wp-content\/uploads\/2026\/03\/EC4@3x-1024x427.png 1024w, https:\/\/esici.edu.co\/wp-content\/uploads\/2026\/03\/EC4@3x-300x125.png 300w, https:\/\/esici.edu.co\/wp-content\/uploads\/2026\/03\/EC4@3x-768x321.png 768w, https:\/\/esici.edu.co\/wp-content\/uploads\/2026\/03\/EC4@3x-1536x641.png 1536w, https:\/\/esici.edu.co\/wp-content\/uploads\/2026\/03\/EC4@3x-2048x855.png 2048w\" sizes=\"(max-width: 1024px) 100vw, 1024px\" \/><\/a><\/figure><div class=\"wp-block-media-text__content\">\n<h2 class=\"wp-block-heading\">Tratamiento de informaci\u00f3n en inteligencia artificial y BIG DATA.<\/h2>\n\n\n\n<p style=\"font-size:15px\">Potencia tu perfil profesional con el Diplomado en An\u00e1lisis de Informaci\u00f3n, Inteligencia Artificial y Big Data, una formaci\u00f3n dise\u00f1ada para enfrentar los retos del mundo actual. Aprende a transformar datos en conocimiento estrat\u00e9gico, aplicar herramientas de inteligencia artificial y tomar decisiones basadas en an\u00e1lisis avanzado de informaci\u00f3n. Ideal para quienes buscan destacar en entornos estrat\u00e9gicos, tecnol\u00f3gicos y organizacionales, este diplomado te prepara para el futuro.<\/p>\n\n\n\n<p><\/p>\n\n\n\n<div class=\"wp-block-buttons is-content-justification-center is-layout-flex wp-container-core-buttons-is-layout-16018d1d wp-block-buttons-is-layout-flex\">\n<div class=\"wp-block-button\"><a class=\"wp-block-button__link has-vivid-cyan-blue-background-color has-background wp-element-button\" href=\"https:\/\/esici.edu.co\/index.php\/diplomado-en-proteccion-patrimonial\/\"><strong>Me interesa<\/strong><\/a><\/div>\n<\/div>\n<\/div><\/div>\n\n\n\n<div style=\"height:61px\" aria-hidden=\"true\" class=\"wp-block-spacer\"><\/div>\n\n\n\n<h2 class=\"wp-block-heading\">CURSOS.<\/h2>\n\n\n\n<div class=\"wp-block-media-text alignwide is-stacked-on-mobile\"><figure class=\"wp-block-media-text__media\"><a href=\"https:\/\/esici.edu.co\/index.php\/cicad\/\"><img loading=\"lazy\" decoding=\"async\" width=\"1024\" height=\"427\" src=\"https:\/\/esici.edu.co\/wp-content\/uploads\/2026\/03\/EC5@3x-1024x427.png\" alt=\"\" class=\"wp-image-4320 size-full\" srcset=\"https:\/\/esici.edu.co\/wp-content\/uploads\/2026\/03\/EC5@3x-1024x427.png 1024w, https:\/\/esici.edu.co\/wp-content\/uploads\/2026\/03\/EC5@3x-300x125.png 300w, https:\/\/esici.edu.co\/wp-content\/uploads\/2026\/03\/EC5@3x-768x321.png 768w, https:\/\/esici.edu.co\/wp-content\/uploads\/2026\/03\/EC5@3x-1536x641.png 1536w, https:\/\/esici.edu.co\/wp-content\/uploads\/2026\/03\/EC5@3x-2048x855.png 2048w\" sizes=\"(max-width: 1024px) 100vw, 1024px\" \/><\/a><\/figure><div class=\"wp-block-media-text__content\">\n<h2 class=\"wp-block-heading\">Inteligencia T\u00e1ctica a Distancia.<\/h2>\n\n\n\n<p style=\"font-size:15px\">La oferta virtual del curso de inteligencia T\u00e1ctica a Distancia busca impactar en forma f\u00e1cil y r\u00e1pida mediante el uso de la TICS al personal que est\u00e1 desplegado a nivel nacional, logrando desarrollar la capacitaci\u00f3n en inteligencia de combate, el uso de la virtualidad reduce los costos y el empleo de m\u00e1s recursos que generan el incremento de gastos para el estudiante y la instituci\u00f3n.<\/p>\n\n\n\n<p><\/p>\n\n\n\n<div class=\"wp-block-buttons is-content-justification-center is-layout-flex wp-container-core-buttons-is-layout-16018d1d wp-block-buttons-is-layout-flex\">\n<div class=\"wp-block-button\"><a class=\"wp-block-button__link has-vivid-cyan-blue-background-color has-background wp-element-button\" href=\"https:\/\/esici.edu.co\/index.php\/cicad\/\"><strong>Me interesa<\/strong><\/a><\/div>\n<\/div>\n<\/div><\/div>\n\n\n\n<p><\/p>\n","protected":false},"excerpt":{"rendered":"<p>DIPLOMADOS PRESENCIALES. DIPLOMADOS VIRTUALES. CURSOS.<\/p>\n","protected":false},"author":1,"featured_media":0,"parent":0,"menu_order":0,"comment_status":"closed","ping_status":"closed","template":"","meta":{"_eb_attr":"","om_disable_all_campaigns":false,"_monsterinsights_skip_tracking":false,"_monsterinsights_sitenote_active":false,"_monsterinsights_sitenote_note":"","_monsterinsights_sitenote_category":0,"_uf_show_specific_survey":0,"_uf_disable_surveys":false,"footnotes":""},"class_list":["post-172","page","type-page","status-publish","hentry"],"aioseo_notices":[],"_links":{"self":[{"href":"https:\/\/esici.edu.co\/index.php\/wp-json\/wp\/v2\/pages\/172","targetHints":{"allow":["GET"]}}],"collection":[{"href":"https:\/\/esici.edu.co\/index.php\/wp-json\/wp\/v2\/pages"}],"about":[{"href":"https:\/\/esici.edu.co\/index.php\/wp-json\/wp\/v2\/types\/page"}],"author":[{"embeddable":true,"href":"https:\/\/esici.edu.co\/index.php\/wp-json\/wp\/v2\/users\/1"}],"replies":[{"embeddable":true,"href":"https:\/\/esici.edu.co\/index.php\/wp-json\/wp\/v2\/comments?post=172"}],"version-history":[{"count":27,"href":"https:\/\/esici.edu.co\/index.php\/wp-json\/wp\/v2\/pages\/172\/revisions"}],"predecessor-version":[{"id":4326,"href":"https:\/\/esici.edu.co\/index.php\/wp-json\/wp\/v2\/pages\/172\/revisions\/4326"}],"wp:attachment":[{"href":"https:\/\/esici.edu.co\/index.php\/wp-json\/wp\/v2\/media?parent=172"}],"curies":[{"name":"wp","href":"https:\/\/api.w.org\/{rel}","templated":true}]}}