{"id":179,"date":"2021-05-11T00:46:43","date_gmt":"2021-05-11T00:46:43","guid":{"rendered":"https:\/\/esici.edu.co\/?page_id=179"},"modified":"2026-02-02T19:30:41","modified_gmt":"2026-02-02T19:30:41","slug":"cicad","status":"publish","type":"page","link":"https:\/\/esici.edu.co\/index.php\/cicad\/","title":{"rendered":"Curso Inteligencia T\u00e1ctica a Distancia"},"content":{"rendered":"<div class=\"wp-block-image\">\n<figure class=\"aligncenter size-large is-resized\"><img fetchpriority=\"high\" decoding=\"async\" width=\"703\" height=\"1024\" src=\"https:\/\/esici.edu.co\/wp-content\/uploads\/2025\/12\/Curso-INT-TAC@3x-100-1-703x1024.jpg\" alt=\"\" class=\"wp-image-4199\" style=\"width:832px;height:auto\" srcset=\"https:\/\/esici.edu.co\/wp-content\/uploads\/2025\/12\/Curso-INT-TAC@3x-100-1-703x1024.jpg 703w, https:\/\/esici.edu.co\/wp-content\/uploads\/2025\/12\/Curso-INT-TAC@3x-100-1-206x300.jpg 206w, https:\/\/esici.edu.co\/wp-content\/uploads\/2025\/12\/Curso-INT-TAC@3x-100-1-768x1118.jpg 768w, https:\/\/esici.edu.co\/wp-content\/uploads\/2025\/12\/Curso-INT-TAC@3x-100-1-1055x1536.jpg 1055w, https:\/\/esici.edu.co\/wp-content\/uploads\/2025\/12\/Curso-INT-TAC@3x-100-1-1407x2048.jpg 1407w, https:\/\/esici.edu.co\/wp-content\/uploads\/2025\/12\/Curso-INT-TAC@3x-100-1-scaled.jpg 1759w\" sizes=\"(max-width: 703px) 100vw, 703px\" \/><\/figure><\/div>\n\n\n<div style=\"height:39px\" aria-hidden=\"true\" class=\"wp-block-spacer\"><\/div>\n\n\n\n<div class=\"wp-block-buttons is-content-justification-center is-layout-flex wp-container-core-buttons-is-layout-16018d1d wp-block-buttons-is-layout-flex\">\n<div class=\"wp-block-button\"><a class=\"wp-block-button__link has-vivid-cyan-blue-background-color has-background wp-element-button\" href=\"http:\/\/190.144.10.234:8080\/Karakum\/Control\/\">Inscripci\u00f3n<\/a><\/div>\n<\/div>\n\n\n\n<div style=\"height:45px\" aria-hidden=\"true\" class=\"wp-block-spacer\"><\/div>\n\n\n\n<h2 class=\"wp-block-heading has-text-align-left\">Informaci\u00f3n General<\/h2>\n\n\n\n<p class=\"has-text-align-left\"><strong>T\u00edtulo que otorga:<\/strong>&nbsp;Certificado en Inteligencia T\u00e1ctica a Distancia<strong><br>Modalidad:&nbsp;<\/strong>Virtual. Tutorado<strong><br>Duraci\u00f3n estimada:<\/strong>&nbsp;120 horas<\/p>\n\n\n\n<p class=\"has-text-align-left\"><strong>Valor:\u00a0<\/strong>$278.100<strong><br>Nivel:\u00a0<\/strong>Complementario<strong><br>Contacto:\u00a0\u00a0<\/strong>3142639342 \/ admisiones.esici@cedoc.edu.co<strong><br>Lugar donde se oferta:<\/strong>\u00a0Bogot\u00e1 D.C., Colombia.<\/p>\n\n\n\n<hr class=\"wp-block-separator has-css-opacity\"\/>\n\n\n\n<div class=\"wp-block-columns is-layout-flex wp-container-core-columns-is-layout-9d6595d7 wp-block-columns-is-layout-flex\">\n<div class=\"wp-block-column is-layout-flow wp-block-column-is-layout-flow\">\n<h2 class=\"wp-block-heading\">PERFIL DEL&nbsp;ASPIRANTE<\/h2>\n\n\n\n<ul class=\"wp-block-list\">\n<li>Ser Oficial, suboficial, soldado o infante de marina profesional, alumno de las escuelas de formaci\u00f3n de las fuerzas militares y pa\u00edses amigos.<\/li>\n\n\n\n<li>Capacidad de autocontrol y adaptaci\u00f3n, mente abierta a los cambios.<\/li>\n\n\n\n<li>Poseer y demostrar un alto sentido de curiosidad intelectual, responsabilidad, perseverancia y autodisciplina, claro inter\u00e9s por adquirir nuevos conocimientos, que le permitir\u00e1n ser competente en el campo en el cual se desempe\u00f1ar\u00e1.<\/li>\n\n\n\n<li>Deber\u00e1 poseer conocimientos b\u00e1sicos en inform\u00e1tica, administraci\u00f3n general, y normativa aplicable en materia de seguridad integral.<\/li>\n\n\n\n<li>Deber\u00e1 poseer la capacidad para desarrollarse en trabajo de equipo, interactuando y aportando al proceso de formaci\u00f3n.<\/li>\n\n\n\n<li>Deber\u00e1 ser emp\u00e1tico y proactivo.<\/li>\n\n\n\n<li>Deber\u00e1 tener la capacidad para la lectura y comprensi\u00f3n de documentos t\u00e9cnicos y cient\u00edficos.<\/li>\n<\/ul>\n<\/div>\n\n\n\n<div class=\"wp-block-column is-layout-flow wp-block-column-is-layout-flow\">\n<h2 class=\"wp-block-heading\"><strong>PERFIL DEL EGRESADO<\/strong><\/h2>\n\n\n\n<p>El egresado del curso estar\u00e1 en capacidad de desempe\u00f1arse en el empleo de las t\u00e9cnicas para el planeamiento de inteligencia de combate, para identificar la informaci\u00f3n y variables de enemigo, terreno, clima y condiciones civiles, basado en los contenidos del curso y sus funciones dentro del desarrollo de la misi\u00f3n.<\/p>\n\n\n\n<p><br>Una vez certificado el alumno estar\u00e1 en la capacidad de identificar los riesgos y amenazas para valorar efectos sobre el ambiente operacional y el entorno. Con sus tareas principales en el proceso de recolecci\u00f3n de informaci\u00f3n, procesamiento sobre un \u00e1rea de inter\u00e9s en particular en beneficio a la producci\u00f3n de inteligencia.<\/p>\n<\/div>\n<\/div>\n\n\n\n<p><\/p>\n","protected":false},"excerpt":{"rendered":"<p>Informaci\u00f3n General T\u00edtulo que otorga:&nbsp;Certificado en Inteligencia T\u00e1ctica a DistanciaModalidad:&nbsp;Virtual. TutoradoDuraci\u00f3n estimada:&nbsp;120 horas Valor:\u00a0$278.100Nivel:\u00a0ComplementarioContacto:\u00a0\u00a03142639342 \/ admisiones.esici@cedoc.edu.coLugar donde se oferta:\u00a0Bogot\u00e1 D.C., Colombia. PERFIL DEL&nbsp;ASPIRANTE PERFIL DEL EGRESADO El egresado del curso estar\u00e1 en capacidad de desempe\u00f1arse en el empleo de las t\u00e9cnicas para el planeamiento de inteligencia de combate, para identificar la informaci\u00f3n y variables de [&hellip;]<\/p>\n","protected":false},"author":1,"featured_media":0,"parent":0,"menu_order":0,"comment_status":"closed","ping_status":"closed","template":"","meta":{"_eb_attr":"","om_disable_all_campaigns":false,"_monsterinsights_skip_tracking":false,"_monsterinsights_sitenote_active":false,"_monsterinsights_sitenote_note":"","_monsterinsights_sitenote_category":0,"_uf_show_specific_survey":0,"_uf_disable_surveys":false,"footnotes":""},"class_list":["post-179","page","type-page","status-publish","hentry"],"aioseo_notices":[],"_links":{"self":[{"href":"https:\/\/esici.edu.co\/index.php\/wp-json\/wp\/v2\/pages\/179","targetHints":{"allow":["GET"]}}],"collection":[{"href":"https:\/\/esici.edu.co\/index.php\/wp-json\/wp\/v2\/pages"}],"about":[{"href":"https:\/\/esici.edu.co\/index.php\/wp-json\/wp\/v2\/types\/page"}],"author":[{"embeddable":true,"href":"https:\/\/esici.edu.co\/index.php\/wp-json\/wp\/v2\/users\/1"}],"replies":[{"embeddable":true,"href":"https:\/\/esici.edu.co\/index.php\/wp-json\/wp\/v2\/comments?post=179"}],"version-history":[{"count":19,"href":"https:\/\/esici.edu.co\/index.php\/wp-json\/wp\/v2\/pages\/179\/revisions"}],"predecessor-version":[{"id":4255,"href":"https:\/\/esici.edu.co\/index.php\/wp-json\/wp\/v2\/pages\/179\/revisions\/4255"}],"wp:attachment":[{"href":"https:\/\/esici.edu.co\/index.php\/wp-json\/wp\/v2\/media?parent=179"}],"curies":[{"name":"wp","href":"https:\/\/api.w.org\/{rel}","templated":true}]}}