{"id":191,"date":"2021-05-11T01:15:00","date_gmt":"2021-05-11T01:15:00","guid":{"rendered":"https:\/\/esici.edu.co\/?page_id=191"},"modified":"2024-08-21T15:26:29","modified_gmt":"2024-08-21T15:26:29","slug":"egresados","status":"publish","type":"page","link":"https:\/\/esici.edu.co\/index.php\/egresados\/","title":{"rendered":""},"content":{"rendered":"\n<h3 class=\"wp-block-heading has-text-align-center\"><em>La Comunidad de Egresados ESICI es una red acad\u00e9mica, laboral y social integrada por m\u00e1s de 2020 profesionales, id\u00f3neos para la inteligencia, contrainteligencia e inteligencia t\u00e9cnica, formados en tales fundamentos, con esp\u00edritu \u00e9tico, con altos est\u00e1ndares de calidad, posesionada, l\u00edder y competitiva; que busca fomentar la pertenencia, integraci\u00f3n, participaci\u00f3n, solidaridad, liderazgo y el compromiso de todos los graduados que hacen parte de esta Comunidad<\/em>.<\/h3>\n\n\n\n<hr class=\"wp-block-separator has-css-opacity\"\/>\n\n\n\n<h2 class=\"wp-block-heading has-text-align-center\">POL\u00cdTICAS DE EGRESADOS<\/h2>\n\n\n\n<p class=\"has-black-color has-text-color has-medium-font-size\">a) La Escuela de Inteligencia realizar\u00e1 un seguimiento y mantendr\u00e1 contacto permanente con sus egresados para conservar vivo el sentimiento de pertenencia con la Instituci\u00f3n, que sea eficaz la colaboraci\u00f3n y el beneficio mutuo, en sus procesos constantes de autoevaluaci\u00f3n y regulaci\u00f3n de la evoluci\u00f3n investigativa y acad\u00e9mica, teniendo en cuenta el factor impacto social de los egresados.<\/p>\n\n\n\n<p class=\"has-black-color has-text-color has-medium-font-size\">b) A trav\u00e9s de encuestas diligenciadas por los directos responsables a nivel administrativo de cada uno de ellos, determinando y evaluando con la pr\u00e1ctica profesional la calidad de la formaci\u00f3n recibida en el programa, el desempe\u00f1o profesional del egresado en la aplicaci\u00f3n de conocimientos en el campo laboral, la facilidad de manejar una crisis en su entorno, su adaptaci\u00f3n y funciones compaginando en el campo investigativo facilitando la identificaci\u00f3n de la realidad social.<\/p>\n\n\n\n<p class=\"has-black-color has-text-color has-medium-font-size\">c) Se determina que la Instituci\u00f3n Universitaria \u201cBG. Ricardo Charry Solano\u201d&nbsp; por estar inmersa y subordinada a las Fuerzas Militares y en especial al Ej\u00e9rcito Nacional el seguimiento al egresado se facilita debido a que son miembros activos del Ministerio de Defensa y el producto de sus labores van encaminadas al pro de la preservaci\u00f3n de la soberan\u00eda colombiana. El personal de egresados que no est\u00e1n en la actualidad vinculados con el Ministerio de Defensa se encuentran laborando en un campo a fin con la Seguridad Nacional.<\/p>\n\n\n\n<figure class=\"wp-block-video\"><video controls src=\"https:\/\/esici.edu.co\/wp-content\/uploads\/2024\/08\/VIDEO-ENTREVISTA-EGRESADO.mp4\"><\/video><\/figure>\n\n\n\n<hr class=\"wp-block-separator has-css-opacity\"\/>\n\n\n\n<div class=\"wp-block-media-text alignwide is-stacked-on-mobile\" style=\"grid-template-columns:46% auto\"><figure class=\"wp-block-media-text__media\"><img fetchpriority=\"high\" decoding=\"async\" width=\"614\" height=\"1024\" src=\"https:\/\/esici.edu.co\/wp-content\/uploads\/2024\/08\/Banner-egresados-614x1024.jpg\" alt=\"\" class=\"wp-image-3235 size-full\" srcset=\"https:\/\/esici.edu.co\/wp-content\/uploads\/2024\/08\/Banner-egresados-614x1024.jpg 614w, https:\/\/esici.edu.co\/wp-content\/uploads\/2024\/08\/Banner-egresados-180x300.jpg 180w, https:\/\/esici.edu.co\/wp-content\/uploads\/2024\/08\/Banner-egresados-768x1280.jpg 768w, https:\/\/esici.edu.co\/wp-content\/uploads\/2024\/08\/Banner-egresados-922x1536.jpg 922w, https:\/\/esici.edu.co\/wp-content\/uploads\/2024\/08\/Banner-egresados.jpg 1080w\" sizes=\"(max-width: 614px) 100vw, 614px\" \/><\/figure><div class=\"wp-block-media-text__content\">\n<h2 class=\"wp-block-heading has-large-font-size\">MISI\u00d3N<\/h2>\n\n\n\n<p class=\"has-medium-font-size\">Realizar seguimiento a los Egresados de la Escuela de Inteligencia \u00abBrigadier General Ricardo Charry Solano\u00bb, de los diferentes programas ofertados, con el fin estrechar los v\u00ednculos para la integraci\u00f3n, propiciando su permanente participaci\u00f3n en los procesos de autoevaluaci\u00f3n de la ESICI, que contribuir\u00e1n a la consolidaci\u00f3n de los diferentes programas acad\u00e9micos.<\/p>\n\n\n\n<h2 class=\"wp-block-heading has-large-font-size\">VISI\u00d3N<\/h2>\n\n\n\n<p class=\"has-medium-font-size\">Ser una secci\u00f3n consolidada donde la prime la participaci\u00f3n activa de los egresados, propendiendo por el desarrollo profesional, reflejado a trav\u00e9s de diferentes servicios que permitir\u00e1n fortalecer competencias, habilidades y destrezas, enfocadas a procesos de inserci\u00f3n laboral y efectividad en el desempe\u00f1o en las diferentes unidades.<\/p>\n<\/div><\/div>\n\n\n\n<hr class=\"wp-block-separator has-css-opacity\"\/>\n\n\n\n<h2 class=\"wp-block-heading\"><strong><em>Para conocer m\u00e1s de nosotros puede descargar nuestra resoluci\u00f3n<\/em><\/strong><\/h2>\n\n\n\n<div class=\"wp-block-file\"><a id=\"wp-block-file--media-49fe9ca2-1d8c-46f0-9398-82e0de1f389c\" href=\"https:\/\/esici.edu.co\/wp-content\/uploads\/2021\/05\/RESOLUCION-N.-008-DE-25-ABRIL-DE-2018.pdf\"><em>RESOLUCI\u00d3N No. 008 DE 25 ABRIL DE 2018<\/em><\/a><a href=\"https:\/\/esici.edu.co\/wp-content\/uploads\/2021\/05\/RESOLUCION-N.-008-DE-25-ABRIL-DE-2018.pdf\" class=\"wp-block-file__button wp-element-button\" download aria-describedby=\"wp-block-file--media-49fe9ca2-1d8c-46f0-9398-82e0de1f389c\">Descargar<\/a><\/div>\n\n\n\n<hr class=\"wp-block-separator has-css-opacity\"\/>\n\n\n\n<h1 class=\"wp-block-heading has-text-align-center\">NUESTROS ENCUENTROS<\/h1>\n\n\n\n<figure class=\"wp-block-gallery has-nested-images columns-default is-cropped wp-block-gallery-1 is-layout-flex wp-block-gallery-is-layout-flex\">\n<figure class=\"wp-block-image size-large\"><img decoding=\"async\" width=\"767\" height=\"1024\" data-id=\"194\" src=\"https:\/\/esici.edu.co\/wp-content\/uploads\/2021\/05\/1-encuentro-767x1024.jpg\" alt=\"\" class=\"wp-image-194\" srcset=\"https:\/\/esici.edu.co\/wp-content\/uploads\/2021\/05\/1-encuentro-767x1024.jpg 767w, https:\/\/esici.edu.co\/wp-content\/uploads\/2021\/05\/1-encuentro-225x300.jpg 225w, https:\/\/esici.edu.co\/wp-content\/uploads\/2021\/05\/1-encuentro-768x1025.jpg 768w, https:\/\/esici.edu.co\/wp-content\/uploads\/2021\/05\/1-encuentro.jpg 959w\" sizes=\"(max-width: 767px) 100vw, 767px\" \/><\/figure>\n\n\n\n<figure class=\"wp-block-image size-large\"><img decoding=\"async\" width=\"767\" height=\"1024\" data-id=\"195\" src=\"https:\/\/esici.edu.co\/wp-content\/uploads\/2021\/05\/2-encuentro-767x1024.jpg\" alt=\"\" class=\"wp-image-195\" srcset=\"https:\/\/esici.edu.co\/wp-content\/uploads\/2021\/05\/2-encuentro-767x1024.jpg 767w, https:\/\/esici.edu.co\/wp-content\/uploads\/2021\/05\/2-encuentro-225x300.jpg 225w, https:\/\/esici.edu.co\/wp-content\/uploads\/2021\/05\/2-encuentro-768x1025.jpg 768w, https:\/\/esici.edu.co\/wp-content\/uploads\/2021\/05\/2-encuentro.jpg 959w\" sizes=\"(max-width: 767px) 100vw, 767px\" \/><\/figure>\n\n\n\n<figure class=\"wp-block-image size-large\"><img loading=\"lazy\" decoding=\"async\" width=\"724\" height=\"1024\" data-id=\"196\" src=\"https:\/\/esici.edu.co\/wp-content\/uploads\/2021\/05\/III-ENCUENTRO-724x1024.png\" alt=\"\" class=\"wp-image-196\" srcset=\"https:\/\/esici.edu.co\/wp-content\/uploads\/2021\/05\/III-ENCUENTRO-724x1024.png 724w, https:\/\/esici.edu.co\/wp-content\/uploads\/2021\/05\/III-ENCUENTRO-212x300.png 212w, https:\/\/esici.edu.co\/wp-content\/uploads\/2021\/05\/III-ENCUENTRO-768x1086.png 768w, https:\/\/esici.edu.co\/wp-content\/uploads\/2021\/05\/III-ENCUENTRO-1086x1536.png 1086w, https:\/\/esici.edu.co\/wp-content\/uploads\/2021\/05\/III-ENCUENTRO-1448x2048.png 1448w, https:\/\/esici.edu.co\/wp-content\/uploads\/2021\/05\/III-ENCUENTRO.png 1587w\" sizes=\"(max-width: 724px) 100vw, 724px\" \/><\/figure>\n\n\n\n<figure class=\"wp-block-image size-large\"><img loading=\"lazy\" decoding=\"async\" width=\"724\" height=\"1024\" data-id=\"197\" src=\"https:\/\/esici.edu.co\/wp-content\/uploads\/2021\/05\/IV-ENCUENTRO-724x1024.png\" alt=\"\" class=\"wp-image-197\" srcset=\"https:\/\/esici.edu.co\/wp-content\/uploads\/2021\/05\/IV-ENCUENTRO-724x1024.png 724w, https:\/\/esici.edu.co\/wp-content\/uploads\/2021\/05\/IV-ENCUENTRO-212x300.png 212w, https:\/\/esici.edu.co\/wp-content\/uploads\/2021\/05\/IV-ENCUENTRO-768x1086.png 768w, https:\/\/esici.edu.co\/wp-content\/uploads\/2021\/05\/IV-ENCUENTRO-1086x1536.png 1086w, https:\/\/esici.edu.co\/wp-content\/uploads\/2021\/05\/IV-ENCUENTRO-1448x2048.png 1448w, https:\/\/esici.edu.co\/wp-content\/uploads\/2021\/05\/IV-ENCUENTRO.png 1587w\" sizes=\"(max-width: 724px) 100vw, 724px\" \/><\/figure>\n\n\n\n<figure class=\"wp-block-image size-large\"><img loading=\"lazy\" decoding=\"async\" width=\"724\" height=\"1024\" data-id=\"198\" src=\"https:\/\/esici.edu.co\/wp-content\/uploads\/2021\/05\/V-ENCUENTRO-724x1024.png\" alt=\"\" class=\"wp-image-198\" srcset=\"https:\/\/esici.edu.co\/wp-content\/uploads\/2021\/05\/V-ENCUENTRO-724x1024.png 724w, https:\/\/esici.edu.co\/wp-content\/uploads\/2021\/05\/V-ENCUENTRO-212x300.png 212w, https:\/\/esici.edu.co\/wp-content\/uploads\/2021\/05\/V-ENCUENTRO-768x1086.png 768w, https:\/\/esici.edu.co\/wp-content\/uploads\/2021\/05\/V-ENCUENTRO-1086x1536.png 1086w, https:\/\/esici.edu.co\/wp-content\/uploads\/2021\/05\/V-ENCUENTRO-1448x2048.png 1448w, https:\/\/esici.edu.co\/wp-content\/uploads\/2021\/05\/V-ENCUENTRO.png 1587w\" sizes=\"(max-width: 724px) 100vw, 724px\" \/><\/figure>\n\n\n\n<figure class=\"wp-block-image size-large\"><img loading=\"lazy\" decoding=\"async\" width=\"723\" height=\"1024\" data-id=\"704\" src=\"https:\/\/esici.edu.co\/wp-content\/uploads\/2021\/07\/INVITACION-6-ENCUENTRO-DE-EGRESADOS-723x1024.jpeg\" alt=\"\" class=\"wp-image-704\" srcset=\"https:\/\/esici.edu.co\/wp-content\/uploads\/2021\/07\/INVITACION-6-ENCUENTRO-DE-EGRESADOS-723x1024.jpeg 723w, https:\/\/esici.edu.co\/wp-content\/uploads\/2021\/07\/INVITACION-6-ENCUENTRO-DE-EGRESADOS-212x300.jpeg 212w, https:\/\/esici.edu.co\/wp-content\/uploads\/2021\/07\/INVITACION-6-ENCUENTRO-DE-EGRESADOS-768x1087.jpeg 768w, https:\/\/esici.edu.co\/wp-content\/uploads\/2021\/07\/INVITACION-6-ENCUENTRO-DE-EGRESADOS.jpeg 904w\" sizes=\"(max-width: 723px) 100vw, 723px\" \/><\/figure>\n<\/figure>\n\n\n\n<hr class=\"wp-block-separator has-css-opacity\"\/>\n\n\n\n<h3 class=\"wp-block-heading\">La Escuela de Inteligencia y Contrainteligencia Brigadier General Ricardo Charry Solano quiere seguir de cerca el avance profesional y humano de sus egresados, con el objetivo de brindarles el apoyo que requieran en las diferentes etapas de su camino. <\/h3>\n\n\n\n<h3 class=\"wp-block-heading\">Para esto ha dispuesto Comunidad de Egresados ESICI, mediante la cual se env\u00eda de manera peri\u00f3dica informaci\u00f3n de inter\u00e9s como:<br>\u2022 Ofertas laborales<br>\u2022 Informaci\u00f3n de inter\u00e9s, acorde al perfil profesional<br>\u2022 Invitaci\u00f3n a eventos exclusivos<br>\u2022 Nuevos convenios y beneficios institucionales.<br><\/h3>\n\n\n\n<h2 class=\"wp-block-heading has-text-align-center\"><em><strong>Para unirte a esta comunidad actualiza tus datos aqu\u00ed:<\/strong><\/em><\/h2>\n\n\n\n<div class=\"wp-block-buttons is-layout-flex wp-block-buttons-is-layout-flex\">\n<div class=\"wp-block-button has-custom-width wp-block-button__width-100 is-style-outline is-style-outline--2\"><a class=\"wp-block-button__link has-white-color has-vivid-cyan-blue-background-color has-text-color has-background wp-element-button\" href=\"https:\/\/forms.gle\/sWsD8bBeWfphbTJd7\" style=\"border-radius:15px\" target=\"_blank\" rel=\"noreferrer noopener\"><strong>FORMULARIO <\/strong><\/a><\/div>\n<\/div>\n\n\n\n<p><\/p>\n","protected":false},"excerpt":{"rendered":"<p>La Comunidad de Egresados ESICI es una red acad\u00e9mica, laboral y social integrada por m\u00e1s de 2020 profesionales, id\u00f3neos para la inteligencia, contrainteligencia e inteligencia t\u00e9cnica, formados en tales fundamentos, con esp\u00edritu \u00e9tico, con altos est\u00e1ndares de calidad, posesionada, l\u00edder y competitiva; que busca fomentar la pertenencia, integraci\u00f3n, participaci\u00f3n, solidaridad, liderazgo y el compromiso de [&hellip;]<\/p>\n","protected":false},"author":1,"featured_media":0,"parent":0,"menu_order":0,"comment_status":"closed","ping_status":"closed","template":"","meta":{"_eb_attr":"","om_disable_all_campaigns":false,"_monsterinsights_skip_tracking":false,"_monsterinsights_sitenote_active":false,"_monsterinsights_sitenote_note":"","_monsterinsights_sitenote_category":0,"_uf_show_specific_survey":0,"_uf_disable_surveys":false,"footnotes":""},"class_list":["post-191","page","type-page","status-publish","hentry"],"aioseo_notices":[],"_links":{"self":[{"href":"https:\/\/esici.edu.co\/index.php\/wp-json\/wp\/v2\/pages\/191","targetHints":{"allow":["GET"]}}],"collection":[{"href":"https:\/\/esici.edu.co\/index.php\/wp-json\/wp\/v2\/pages"}],"about":[{"href":"https:\/\/esici.edu.co\/index.php\/wp-json\/wp\/v2\/types\/page"}],"author":[{"embeddable":true,"href":"https:\/\/esici.edu.co\/index.php\/wp-json\/wp\/v2\/users\/1"}],"replies":[{"embeddable":true,"href":"https:\/\/esici.edu.co\/index.php\/wp-json\/wp\/v2\/comments?post=191"}],"version-history":[{"count":16,"href":"https:\/\/esici.edu.co\/index.php\/wp-json\/wp\/v2\/pages\/191\/revisions"}],"predecessor-version":[{"id":3236,"href":"https:\/\/esici.edu.co\/index.php\/wp-json\/wp\/v2\/pages\/191\/revisions\/3236"}],"wp:attachment":[{"href":"https:\/\/esici.edu.co\/index.php\/wp-json\/wp\/v2\/media?parent=191"}],"curies":[{"name":"wp","href":"https:\/\/api.w.org\/{rel}","templated":true}]}}