{"id":250,"date":"2021-05-11T20:00:25","date_gmt":"2021-05-11T20:00:25","guid":{"rendered":"https:\/\/esici.edu.co\/?page_id=250"},"modified":"2024-09-19T22:50:41","modified_gmt":"2024-09-19T22:50:41","slug":"transparencia","status":"publish","type":"page","link":"https:\/\/esici.edu.co\/index.php\/transparencia\/","title":{"rendered":"Financiera"},"content":{"rendered":"\n<p><em>Sr. estudiante, cordial saludo.<br><br>Dando alcance a su solicitud, adjunto un formato el cual se requiere diligenciar. Una vez completado y firmado, debe ser enviado junto con la fotocopia de c\u00e9dula a este correo: financiero.esici@cedoc.edu.co; el \u00e1rea financiera se encargar\u00e1 de tramitar la orden de consignaci\u00f3n a la CENAC de EDUCACI\u00d3N, de acuerdo al valor del documento requerido, seguido a esto se enviar\u00e1 la orden de consignaci\u00f3n al correo descrito en la solicitud.<br><br>Cuando se efect\u00fae el pago de dicha orden de consignaci\u00f3n (PSE), por intermedio de la plataforma CEDOC-360 (Seguir instructivo adjunto) agradecemos enviar el comprobante de pago al correo electr\u00f3nico financiero.esici@cedoc.edu.co; el \u00e1rea financiera se encargar\u00e1 de realizar el oficio de solicitud a inspecci\u00f3n de estudios, \u00e1rea encargada de la expedici\u00f3n del documento.<\/em><br><em><br>NOTA: El proceso tiene una duraci\u00f3n aproximadamente de 2 d\u00edas para la elaboraci\u00f3n de la orden de consignaci\u00f3n, la expedici\u00f3n del documento solicitado, depender\u00e1 del a\u00f1o en que se realiz\u00f3 el curso y la complejidad del documento, generalmente son 10 d\u00edas h\u00e1biles despu\u00e9s de enviar el comprobante del pago.<\/em><br><br>Tutorial de pagos: https:\/\/youtu.be\/QIaEEwNCgI0<\/p>\n\n\n\n<hr class=\"wp-block-separator has-alpha-channel-opacity is-style-dots\"\/>\n\n\n\n<h2 class=\"wp-block-heading\"><em><strong>Presupuesto<\/strong><\/em><\/h2>\n\n\n\n<div class=\"wp-block-file\"><a href=\"https:\/\/esici.edu.co\/wp-content\/uploads\/2021\/05\/PLAN-ANUAL-DE-ADQUISICIONES.pdf\">PLAN ANUAL DE ADQUISICIONES<\/a><a href=\"https:\/\/esici.edu.co\/wp-content\/uploads\/2021\/05\/PLAN-ANUAL-DE-ADQUISICIONES.pdf\" class=\"wp-block-file__button wp-element-button\" download>Descargar<\/a><\/div>\n\n\n\n<h2 class=\"wp-block-heading\"><strong><em>Estados Financieros<\/em><\/strong><\/h2>\n\n\n\n<h2 class=\"wp-block-heading\"><strong><span class=\"has-inline-color has-black-color\">2020<\/span><\/strong><\/h2>\n\n\n\n<div class=\"wp-block-file\"><a href=\"https:\/\/esici.edu.co\/index.php\/transparencia\/estados-financieros-1er-trimestre-2020\/\">ESTADOS FINANCIEROS 1ER TRIMESTRE 2020<\/a><a href=\"https:\/\/esici.edu.co\/wp-content\/uploads\/2021\/05\/ESTADOS-FINANCIEROS-1ER-TRIMESTRE-2020.pdf\" class=\"wp-block-file__button wp-element-button\" download>Descargar<\/a><\/div>\n\n\n\n<div class=\"wp-block-file\"><a href=\"https:\/\/esici.edu.co\/wp-content\/uploads\/2021\/05\/ESTADOS-FINANCIEROS-2DO-TRIMESTRE-2020.pdf\">ESTADOS FINANCIEROS 2DO TRIMESTRE 2020<\/a><a href=\"https:\/\/esici.edu.co\/wp-content\/uploads\/2021\/05\/ESTADOS-FINANCIEROS-2DO-TRIMESTRE-2020.pdf\" class=\"wp-block-file__button wp-element-button\" download>Descargar<\/a><\/div>\n\n\n\n<div class=\"wp-block-file\"><a href=\"https:\/\/esici.edu.co\/wp-content\/uploads\/2021\/05\/ESTADOS-FINANCIEROS-3ER-TRIMESTRE-2020.pdf\">ESTADOS FINANCIEROS 3ER TRIMESTRE 2020<\/a><a href=\"https:\/\/esici.edu.co\/wp-content\/uploads\/2021\/05\/ESTADOS-FINANCIEROS-3ER-TRIMESTRE-2020.pdf\" class=\"wp-block-file__button wp-element-button\" download>Descargar<\/a><\/div>\n\n\n\n<div class=\"wp-block-file\"><a id=\"wp-block-file--media-368a85e7-9f91-4892-b282-c31a5b3100cd\" href=\"https:\/\/esici.edu.co\/wp-content\/uploads\/2024\/08\/Estado-financiero-4ER-Trimestre-2020.pdf\">ESTADOS FINANCIEROS 4ER TRIMESTRE 2020<\/a><a href=\"https:\/\/esici.edu.co\/wp-content\/uploads\/2024\/08\/Estado-financiero-4ER-Trimestre-2020.pdf\" class=\"wp-block-file__button wp-element-button\" download aria-describedby=\"wp-block-file--media-368a85e7-9f91-4892-b282-c31a5b3100cd\">Descargar<\/a><\/div>\n\n\n\n<h2 class=\"wp-block-heading\"><strong><span class=\"has-inline-color has-black-color\">202<\/span><\/strong>1<\/h2>\n\n\n\n<div class=\"wp-block-file\"><a id=\"wp-block-file--media-6708c5d1-267c-4ee4-a1a9-808d0c47d176\" href=\"https:\/\/esici.edu.co\/wp-content\/uploads\/2024\/08\/Estado-finacienro-1ER-Trimestre-2021.pdf\">ESTADOS FINANCIEROS 1ER TRIMESTRE 2021<\/a><a href=\"https:\/\/esici.edu.co\/wp-content\/uploads\/2024\/08\/Estado-finacienro-1ER-Trimestre-2021.pdf\" class=\"wp-block-file__button wp-element-button\" download aria-describedby=\"wp-block-file--media-6708c5d1-267c-4ee4-a1a9-808d0c47d176\">Descargar<\/a><\/div>\n\n\n\n<div class=\"wp-block-file\"><a id=\"wp-block-file--media-7da63c05-b00a-49db-8702-9788fcc329fc\" href=\"https:\/\/esici.edu.co\/wp-content\/uploads\/2024\/08\/Estado-finacienro-2ER-Trimestre-2021.pdf\">ESTADOS FINANCIEROS 2ER TRIMESTRE 2021<\/a><a href=\"https:\/\/esici.edu.co\/wp-content\/uploads\/2024\/08\/Estado-finacienro-2ER-Trimestre-2021.pdf\" class=\"wp-block-file__button wp-element-button\" download aria-describedby=\"wp-block-file--media-7da63c05-b00a-49db-8702-9788fcc329fc\">Descargar<\/a><\/div>\n\n\n\n<div class=\"wp-block-file\"><a id=\"wp-block-file--media-5caaa349-da41-4a83-b8c9-589c07ef39ea\" href=\"https:\/\/esici.edu.co\/wp-content\/uploads\/2024\/08\/Estado-finacienro-4ER-Trimestre-2021.pdf\">ESTADOS FINANCIEROS 4ER TRIMESTRE 2021<\/a><a href=\"https:\/\/esici.edu.co\/wp-content\/uploads\/2024\/08\/Estado-finacienro-4ER-Trimestre-2021.pdf\" class=\"wp-block-file__button wp-element-button\" download aria-describedby=\"wp-block-file--media-5caaa349-da41-4a83-b8c9-589c07ef39ea\">Descargar<\/a><\/div>\n\n\n\n<h2 class=\"wp-block-heading\"><strong><span class=\"has-inline-color has-black-color\">202<\/span><\/strong>2<\/h2>\n\n\n\n<div class=\"wp-block-file\"><a id=\"wp-block-file--media-9fa925bb-6433-484e-af23-7ab1865c2ea4\" href=\"https:\/\/esici.edu.co\/wp-content\/uploads\/2024\/08\/Estado-financiero-2022.pdf\">ESTADOS FINANCIEROS 2022<\/a><a href=\"https:\/\/esici.edu.co\/wp-content\/uploads\/2024\/08\/Estado-financiero-2022.pdf\" class=\"wp-block-file__button wp-element-button\" download aria-describedby=\"wp-block-file--media-9fa925bb-6433-484e-af23-7ab1865c2ea4\">Descargar<\/a><\/div>\n\n\n\n<h2 class=\"wp-block-heading\"><strong><span class=\"has-inline-color has-black-color\">202<\/span><\/strong>3<\/h2>\n\n\n\n<div class=\"wp-block-file\"><a id=\"wp-block-file--media-35853b9c-4544-41c4-b35c-1f915ca974f3\" href=\"https:\/\/esici.edu.co\/wp-content\/uploads\/2024\/08\/segundo_trimestre_2023_0001.pdf\">ESTADOS FINANCIEROS 2023<\/a><a href=\"https:\/\/esici.edu.co\/wp-content\/uploads\/2024\/08\/segundo_trimestre_2023_0001.pdf\" class=\"wp-block-file__button wp-element-button\" download aria-describedby=\"wp-block-file--media-35853b9c-4544-41c4-b35c-1f915ca974f3\">Descargar<\/a><\/div>\n","protected":false},"excerpt":{"rendered":"<p>Sr. estudiante, cordial saludo. Dando alcance a su solicitud, adjunto un formato el cual se requiere diligenciar. Una vez completado y firmado, debe ser enviado junto con la fotocopia de c\u00e9dula a este correo: financiero.esici@cedoc.edu.co; el \u00e1rea financiera se encargar\u00e1 de tramitar la orden de consignaci\u00f3n a la CENAC de EDUCACI\u00d3N, de acuerdo al valor [&hellip;]<\/p>\n","protected":false},"author":1,"featured_media":0,"parent":0,"menu_order":0,"comment_status":"closed","ping_status":"closed","template":"","meta":{"_eb_attr":"","om_disable_all_campaigns":false,"_monsterinsights_skip_tracking":false,"_monsterinsights_sitenote_active":false,"_monsterinsights_sitenote_note":"","_monsterinsights_sitenote_category":0,"_uf_show_specific_survey":0,"_uf_disable_surveys":false,"footnotes":""},"class_list":["post-250","page","type-page","status-publish","hentry"],"aioseo_notices":[],"_links":{"self":[{"href":"https:\/\/esici.edu.co\/index.php\/wp-json\/wp\/v2\/pages\/250","targetHints":{"allow":["GET"]}}],"collection":[{"href":"https:\/\/esici.edu.co\/index.php\/wp-json\/wp\/v2\/pages"}],"about":[{"href":"https:\/\/esici.edu.co\/index.php\/wp-json\/wp\/v2\/types\/page"}],"author":[{"embeddable":true,"href":"https:\/\/esici.edu.co\/index.php\/wp-json\/wp\/v2\/users\/1"}],"replies":[{"embeddable":true,"href":"https:\/\/esici.edu.co\/index.php\/wp-json\/wp\/v2\/comments?post=250"}],"version-history":[{"count":5,"href":"https:\/\/esici.edu.co\/index.php\/wp-json\/wp\/v2\/pages\/250\/revisions"}],"predecessor-version":[{"id":3294,"href":"https:\/\/esici.edu.co\/index.php\/wp-json\/wp\/v2\/pages\/250\/revisions\/3294"}],"wp:attachment":[{"href":"https:\/\/esici.edu.co\/index.php\/wp-json\/wp\/v2\/media?parent=250"}],"curies":[{"name":"wp","href":"https:\/\/api.w.org\/{rel}","templated":true}]}}