{"id":2673,"date":"2024-07-16T12:00:30","date_gmt":"2024-07-16T12:00:30","guid":{"rendered":"https:\/\/esici.edu.co\/?page_id=2673"},"modified":"2026-03-11T14:45:53","modified_gmt":"2026-03-11T14:45:53","slug":"boletin-estrategico-multidisciplinar-2022","status":"publish","type":"page","link":"https:\/\/esici.edu.co\/index.php\/boletin-estrategico-multidisciplinar-2022\/","title":{"rendered":"Bolet\u00edn Estrat\u00e9gico Multidisciplinar 2022"},"content":{"rendered":"\n<div class=\"wp-block-media-text alignwide is-stacked-on-mobile\"><figure class=\"wp-block-media-text__media\"><a href=\"https:\/\/acrobat.adobe.com\/id\/urn:aaid:sc:VA6C2:b7141b41-e432-4d81-9eea-6eaebc76da8d\"><img fetchpriority=\"high\" decoding=\"async\" width=\"792\" height=\"1024\" src=\"https:\/\/esici.edu.co\/wp-content\/uploads\/2024\/07\/Boletin-estrategico-multidisciplinar-No.-1-3-792x1024.jpeg\" alt=\"\" class=\"wp-image-2694 size-full\" srcset=\"https:\/\/esici.edu.co\/wp-content\/uploads\/2024\/07\/Boletin-estrategico-multidisciplinar-No.-1-3-792x1024.jpeg 792w, https:\/\/esici.edu.co\/wp-content\/uploads\/2024\/07\/Boletin-estrategico-multidisciplinar-No.-1-3-232x300.jpeg 232w, https:\/\/esici.edu.co\/wp-content\/uploads\/2024\/07\/Boletin-estrategico-multidisciplinar-No.-1-3-768x993.jpeg 768w, https:\/\/esici.edu.co\/wp-content\/uploads\/2024\/07\/Boletin-estrategico-multidisciplinar-No.-1-3.jpeg 935w\" sizes=\"(max-width: 792px) 100vw, 792px\" \/><\/a><\/figure><div class=\"wp-block-media-text__content\">\n<p><strong>Bolet\u00edn 1:<\/strong> <strong>EL PARO ARMADO Y SUS AFECTACIONES A LOS PRODUCTOS AGROPECUARIOS EN BOGOT\u00c1.<\/strong><br><br><em>El bolet\u00edn 2 se realiz\u00f3 con el fin de comprender econ\u00f3micamente c\u00f3mo un paro armado incrementa o disminuye los precios de los productos agropecuarios, tomando como referencia el comportamiento de precios entre el 23-24 de febrero del 2022 (atentados del paro) y el 23-24 de febrero del 2021.<\/em><br><br><strong><strong>Escrito por:<\/strong> <\/strong><em>Lorena Moreno Calder\u00f3n<\/em><br><strong>ISSN: <\/strong><em>2981-3506<\/em> (En l\u00ednea)<\/p>\n<\/div><\/div>\n\n\n\n<div class=\"wp-block-media-text alignwide is-stacked-on-mobile\"><figure class=\"wp-block-media-text__media\"><a href=\"https:\/\/acrobat.adobe.com\/id\/urn:aaid:sc:VA6C2:9cabe561-228e-498f-a4d9-cb6fb1254e53\"><img decoding=\"async\" width=\"864\" height=\"1024\" src=\"https:\/\/esici.edu.co\/wp-content\/uploads\/2024\/07\/Boletin-estrategico-multidisciplinar-No.-2-2-864x1024.jpeg\" alt=\"\" class=\"wp-image-2697 size-full\" srcset=\"https:\/\/esici.edu.co\/wp-content\/uploads\/2024\/07\/Boletin-estrategico-multidisciplinar-No.-2-2-864x1024.jpeg 864w, https:\/\/esici.edu.co\/wp-content\/uploads\/2024\/07\/Boletin-estrategico-multidisciplinar-No.-2-2-253x300.jpeg 253w, https:\/\/esici.edu.co\/wp-content\/uploads\/2024\/07\/Boletin-estrategico-multidisciplinar-No.-2-2-768x910.jpeg 768w, https:\/\/esici.edu.co\/wp-content\/uploads\/2024\/07\/Boletin-estrategico-multidisciplinar-No.-2-2.jpeg 935w\" sizes=\"(max-width: 864px) 100vw, 864px\" \/><\/a><\/figure><div class=\"wp-block-media-text__content\">\n<p><strong>Bolet\u00edn 2: ARMAS NUCLEARES: Ucrania y Rusia en Europa del Este en 2022.<\/strong><br><br><em>El bolet\u00edn 1 plantea el criterio de identificaci\u00f3n de c\u00f3mo han incidido las armas nucleares en el conflicto actual que enfrenta Europa del Este entre Ucrania y Rusia (2022), y si dicho contexto va a escalar a un conflicto nuclear.<\/em><br><br><strong>Escrito por:<\/strong> <em>Valentina Castro <\/em><br><strong>ISSN:<\/strong> <em>2981-3506<\/em> (En l\u00ednea)<\/p>\n<\/div><\/div>\n\n\n\n<div class=\"wp-block-media-text alignwide is-stacked-on-mobile\"><figure class=\"wp-block-media-text__media\"><a href=\"https:\/\/acrobat.adobe.com\/id\/urn:aaid:sc:VA6C2:adba4119-60bb-4f0e-9175-77557c9dadac\"><img decoding=\"async\" width=\"863\" height=\"1024\" src=\"https:\/\/esici.edu.co\/wp-content\/uploads\/2024\/07\/Boletin-estrategico-multidisciplinar-No.-3-863x1024.jpeg\" alt=\"\" class=\"wp-image-2701 size-full\" srcset=\"https:\/\/esici.edu.co\/wp-content\/uploads\/2024\/07\/Boletin-estrategico-multidisciplinar-No.-3-863x1024.jpeg 863w, https:\/\/esici.edu.co\/wp-content\/uploads\/2024\/07\/Boletin-estrategico-multidisciplinar-No.-3-253x300.jpeg 253w, https:\/\/esici.edu.co\/wp-content\/uploads\/2024\/07\/Boletin-estrategico-multidisciplinar-No.-3-768x911.jpeg 768w, https:\/\/esici.edu.co\/wp-content\/uploads\/2024\/07\/Boletin-estrategico-multidisciplinar-No.-3.jpeg 935w\" sizes=\"(max-width: 863px) 100vw, 863px\" \/><\/a><\/figure><div class=\"wp-block-media-text__content\">\n<p><strong>Bolet\u00edn 3:<\/strong> <strong>VENEZUELA COMO OPORTUNIDAD PARA ESTADOS UNIDOS TRAS LA CRISIS ENERG\u00c9TICA DEL 2022<\/strong>.<br><br><em>El conflicto entre Rusia y Ucrania genera una crisis mundial energ\u00e9tica para el 2022, raz\u00f3n por la cual Estados Unidos envi\u00f3 una delegaci\u00f3n de alto nivel para reunirse con el Gobierno de Nicol\u00e1s Maduro. Tal acercamiento sostenido en Caracas iniciativa posibles cambios en las din\u00e1micas internacionales de latinoamericana, en torno al papel de Venezuela y los escenarios ante los Estados Unidos.<\/em><\/p>\n\n\n\n<p><strong>Escrito por:<\/strong> <em>Julian Camilo Guevara Cardona<\/em><\/p>\n\n\n\n<p><strong>ISSN:<\/strong> <em>2981-3506<\/em> (En l\u00ednea)<\/p>\n<\/div><\/div>\n\n\n\n<div class=\"wp-block-media-text alignwide is-stacked-on-mobile\"><figure class=\"wp-block-media-text__media\"><a href=\"https:\/\/acrobat.adobe.com\/id\/urn:aaid:sc:VA6C2:09f9046d-a44a-4e5f-a5e5-d2bfb3a21791\"><img loading=\"lazy\" decoding=\"async\" width=\"813\" height=\"1024\" src=\"https:\/\/esici.edu.co\/wp-content\/uploads\/2024\/07\/Boletin-estrategico-multidisciplinar-No.-4-813x1024.jpeg\" alt=\"\" class=\"wp-image-2702 size-full\" srcset=\"https:\/\/esici.edu.co\/wp-content\/uploads\/2024\/07\/Boletin-estrategico-multidisciplinar-No.-4-813x1024.jpeg 813w, https:\/\/esici.edu.co\/wp-content\/uploads\/2024\/07\/Boletin-estrategico-multidisciplinar-No.-4-238x300.jpeg 238w, https:\/\/esici.edu.co\/wp-content\/uploads\/2024\/07\/Boletin-estrategico-multidisciplinar-No.-4-768x968.jpeg 768w, https:\/\/esici.edu.co\/wp-content\/uploads\/2024\/07\/Boletin-estrategico-multidisciplinar-No.-4.jpeg 935w\" sizes=\"(max-width: 813px) 100vw, 813px\" \/><\/a><\/figure><div class=\"wp-block-media-text__content\">\n<p><strong>Bolet\u00edn 4: PANORAMA MINERO ENERG\u00c9TICO COLOMBIANO 2022.<\/strong><br><em>Este bolet\u00edn presenta una perspectiva sobre el panorama econ\u00f3mico y minero energ\u00e9tico y de hidrocarburos para Colombia a partir del<br>nuevo gobierno de Gustavo Petro y sus proyectos. La inversi\u00f3n extranjera y el manejo de regal\u00edas por recursos naturales del sector energ\u00e9tico, supone uno de los principales motores de la econom\u00eda, representando el 55.9 % de las exportaciones de combustibles y derivados de los hidrocarburos para el pa\u00eds (DANE. 2022). <\/em><\/p>\n\n\n\n<p><strong>Escrito por:<\/strong> <em>Daniel Enriquez<\/em><\/p>\n\n\n\n<p><strong>ISSN:<\/strong> <em>2981-3506<\/em> (En l\u00ednea)<\/p>\n<\/div><\/div>\n\n\n\n<p><\/p>\n","protected":false},"excerpt":{"rendered":"<p>Bolet\u00edn 1: EL PARO ARMADO Y SUS AFECTACIONES A LOS PRODUCTOS AGROPECUARIOS EN BOGOT\u00c1. El bolet\u00edn 2 se realiz\u00f3 con el fin de comprender econ\u00f3micamente c\u00f3mo un paro armado incrementa o disminuye los precios de los productos agropecuarios, tomando como referencia el comportamiento de precios entre el 23-24 de febrero del 2022 (atentados del paro) [&hellip;]<\/p>\n","protected":false},"author":1,"featured_media":0,"parent":0,"menu_order":0,"comment_status":"closed","ping_status":"closed","template":"","meta":{"_eb_attr":"","om_disable_all_campaigns":false,"_monsterinsights_skip_tracking":false,"_monsterinsights_sitenote_active":false,"_monsterinsights_sitenote_note":"","_monsterinsights_sitenote_category":0,"_uf_show_specific_survey":0,"_uf_disable_surveys":false,"footnotes":""},"class_list":["post-2673","page","type-page","status-publish","hentry"],"aioseo_notices":[],"_links":{"self":[{"href":"https:\/\/esici.edu.co\/index.php\/wp-json\/wp\/v2\/pages\/2673","targetHints":{"allow":["GET"]}}],"collection":[{"href":"https:\/\/esici.edu.co\/index.php\/wp-json\/wp\/v2\/pages"}],"about":[{"href":"https:\/\/esici.edu.co\/index.php\/wp-json\/wp\/v2\/types\/page"}],"author":[{"embeddable":true,"href":"https:\/\/esici.edu.co\/index.php\/wp-json\/wp\/v2\/users\/1"}],"replies":[{"embeddable":true,"href":"https:\/\/esici.edu.co\/index.php\/wp-json\/wp\/v2\/comments?post=2673"}],"version-history":[{"count":19,"href":"https:\/\/esici.edu.co\/index.php\/wp-json\/wp\/v2\/pages\/2673\/revisions"}],"predecessor-version":[{"id":4313,"href":"https:\/\/esici.edu.co\/index.php\/wp-json\/wp\/v2\/pages\/2673\/revisions\/4313"}],"wp:attachment":[{"href":"https:\/\/esici.edu.co\/index.php\/wp-json\/wp\/v2\/media?parent=2673"}],"curies":[{"name":"wp","href":"https:\/\/api.w.org\/{rel}","templated":true}]}}