{"id":2718,"date":"2024-07-16T14:56:53","date_gmt":"2024-07-16T14:56:53","guid":{"rendered":"https:\/\/esici.edu.co\/?page_id=2718"},"modified":"2026-03-11T14:45:07","modified_gmt":"2026-03-11T14:45:07","slug":"boletin-estrategico-multidisciplinar-2023","status":"publish","type":"page","link":"https:\/\/esici.edu.co\/index.php\/boletin-estrategico-multidisciplinar-2023\/","title":{"rendered":"Bolet\u00edn Estrat\u00e9gico Multidisciplinar 2023"},"content":{"rendered":"\n<div class=\"wp-block-media-text is-stacked-on-mobile\"><figure class=\"wp-block-media-text__media\"><a href=\"https:\/\/acrobat.adobe.com\/id\/urn:aaid:sc:VA6C2:005b7925-e0c2-4c5d-9139-b6ddfaae30e4\"><img fetchpriority=\"high\" decoding=\"async\" width=\"833\" height=\"1024\" src=\"https:\/\/esici.edu.co\/wp-content\/uploads\/2024\/07\/Boletin-estrategico-multidisciplinar-No.-5-833x1024.jpeg\" alt=\"\" class=\"wp-image-2719 size-full\" srcset=\"https:\/\/esici.edu.co\/wp-content\/uploads\/2024\/07\/Boletin-estrategico-multidisciplinar-No.-5-833x1024.jpeg 833w, https:\/\/esici.edu.co\/wp-content\/uploads\/2024\/07\/Boletin-estrategico-multidisciplinar-No.-5-244x300.jpeg 244w, https:\/\/esici.edu.co\/wp-content\/uploads\/2024\/07\/Boletin-estrategico-multidisciplinar-No.-5-768x945.jpeg 768w, https:\/\/esici.edu.co\/wp-content\/uploads\/2024\/07\/Boletin-estrategico-multidisciplinar-No.-5.jpeg 935w\" sizes=\"(max-width: 833px) 100vw, 833px\" \/><\/a><\/figure><div class=\"wp-block-media-text__content\">\n<p><strong>Bolet\u00edn 5: COLOMBIA Y LA ORGANIZACI\u00d3N DEL ATL\u00c1NTICO NORTE (OTAN)<\/strong>.<br><br><em>Este bolet\u00edn pretende informar sobre la importancia que tiene la vinculaci\u00f3n entre la Organizaci\u00f3n del Tratado del Atl\u00e1ntico Norte (OTAN) y Colombia, ya que esta relaci\u00f3n puede beneficiar o afectar tanto a las fuerzas militares de Colombia, al Estado Colombiano y a la poblaci\u00f3n civil.<\/em><\/p>\n\n\n\n<p><strong>Escrito por: <\/strong><em>Santiago Andr\u00e9s Torres Trejos<\/em><\/p>\n\n\n\n<p><strong>ISSN: <\/strong><em>2981-3506<\/em> (En l\u00ednea)<\/p>\n<\/div><\/div>\n\n\n\n<div class=\"wp-block-media-text is-stacked-on-mobile\"><figure class=\"wp-block-media-text__media\"><a href=\"https:\/\/acrobat.adobe.com\/id\/urn:aaid:sc:VA6C2:fbacfcd7-e003-45d8-9ce7-894d984450b9\"><img decoding=\"async\" width=\"813\" height=\"1024\" src=\"https:\/\/esici.edu.co\/wp-content\/uploads\/2024\/07\/Boletin-estrategico-multidisciplinar-No.-6-1-813x1024.jpeg\" alt=\"\" class=\"wp-image-2721 size-full\" srcset=\"https:\/\/esici.edu.co\/wp-content\/uploads\/2024\/07\/Boletin-estrategico-multidisciplinar-No.-6-1-813x1024.jpeg 813w, https:\/\/esici.edu.co\/wp-content\/uploads\/2024\/07\/Boletin-estrategico-multidisciplinar-No.-6-1-238x300.jpeg 238w, https:\/\/esici.edu.co\/wp-content\/uploads\/2024\/07\/Boletin-estrategico-multidisciplinar-No.-6-1-768x967.jpeg 768w, https:\/\/esici.edu.co\/wp-content\/uploads\/2024\/07\/Boletin-estrategico-multidisciplinar-No.-6-1.jpeg 935w\" sizes=\"(max-width: 813px) 100vw, 813px\" \/><\/a><\/figure><div class=\"wp-block-media-text__content\">\n<p><strong>Bolet\u00edn 6: EL RIESGO DE LOS CIBERATAQUES PARA COLOMBIA<\/strong>.<br><br><em>Se analiza el efecto de los ataques cibern\u00e9ticos en Colombia y las posibles amenazas que dichos ataques puedan ocasionar al pa\u00eds en cuanto a la seguridad ciudadana y la seguridad del Estado, en especial, en el marco de las elecciones presidenciales del 2022, teniendo en cuenta el juego geopol\u00edtico en la regi\u00f3n llevado a cabo por Rusia y China<br>con implicaciones en la ciberseguridad y ciberdefensa nacional.<\/em><\/p>\n\n\n\n<p><strong>Escrito por:<\/strong> <em>Valentina Castro<\/em><\/p>\n\n\n\n<p><strong>ISSN:<\/strong> <em>2981-3506<\/em> (En l\u00ednea)<\/p>\n<\/div><\/div>\n\n\n\n<div class=\"wp-block-media-text is-stacked-on-mobile\"><figure class=\"wp-block-media-text__media\"><a href=\"https:\/\/acrobat.adobe.com\/id\/urn:aaid:sc:VA6C2:4fe323d7-9c71-4578-9992-f203fdfecccd\"><img decoding=\"async\" width=\"835\" height=\"1024\" src=\"https:\/\/esici.edu.co\/wp-content\/uploads\/2024\/07\/Boletin-estrategico-multidisciplinar-No.-7-835x1024.jpeg\" alt=\"\" class=\"wp-image-2722 size-full\" srcset=\"https:\/\/esici.edu.co\/wp-content\/uploads\/2024\/07\/Boletin-estrategico-multidisciplinar-No.-7-835x1024.jpeg 835w, https:\/\/esici.edu.co\/wp-content\/uploads\/2024\/07\/Boletin-estrategico-multidisciplinar-No.-7-245x300.jpeg 245w, https:\/\/esici.edu.co\/wp-content\/uploads\/2024\/07\/Boletin-estrategico-multidisciplinar-No.-7-768x942.jpeg 768w, https:\/\/esici.edu.co\/wp-content\/uploads\/2024\/07\/Boletin-estrategico-multidisciplinar-No.-7.jpeg 935w\" sizes=\"(max-width: 835px) 100vw, 835px\" \/><\/a><\/figure><div class=\"wp-block-media-text__content\">\n<p><strong>Bolet\u00edn 7: China y Taiw\u00e1n \u00bfLa pr\u00f3xima guerra dentro del Sistema Internacional?<\/strong><br><em><br>Las tensiones entre China y Taiw\u00e1n se han prolongado desde 1929, a partir de la guerra civil entre las facciones lideradas por Mao Zedong y Chiang Kai-shek. Dichos conflictos heredados en el presente puede desprender un gran potencial destructivo, con implicaciones sobre la integridad humana, la econ\u00f3mica mundial y un posible conflicto nuclear con Estados Unidos y sus aliados.<\/em><\/p>\n\n\n\n<p><strong>Escrito por:<\/strong> <em>Juana Gabriela Gait\u00e1n Palacios<\/em><\/p>\n\n\n\n<p><strong>ISSN: <\/strong><em>2981-3506<\/em> (En l\u00ednea)<\/p>\n<\/div><\/div>\n\n\n\n<div class=\"wp-block-media-text is-stacked-on-mobile\"><figure class=\"wp-block-media-text__media\"><a href=\"https:\/\/acrobat.adobe.com\/id\/urn:aaid:sc:VA6C2:2a79ed48-dd17-4150-81cf-5d9d48881cf2\"><img loading=\"lazy\" decoding=\"async\" width=\"817\" height=\"1024\" src=\"https:\/\/esici.edu.co\/wp-content\/uploads\/2024\/07\/Boletin-estrategico-multidisciplinar-No.-8-817x1024.jpeg\" alt=\"\" class=\"wp-image-2723 size-full\" srcset=\"https:\/\/esici.edu.co\/wp-content\/uploads\/2024\/07\/Boletin-estrategico-multidisciplinar-No.-8-817x1024.jpeg 817w, https:\/\/esici.edu.co\/wp-content\/uploads\/2024\/07\/Boletin-estrategico-multidisciplinar-No.-8-239x300.jpeg 239w, https:\/\/esici.edu.co\/wp-content\/uploads\/2024\/07\/Boletin-estrategico-multidisciplinar-No.-8-768x963.jpeg 768w, https:\/\/esici.edu.co\/wp-content\/uploads\/2024\/07\/Boletin-estrategico-multidisciplinar-No.-8.jpeg 935w\" sizes=\"(max-width: 817px) 100vw, 817px\" \/><\/a><\/figure><div class=\"wp-block-media-text__content\">\n<p><strong>Bolet\u00edn 8: FINANCIACI\u00d3N DE COMBUSTIBLES F\u00d3SILES EN LA ECONOM\u00cdA GLOBAL Y EN EL MEDIO AMBIENTE.<\/strong><br><br><em>Se investigaron los impactos de la financiaci\u00f3n de actores Estatales a fuentes de combustibles f\u00f3siles a nivel internacional y su afectaci\u00f3n al medio ambiente mediante el concepto de \u00abtransici\u00f3n justa\u00bb, teniendo en cuenta las din\u00e1micas del calentamiento global y los intereses de los inversionistas en la materia.<\/em><\/p>\n\n\n\n<p><strong>Escrito por:<\/strong> <em>Lorena Moreno Calder\u00f3n<\/em><\/p>\n\n\n\n<p><strong>ISSN:<\/strong> <em>2981-3506<\/em> (En l\u00ednea)<\/p>\n<\/div><\/div>\n","protected":false},"excerpt":{"rendered":"<p>Bolet\u00edn 5: COLOMBIA Y LA ORGANIZACI\u00d3N DEL ATL\u00c1NTICO NORTE (OTAN). Este bolet\u00edn pretende informar sobre la importancia que tiene la vinculaci\u00f3n entre la Organizaci\u00f3n del Tratado del Atl\u00e1ntico Norte (OTAN) y Colombia, ya que esta relaci\u00f3n puede beneficiar o afectar tanto a las fuerzas militares de Colombia, al Estado Colombiano y a la poblaci\u00f3n civil. [&hellip;]<\/p>\n","protected":false},"author":1,"featured_media":0,"parent":0,"menu_order":0,"comment_status":"closed","ping_status":"closed","template":"","meta":{"_eb_attr":"","om_disable_all_campaigns":false,"_monsterinsights_skip_tracking":false,"_monsterinsights_sitenote_active":false,"_monsterinsights_sitenote_note":"","_monsterinsights_sitenote_category":0,"_uf_show_specific_survey":0,"_uf_disable_surveys":false,"footnotes":""},"class_list":["post-2718","page","type-page","status-publish","hentry"],"aioseo_notices":[],"_links":{"self":[{"href":"https:\/\/esici.edu.co\/index.php\/wp-json\/wp\/v2\/pages\/2718","targetHints":{"allow":["GET"]}}],"collection":[{"href":"https:\/\/esici.edu.co\/index.php\/wp-json\/wp\/v2\/pages"}],"about":[{"href":"https:\/\/esici.edu.co\/index.php\/wp-json\/wp\/v2\/types\/page"}],"author":[{"embeddable":true,"href":"https:\/\/esici.edu.co\/index.php\/wp-json\/wp\/v2\/users\/1"}],"replies":[{"embeddable":true,"href":"https:\/\/esici.edu.co\/index.php\/wp-json\/wp\/v2\/comments?post=2718"}],"version-history":[{"count":2,"href":"https:\/\/esici.edu.co\/index.php\/wp-json\/wp\/v2\/pages\/2718\/revisions"}],"predecessor-version":[{"id":4312,"href":"https:\/\/esici.edu.co\/index.php\/wp-json\/wp\/v2\/pages\/2718\/revisions\/4312"}],"wp:attachment":[{"href":"https:\/\/esici.edu.co\/index.php\/wp-json\/wp\/v2\/media?parent=2718"}],"curies":[{"name":"wp","href":"https:\/\/api.w.org\/{rel}","templated":true}]}}