{"id":2726,"date":"2024-07-16T15:56:25","date_gmt":"2024-07-16T15:56:25","guid":{"rendered":"https:\/\/esici.edu.co\/?page_id=2726"},"modified":"2026-03-11T14:44:09","modified_gmt":"2026-03-11T14:44:09","slug":"boletin-estrategico-multidisciplinar-2024","status":"publish","type":"page","link":"https:\/\/esici.edu.co\/index.php\/boletin-estrategico-multidisciplinar-2024\/","title":{"rendered":"Bolet\u00edn Estrat\u00e9gico Multidisciplinar\u00a02024"},"content":{"rendered":"\n<div class=\"wp-block-media-text is-stacked-on-mobile\"><figure class=\"wp-block-media-text__media\"><a href=\"https:\/\/acrobat.adobe.com\/id\/urn:aaid:sc:VA6C2:5bdb57b4-424f-41a1-8c8f-a1a335259df7\"><img fetchpriority=\"high\" decoding=\"async\" width=\"817\" height=\"1024\" src=\"https:\/\/esici.edu.co\/wp-content\/uploads\/2024\/07\/Boletin-estrategico-multidisciplinar-No.-9-817x1024.jpeg\" alt=\"\" class=\"wp-image-2727 size-full\" srcset=\"https:\/\/esici.edu.co\/wp-content\/uploads\/2024\/07\/Boletin-estrategico-multidisciplinar-No.-9-817x1024.jpeg 817w, https:\/\/esici.edu.co\/wp-content\/uploads\/2024\/07\/Boletin-estrategico-multidisciplinar-No.-9-239x300.jpeg 239w, https:\/\/esici.edu.co\/wp-content\/uploads\/2024\/07\/Boletin-estrategico-multidisciplinar-No.-9-768x963.jpeg 768w, https:\/\/esici.edu.co\/wp-content\/uploads\/2024\/07\/Boletin-estrategico-multidisciplinar-No.-9.jpeg 935w\" sizes=\"(max-width: 817px) 100vw, 817px\" \/><\/a><\/figure><div class=\"wp-block-media-text__content\">\n<p><strong>Bolet\u00edn 9: DEFORESTACI\u00d3N Y LA CAMPA\u00d1A ARTEMISA EN COLOMBIA.<\/strong><br><br><em>A ra\u00edz de la amenaza que representa la deforestaci\u00f3n en Colombia, en el a\u00f1o 2018 surge la Campa\u00f1a Artemisa, con el fin de erradicar este problema y de judicializar a quienes atenten contra la biodiversidad y la riqueza natural de la Naci\u00f3n. En las \u00faltimas tres d\u00e9cadas, Colombia ha perdido m\u00e1s de 6,3 millones de hect\u00e1reas de bosque a causa de la deforestaci\u00f3n, los factores principales de su manifestaci\u00f3n han sido<br>la ganader\u00eda extensiva y los cultivos il\u00edcitos.<\/em><\/p>\n\n\n\n<p><strong>Escrito por:<\/strong> <em>Juan David Alfonso Sandoval<\/em><\/p>\n\n\n\n<p><strong>ISSN: <\/strong><em>2981-3506<\/em> (En l\u00ednea)<\/p>\n<\/div><\/div>\n\n\n\n<div style=\"height:100px\" aria-hidden=\"true\" class=\"wp-block-spacer\"><\/div>\n\n\n\n<div class=\"wp-block-media-text is-stacked-on-mobile\"><figure class=\"wp-block-media-text__media\"><a href=\"https:\/\/acrobat.adobe.com\/id\/urn:aaid:sc:VA6C2:8824803e-8fd4-4249-933e-a6eab2b16aaf\"><img decoding=\"async\" width=\"817\" height=\"1024\" src=\"https:\/\/esici.edu.co\/wp-content\/uploads\/2024\/07\/Boletin-estrategico-multidisciplinar-No.-10-817x1024.jpeg\" alt=\"\" class=\"wp-image-2728 size-full\" srcset=\"https:\/\/esici.edu.co\/wp-content\/uploads\/2024\/07\/Boletin-estrategico-multidisciplinar-No.-10-817x1024.jpeg 817w, https:\/\/esici.edu.co\/wp-content\/uploads\/2024\/07\/Boletin-estrategico-multidisciplinar-No.-10-239x300.jpeg 239w, https:\/\/esici.edu.co\/wp-content\/uploads\/2024\/07\/Boletin-estrategico-multidisciplinar-No.-10-768x963.jpeg 768w, https:\/\/esici.edu.co\/wp-content\/uploads\/2024\/07\/Boletin-estrategico-multidisciplinar-No.-10.jpeg 935w\" sizes=\"(max-width: 817px) 100vw, 817px\" \/><\/a><\/figure><div class=\"wp-block-media-text__content\">\n<p><strong>Bolet\u00edn 10: DATOS EN LA NUBE ENTIDADES MILITARES.<\/strong><br><br><em>El Bolet\u00edn 10 aborda el impacto de la nube de datos en entidades militares, los riesgos asociados y la importancia de un enfoque multidominio en operaciones militares. Se destaca un ataque cibern\u00e9tico en Colombia que afect\u00f3 a una empresa proveedora de telecomunicaciones, evidenciando la relevancia de la ciberseguridad. Se discuten medidas como el software \u00abForticlient\u00bb y se explora c\u00f3mo la integraci\u00f3n multidominio puede mejorar la eficiencia militar.<\/em><br><br><strong>Escrito por:<\/strong> <em>Hernando Supelano Espinosa y Paula Andrea Sierra Aldana.<\/em><br><br><strong>ISSN: <\/strong><em>2981-3506<\/em> (En l\u00ednea)<\/p>\n<\/div><\/div>\n\n\n\n<div style=\"height:100px\" aria-hidden=\"true\" class=\"wp-block-spacer\"><\/div>\n\n\n\n<div class=\"wp-block-media-text is-stacked-on-mobile\"><figure class=\"wp-block-media-text__media\"><a href=\"https:\/\/esici.edu.co\/wp-content\/uploads\/2024\/10\/Boletin-estrategico-multidisciplinar-No.11.pdf\"><img decoding=\"async\" width=\"728\" height=\"945\" src=\"https:\/\/esici.edu.co\/wp-content\/uploads\/2024\/10\/Boletin_11.png\" alt=\"\" class=\"wp-image-3300 size-full\" srcset=\"https:\/\/esici.edu.co\/wp-content\/uploads\/2024\/10\/Boletin_11.png 728w, https:\/\/esici.edu.co\/wp-content\/uploads\/2024\/10\/Boletin_11-231x300.png 231w\" sizes=\"(max-width: 728px) 100vw, 728px\" \/><\/a><\/figure><div class=\"wp-block-media-text__content\">\n<p><strong>Bolet\u00edn 11: MEDIDAS DE PROTECCI\u00d3N ESTRAT\u00c9GICA CONTRA<br>RANSOMWARE EN INFRAESTRUCTURAS CRITICAS<br><\/strong><br><em>El Bolet\u00edn 11 analiza las medidas estrat\u00e9gicas para proteger las infraestructuras cr\u00edticas del Ej\u00e9rcito Nacional de Colombia contra el ransomware, destacando la creciente amenaza de estos ataques cibern\u00e9ticos. Se discuten t\u00e9cnicas comunes utilizadas por los ciberdelincuentes, como el phishing y la movilidad lateral, y se citan incidentes relevantes, como el ataque de ransomware a la empresa IFX Networks en 2023, que afect\u00f3 a numerosas entidades en Colombia y Am\u00e9rica Latina. El bolet\u00edn subraya la importancia de la evaluaci\u00f3n continua de riesgos, el uso de tecnolog\u00edas avanzadas como la inteligencia artificial y la colaboraci\u00f3n entre fuerzas armadas y agencias gubernamentales para mejorar la ciberseguridad. Adem\u00e1s, se destacan estrategias de respuesta y recuperaci\u00f3n, con \u00e9nfasis en la formaci\u00f3n del personal y la implementaci\u00f3n de simulacros regulares. <\/em><br><br><strong>Escrito por:<\/strong> <em>Carlos Manuel Vargas Soto<\/em><br><br><strong>ISSN: <\/strong><em>2981-3506<\/em><\/p>\n<\/div><\/div>\n\n\n\n<div style=\"height:100px\" aria-hidden=\"true\" class=\"wp-block-spacer\"><\/div>\n\n\n\n<div class=\"wp-block-media-text is-stacked-on-mobile\" style=\"grid-template-columns:51% auto\"><figure class=\"wp-block-media-text__media\"><a href=\"https:\/\/esici.edu.co\/wp-content\/uploads\/2025\/05\/BOLETIN-12-FOD-WP-1-1.pdf\"><img loading=\"lazy\" decoding=\"async\" width=\"626\" height=\"1024\" src=\"https:\/\/esici.edu.co\/wp-content\/uploads\/2025\/07\/imagen_2025-07-06_000344858-626x1024.png\" alt=\"\" class=\"wp-image-3862 size-full\" srcset=\"https:\/\/esici.edu.co\/wp-content\/uploads\/2025\/07\/imagen_2025-07-06_000344858-626x1024.png 626w, https:\/\/esici.edu.co\/wp-content\/uploads\/2025\/07\/imagen_2025-07-06_000344858-183x300.png 183w, https:\/\/esici.edu.co\/wp-content\/uploads\/2025\/07\/imagen_2025-07-06_000344858.png 649w\" sizes=\"(max-width: 626px) 100vw, 626px\" \/><\/a><\/figure><div class=\"wp-block-media-text__content\">\n<p><strong>Bolet\u00edn 12: <strong>DETECCI\u00d3N DE OBJETOS EXTRA\u00d1OS (FOD) MEDIANTE EL PROCESAMIENTO DE IM\u00c1GENES E INTELIGENCIA ARTIFICIAL<\/strong><\/strong><\/p>\n\n\n\n<p><br>El Bolet\u00edn Estrat\u00e9gico Multidisciplinar N.\u00ba 12 presenta una investigaci\u00f3n sobre la detecci\u00f3n autom\u00e1tica de objetos extra\u00f1os (FOD) en pistas aeroportuarias mediante inteligencia artificial y procesamiento de im\u00e1genes con el modelo YOLOv10, logrando una precisi\u00f3n del 70\u202f% y procesamiento en menos de 50 milisegundos por cuadro. Basado en un dataset de 33.000 im\u00e1genes y 31 clases, el sistema busca mejorar la seguridad a\u00e9rea, reducir costos operativos y minimizar impactos ambientales. La propuesta tiene implicaciones clave para Colombia, al facilitar su implementaci\u00f3n en aeropuertos grandes y regionales, adaptarse a condiciones clim\u00e1ticas locales, fortalecer la formaci\u00f3n de talento en ciencia de datos y promover la modernizaci\u00f3n tecnol\u00f3gica del sector aeroportuario nacional.<\/p>\n\n\n\n<p><br><strong>Escrito por:<\/strong> <em>Gabriel Mateo Esquivel Huertas<\/em><br><br><strong>ISSN: <\/strong><em>2981-3506<\/em><\/p>\n<\/div><\/div>\n","protected":false},"excerpt":{"rendered":"<p>Bolet\u00edn 9: DEFORESTACI\u00d3N Y LA CAMPA\u00d1A ARTEMISA EN COLOMBIA. A ra\u00edz de la amenaza que representa la deforestaci\u00f3n en Colombia, en el a\u00f1o 2018 surge la Campa\u00f1a Artemisa, con el fin de erradicar este problema y de judicializar a quienes atenten contra la biodiversidad y la riqueza natural de la Naci\u00f3n. En las \u00faltimas tres [&hellip;]<\/p>\n","protected":false},"author":1,"featured_media":0,"parent":0,"menu_order":0,"comment_status":"closed","ping_status":"closed","template":"","meta":{"_eb_attr":"","om_disable_all_campaigns":false,"_monsterinsights_skip_tracking":false,"_monsterinsights_sitenote_active":false,"_monsterinsights_sitenote_note":"","_monsterinsights_sitenote_category":0,"_uf_show_specific_survey":0,"_uf_disable_surveys":false,"footnotes":""},"class_list":["post-2726","page","type-page","status-publish","hentry"],"aioseo_notices":[],"_links":{"self":[{"href":"https:\/\/esici.edu.co\/index.php\/wp-json\/wp\/v2\/pages\/2726","targetHints":{"allow":["GET"]}}],"collection":[{"href":"https:\/\/esici.edu.co\/index.php\/wp-json\/wp\/v2\/pages"}],"about":[{"href":"https:\/\/esici.edu.co\/index.php\/wp-json\/wp\/v2\/types\/page"}],"author":[{"embeddable":true,"href":"https:\/\/esici.edu.co\/index.php\/wp-json\/wp\/v2\/users\/1"}],"replies":[{"embeddable":true,"href":"https:\/\/esici.edu.co\/index.php\/wp-json\/wp\/v2\/comments?post=2726"}],"version-history":[{"count":12,"href":"https:\/\/esici.edu.co\/index.php\/wp-json\/wp\/v2\/pages\/2726\/revisions"}],"predecessor-version":[{"id":4311,"href":"https:\/\/esici.edu.co\/index.php\/wp-json\/wp\/v2\/pages\/2726\/revisions\/4311"}],"wp:attachment":[{"href":"https:\/\/esici.edu.co\/index.php\/wp-json\/wp\/v2\/media?parent=2726"}],"curies":[{"name":"wp","href":"https:\/\/api.w.org\/{rel}","templated":true}]}}