{"id":274,"date":"2021-05-12T19:09:38","date_gmt":"2021-05-12T19:09:38","guid":{"rendered":"https:\/\/esici.edu.co\/?page_id=274"},"modified":"2021-05-12T19:09:38","modified_gmt":"2021-05-12T19:09:38","slug":"colecciones-y-salas","status":"publish","type":"page","link":"https:\/\/esici.edu.co\/index.php\/colecciones-y-salas\/","title":{"rendered":"Colecciones y Salas"},"content":{"rendered":"\n<div class=\"wp-block-media-text alignwide is-stacked-on-mobile\"><figure class=\"wp-block-media-text__media\"><img fetchpriority=\"high\" decoding=\"async\" width=\"1024\" height=\"768\" src=\"https:\/\/esici.edu.co\/wp-content\/uploads\/2021\/05\/Galeria-3-1-1024x768-1.jpg\" alt=\"\" class=\"wp-image-260 size-full\" srcset=\"https:\/\/esici.edu.co\/wp-content\/uploads\/2021\/05\/Galeria-3-1-1024x768-1.jpg 1024w, https:\/\/esici.edu.co\/wp-content\/uploads\/2021\/05\/Galeria-3-1-1024x768-1-300x225.jpg 300w, https:\/\/esici.edu.co\/wp-content\/uploads\/2021\/05\/Galeria-3-1-1024x768-1-768x576.jpg 768w\" sizes=\"(max-width: 1024px) 100vw, 1024px\" \/><\/figure><div class=\"wp-block-media-text__content\">\n<h2 class=\"wp-block-heading\">Colecci\u00f3n General<\/h2>\n\n\n\n<p class=\"has-normal-font-size\">El material bibliogr\u00e1fico en esta colecci\u00f3n est\u00e1 constituida temas especializados acordes a las tem\u00e1ticas expuestas en los diferentes programas acad\u00e9micos impartidos en la ESICI:&nbsp;<\/p>\n\n\n\n<ul class=\"wp-block-list\"><li>Metodolog\u00eda de la investigaci\u00f3n<\/li><li>Filosof\u00eda y Psicolog\u00eda<\/li><li>Religi\u00f3n, Teolog\u00eda e ideolog\u00edas<\/li><li>Ciencias Sociales y militares<\/li><li>Ramas del Derecho<\/li><li>Tecnolog\u00eda y Ciencias Aplicadas<\/li><li>Literatura<\/li><li>Historia, Geograf\u00eda y Geopol\u00edtica<\/li><\/ul>\n<\/div><\/div>\n\n\n\n<div class=\"wp-block-media-text alignwide has-media-on-the-right is-stacked-on-mobile\"><figure class=\"wp-block-media-text__media\"><img decoding=\"async\" width=\"1024\" height=\"768\" src=\"https:\/\/esici.edu.co\/wp-content\/uploads\/2021\/05\/IMG_20210219_120003242_PORTRAIT-1024x768-1.jpg\" alt=\"\" class=\"wp-image-264 size-full\" srcset=\"https:\/\/esici.edu.co\/wp-content\/uploads\/2021\/05\/IMG_20210219_120003242_PORTRAIT-1024x768-1.jpg 1024w, https:\/\/esici.edu.co\/wp-content\/uploads\/2021\/05\/IMG_20210219_120003242_PORTRAIT-1024x768-1-300x225.jpg 300w, https:\/\/esici.edu.co\/wp-content\/uploads\/2021\/05\/IMG_20210219_120003242_PORTRAIT-1024x768-1-768x576.jpg 768w\" sizes=\"(max-width: 1024px) 100vw, 1024px\" \/><\/figure><div class=\"wp-block-media-text__content\">\n<h2 class=\"wp-block-heading\">Producci\u00f3n Acad\u00e9mica e Institucional<\/h2>\n\n\n\n<p>Se conforma de todos aquellos manuales, reglamentos, directrices y normas publicadas por diferentes Fuerzas Militares (Fuerza A\u00e9rea, Armada, Ej\u00e9rcito y Comando General FF.MM.) que por la informaci\u00f3n que poseen son de uso para el personal Militar, adem\u00e1s de la producci\u00f3n intelectual de cada programa acad\u00e9mico.<\/p>\n<\/div><\/div>\n\n\n\n<div class=\"wp-block-media-text alignwide is-stacked-on-mobile\"><figure class=\"wp-block-media-text__media\"><img decoding=\"async\" width=\"1024\" height=\"768\" src=\"https:\/\/esici.edu.co\/wp-content\/uploads\/2021\/05\/IMG-20190521-WA0041-1024x768-1.jpg\" alt=\"\" class=\"wp-image-266 size-full\" srcset=\"https:\/\/esici.edu.co\/wp-content\/uploads\/2021\/05\/IMG-20190521-WA0041-1024x768-1.jpg 1024w, https:\/\/esici.edu.co\/wp-content\/uploads\/2021\/05\/IMG-20190521-WA0041-1024x768-1-300x225.jpg 300w, https:\/\/esici.edu.co\/wp-content\/uploads\/2021\/05\/IMG-20190521-WA0041-1024x768-1-768x576.jpg 768w\" sizes=\"(max-width: 1024px) 100vw, 1024px\" \/><\/figure><div class=\"wp-block-media-text__content\">\n<h2 class=\"wp-block-heading\">Hemeroteca<\/h2>\n\n\n\n<p>Las Fuerzas Armadas poseen publicaciones peri\u00f3dicas que correspondan el desarrollo de sus proyectos curriculares y que sustenten el proceso de ense\u00f1anza aprendizaje y la investigaci\u00f3n.<\/p>\n<\/div><\/div>\n\n\n\n<div class=\"wp-block-media-text alignwide has-media-on-the-right is-stacked-on-mobile\"><figure class=\"wp-block-media-text__media\"><img loading=\"lazy\" decoding=\"async\" width=\"1024\" height=\"768\" src=\"https:\/\/esici.edu.co\/wp-content\/uploads\/2021\/05\/IMG-20190509-WA0044-1-1024x768-1.jpg\" alt=\"\" class=\"wp-image-265 size-full\" srcset=\"https:\/\/esici.edu.co\/wp-content\/uploads\/2021\/05\/IMG-20190509-WA0044-1-1024x768-1.jpg 1024w, https:\/\/esici.edu.co\/wp-content\/uploads\/2021\/05\/IMG-20190509-WA0044-1-1024x768-1-300x225.jpg 300w, https:\/\/esici.edu.co\/wp-content\/uploads\/2021\/05\/IMG-20190509-WA0044-1-1024x768-1-768x576.jpg 768w\" sizes=\"(max-width: 1024px) 100vw, 1024px\" \/><\/figure><div class=\"wp-block-media-text__content\">\n<h2 class=\"wp-block-heading\">Multimedia y Audiovisual<\/h2>\n\n\n\n<p>La Biblioteca se encuentra consolidando una colecci\u00f3n en material audiovisual que apoye los procesos acad\u00e9micos de cada uno de los proyectos curriculares, en los diversos programas que ofrece la Escuela.<\/p>\n<\/div><\/div>\n","protected":false},"excerpt":{"rendered":"<p>Colecci\u00f3n General El material bibliogr\u00e1fico en esta colecci\u00f3n est\u00e1 constituida temas especializados acordes a las tem\u00e1ticas expuestas en los diferentes programas acad\u00e9micos impartidos en la ESICI:&nbsp; Metodolog\u00eda de la investigaci\u00f3n Filosof\u00eda y Psicolog\u00eda Religi\u00f3n, Teolog\u00eda e ideolog\u00edas Ciencias Sociales y militares Ramas del Derecho Tecnolog\u00eda y Ciencias Aplicadas Literatura Historia, Geograf\u00eda y Geopol\u00edtica Producci\u00f3n Acad\u00e9mica [&hellip;]<\/p>\n","protected":false},"author":1,"featured_media":0,"parent":0,"menu_order":0,"comment_status":"closed","ping_status":"closed","template":"","meta":{"_eb_attr":"","om_disable_all_campaigns":false,"_monsterinsights_skip_tracking":false,"_monsterinsights_sitenote_active":false,"_monsterinsights_sitenote_note":"","_monsterinsights_sitenote_category":0,"_uf_show_specific_survey":0,"_uf_disable_surveys":false,"footnotes":""},"class_list":["post-274","page","type-page","status-publish","hentry"],"aioseo_notices":[],"_links":{"self":[{"href":"https:\/\/esici.edu.co\/index.php\/wp-json\/wp\/v2\/pages\/274","targetHints":{"allow":["GET"]}}],"collection":[{"href":"https:\/\/esici.edu.co\/index.php\/wp-json\/wp\/v2\/pages"}],"about":[{"href":"https:\/\/esici.edu.co\/index.php\/wp-json\/wp\/v2\/types\/page"}],"author":[{"embeddable":true,"href":"https:\/\/esici.edu.co\/index.php\/wp-json\/wp\/v2\/users\/1"}],"replies":[{"embeddable":true,"href":"https:\/\/esici.edu.co\/index.php\/wp-json\/wp\/v2\/comments?post=274"}],"version-history":[{"count":1,"href":"https:\/\/esici.edu.co\/index.php\/wp-json\/wp\/v2\/pages\/274\/revisions"}],"predecessor-version":[{"id":275,"href":"https:\/\/esici.edu.co\/index.php\/wp-json\/wp\/v2\/pages\/274\/revisions\/275"}],"wp:attachment":[{"href":"https:\/\/esici.edu.co\/index.php\/wp-json\/wp\/v2\/media?parent=274"}],"curies":[{"name":"wp","href":"https:\/\/api.w.org\/{rel}","templated":true}]}}