{"id":280,"date":"2021-05-13T01:12:17","date_gmt":"2021-05-13T01:12:17","guid":{"rendered":"https:\/\/esici.edu.co\/?page_id=280"},"modified":"2024-08-20T01:04:20","modified_gmt":"2024-08-20T01:04:20","slug":"servicios-de-biblioteca","status":"publish","type":"page","link":"https:\/\/esici.edu.co\/index.php\/servicios-de-biblioteca\/","title":{"rendered":"Servicios de Biblioteca"},"content":{"rendered":"\n<div class=\"wp-block-media-text alignwide has-media-on-the-right is-stacked-on-mobile\" style=\"grid-template-columns:auto 30%\"><div class=\"wp-block-media-text__content\">\n<h4 class=\"wp-block-heading\"><strong>Pr\u00e9stamo de material y Consulta en sala<\/strong><\/h4>\n\n\n\n<p class=\"has-normal-font-size\">Este servicio permite a l a comunidad acad\u00e9mica, personal administrativo de la ESICI y a usuarios acogidos en los convenios interbibliotecarios; que puedan solicitar en modo de pr\u00e9stamo externo el material bibliogr\u00e1fico y de multimedia existente, as\u00ed como la consulta del mismo. As\u00ed como renovar el pr\u00e9stamo en l\u00ednea.<\/p>\n\n\n\n<h4 class=\"wp-block-heading\"><strong>Uso de computadores y de salas<\/strong><\/h4>\n\n\n\n<p class=\"has-normal-font-size\">Los usuarios tienen a sus disposici\u00f3n una sala de reuniones y puestos individuales de estudio, las cuales est\u00e1n sujetas a condiciones seg\u00fan Protocolo de Bioseguridad para Bibliotecas FF.MM., adem\u00e1s del uso de computadores de escritorio y el acceso a Wifi&nbsp; en modo invitados.<\/p>\n\n\n\n<h4 class=\"wp-block-heading\"><strong>Referencia, orientaci\u00f3n y capacitaci\u00f3n<\/strong><\/h4>\n\n\n\n<p class=\"has-normal-font-size\">Este servicio tiene como objetivo formar a los usuarios en la b\u00fasqueda oportuna y&nbsp; del uso de los servicios de la Biblioteca, como tambi\u00e9n el funcionamiento de las diferentes herramientas virtuales del Sistema de Aulas Virtuales en la plataforma Blackboard.<\/p>\n<\/div><figure class=\"wp-block-media-text__media\"><img fetchpriority=\"high\" decoding=\"async\" width=\"1024\" height=\"1024\" src=\"https:\/\/esici.edu.co\/wp-content\/uploads\/2022\/02\/WhatsApp-Image-2022-02-21-at-14.34.43-1024x1024.jpeg\" alt=\"\" class=\"wp-image-1543 size-full\" srcset=\"https:\/\/esici.edu.co\/wp-content\/uploads\/2022\/02\/WhatsApp-Image-2022-02-21-at-14.34.43-1024x1024.jpeg 1024w, https:\/\/esici.edu.co\/wp-content\/uploads\/2022\/02\/WhatsApp-Image-2022-02-21-at-14.34.43-300x300.jpeg 300w, https:\/\/esici.edu.co\/wp-content\/uploads\/2022\/02\/WhatsApp-Image-2022-02-21-at-14.34.43-150x150.jpeg 150w, https:\/\/esici.edu.co\/wp-content\/uploads\/2022\/02\/WhatsApp-Image-2022-02-21-at-14.34.43-768x768.jpeg 768w, https:\/\/esici.edu.co\/wp-content\/uploads\/2022\/02\/WhatsApp-Image-2022-02-21-at-14.34.43.jpeg 1280w\" sizes=\"(max-width: 1024px) 100vw, 1024px\" \/><\/figure><\/div>\n\n\n\n<h2 class=\"wp-block-heading has-text-align-center\"><em>Pulsa&nbsp;<strong><a href=\"http:\/\/Tinyurl.com\/buscadorsibfup\" target=\"_blank\" rel=\"noreferrer noopener\"><span class=\"has-inline-color has-vivid-cyan-blue-color\">aqu\u00ed<\/span><\/a><\/strong> para ingresar directamente a la&nbsp;<strong>Tarjeta Virtual de Biblioteca<\/strong><\/em>.<\/h2>\n\n\n\n<h1 class=\"wp-block-heading\">VIDEO<\/h1>\n\n\n\n<figure class=\"wp-block-image size-large is-resized\"><a href=\"https:\/\/www.youtube.com\/watch?v=1k0G5JtIGms\"><img decoding=\"async\" width=\"1024\" height=\"576\" src=\"https:\/\/esici.edu.co\/wp-content\/uploads\/2022\/02\/Sin-titulo-1024x576.png\" alt=\"\" class=\"wp-image-1550\" style=\"width:841px;height:auto\" srcset=\"https:\/\/esici.edu.co\/wp-content\/uploads\/2022\/02\/Sin-titulo-1024x576.png 1024w, https:\/\/esici.edu.co\/wp-content\/uploads\/2022\/02\/Sin-titulo-300x169.png 300w, https:\/\/esici.edu.co\/wp-content\/uploads\/2022\/02\/Sin-titulo-768x432.png 768w, https:\/\/esici.edu.co\/wp-content\/uploads\/2022\/02\/Sin-titulo-1536x864.png 1536w, https:\/\/esici.edu.co\/wp-content\/uploads\/2022\/02\/Sin-titulo.png 1920w\" sizes=\"(max-width: 1024px) 100vw, 1024px\" \/><\/a><\/figure>\n","protected":false},"excerpt":{"rendered":"<p>Pr\u00e9stamo de material y Consulta en sala Este servicio permite a l a comunidad acad\u00e9mica, personal administrativo de la ESICI y a usuarios acogidos en los convenios interbibliotecarios; que puedan solicitar en modo de pr\u00e9stamo externo el material bibliogr\u00e1fico y de multimedia existente, as\u00ed como la consulta del mismo. As\u00ed como renovar el pr\u00e9stamo en [&hellip;]<\/p>\n","protected":false},"author":1,"featured_media":0,"parent":0,"menu_order":0,"comment_status":"closed","ping_status":"closed","template":"","meta":{"_eb_attr":"","om_disable_all_campaigns":false,"_monsterinsights_skip_tracking":false,"_monsterinsights_sitenote_active":false,"_monsterinsights_sitenote_note":"","_monsterinsights_sitenote_category":0,"_uf_show_specific_survey":0,"_uf_disable_surveys":false,"footnotes":""},"class_list":["post-280","page","type-page","status-publish","hentry"],"aioseo_notices":[],"_links":{"self":[{"href":"https:\/\/esici.edu.co\/index.php\/wp-json\/wp\/v2\/pages\/280","targetHints":{"allow":["GET"]}}],"collection":[{"href":"https:\/\/esici.edu.co\/index.php\/wp-json\/wp\/v2\/pages"}],"about":[{"href":"https:\/\/esici.edu.co\/index.php\/wp-json\/wp\/v2\/types\/page"}],"author":[{"embeddable":true,"href":"https:\/\/esici.edu.co\/index.php\/wp-json\/wp\/v2\/users\/1"}],"replies":[{"embeddable":true,"href":"https:\/\/esici.edu.co\/index.php\/wp-json\/wp\/v2\/comments?post=280"}],"version-history":[{"count":11,"href":"https:\/\/esici.edu.co\/index.php\/wp-json\/wp\/v2\/pages\/280\/revisions"}],"predecessor-version":[{"id":3214,"href":"https:\/\/esici.edu.co\/index.php\/wp-json\/wp\/v2\/pages\/280\/revisions\/3214"}],"wp:attachment":[{"href":"https:\/\/esici.edu.co\/index.php\/wp-json\/wp\/v2\/media?parent=280"}],"curies":[{"name":"wp","href":"https:\/\/api.w.org\/{rel}","templated":true}]}}