{"id":305,"date":"2021-05-13T02:36:26","date_gmt":"2021-05-13T02:36:26","guid":{"rendered":"https:\/\/esici.edu.co\/?page_id=305"},"modified":"2025-05-24T02:55:40","modified_gmt":"2025-05-24T02:55:40","slug":"recursos-virtuales-online","status":"publish","type":"page","link":"https:\/\/esici.edu.co\/index.php\/recursos-virtuales-online\/","title":{"rendered":"Recursos Virtuales Online"},"content":{"rendered":"\n<div class=\"wp-block-media-text alignwide is-stacked-on-mobile\" style=\"grid-template-columns:46% auto\"><figure class=\"wp-block-media-text__media\"><img fetchpriority=\"high\" decoding=\"async\" width=\"395\" height=\"133\" src=\"https:\/\/esici.edu.co\/wp-content\/uploads\/2021\/05\/Sistema-de-Informacion-de-la-Fuerza-Publica-SIBFuP.png\" alt=\"\" class=\"wp-image-306 size-full\" srcset=\"https:\/\/esici.edu.co\/wp-content\/uploads\/2021\/05\/Sistema-de-Informacion-de-la-Fuerza-Publica-SIBFuP.png 395w, https:\/\/esici.edu.co\/wp-content\/uploads\/2021\/05\/Sistema-de-Informacion-de-la-Fuerza-Publica-SIBFuP-300x101.png 300w\" sizes=\"(max-width: 395px) 100vw, 395px\" \/><\/figure><div class=\"wp-block-media-text__content\">\n<h2 class=\"wp-block-heading has-text-align-center\"><a href=\"https:\/\/mindefensa.primo.exlibrisgroup.com\/discovery\/fulldisplay?docid=alma990001142470107231&amp;context=U&amp;vid=57MDN_INST:MDN&amp;lang=es\">Ingreso al Descubridor del Sistema de Bibliotecas<\/a><\/h2>\n<\/div><\/div>\n\n\n\n<hr class=\"wp-block-separator has-css-opacity\"\/>\n\n\n\n<div class=\"wp-block-media-text alignwide has-media-on-the-right is-stacked-on-mobile\" style=\"grid-template-columns:auto 41%\"><div class=\"wp-block-media-text__content\">\n<h2 class=\"wp-block-heading has-text-align-center\"><a rel=\"noreferrer noopener\" href=\"https:\/\/avafp.blackboard.com\/\" target=\"_blank\">Ingreso al Ambiente Virtual de Aprendizaje de La Fuerza P\u00fablica<\/a><\/h2>\n<\/div><figure class=\"wp-block-media-text__media\"><img decoding=\"async\" width=\"283\" height=\"131\" src=\"https:\/\/esici.edu.co\/wp-content\/uploads\/2021\/05\/Ambiente-Virtual-de-Aprendizaje-Blackboard-e1616767153664.png\" alt=\"\" class=\"wp-image-307 size-full\"\/><\/figure><\/div>\n\n\n\n<hr class=\"wp-block-separator has-css-opacity\"\/>\n\n\n\n<h3 class=\"wp-block-heading has-text-align-center\"><strong>Video Tutorial del Sistema de Informaci\u00f3n de Bibliotecas de la Fuerza P\u00fablica (SIBFuP)<\/strong>:<\/h3>\n\n\n\n<hr class=\"wp-block-separator has-css-opacity\"\/>\n\n\n\n<div class=\"wp-block-media-text alignwide is-stacked-on-mobile\" style=\"grid-template-columns:37% auto\"><figure class=\"wp-block-media-text__media\"><img decoding=\"async\" width=\"452\" height=\"226\" src=\"https:\/\/esici.edu.co\/wp-content\/uploads\/2025\/05\/LA-Referencia.png\" alt=\"\" class=\"wp-image-3693 size-full\" srcset=\"https:\/\/esici.edu.co\/wp-content\/uploads\/2025\/05\/LA-Referencia.png 452w, https:\/\/esici.edu.co\/wp-content\/uploads\/2025\/05\/LA-Referencia-300x150.png 300w\" sizes=\"(max-width: 452px) 100vw, 452px\" \/><\/figure><div class=\"wp-block-media-text__content\">\n<p class=\"has-normal-font-size\"><br>Producci\u00f3n cient\u00edfica de las instituciones de educaci\u00f3n superior e investigaci\u00f3n de Am\u00e9rica Latina, promueve el Acceso Abierto y gratuito al texto completo, con especial \u00e9nfasis en los resultados financiados con fondos p\u00fablicos.&nbsp;<a rel=\"noreferrer noopener\" href=\"http:\/\/www.lareferencia.info\/es\/\" target=\"_blank\">Pulsa Aqu\u00ed<\/a><\/p>\n<\/div><\/div>\n\n\n\n<hr class=\"wp-block-separator has-css-opacity\"\/>\n\n\n\n<div class=\"wp-block-media-text alignwide is-stacked-on-mobile\" style=\"grid-template-columns:37% auto\"><figure class=\"wp-block-media-text__media\"><img loading=\"lazy\" decoding=\"async\" width=\"260\" height=\"120\" src=\"https:\/\/esici.edu.co\/wp-content\/uploads\/2025\/05\/Repositorio-OpenDOAR-1.png\" alt=\"\" class=\"wp-image-3698 size-full\"\/><\/figure><div class=\"wp-block-media-text__content\">\n<p class=\"has-normal-font-size\">Directorio global de repositorios de acceso abierto. Puede buscar y navegar a trav\u00e9s de miles de repositorios registrados en funci\u00f3n de una variedad de caracter\u00edsticas, como ubicaci\u00f3n, software o tipo de material almacenado.&nbsp;<a rel=\"noreferrer noopener\" href=\"http:\/\/v2.sherpa.ac.uk\/opendoar\/\" target=\"_blank\">Pulsa Aqu\u00ed<\/a><\/p>\n<\/div><\/div>\n\n\n\n<hr class=\"wp-block-separator has-css-opacity\"\/>\n\n\n\n<div class=\"wp-block-media-text alignwide is-stacked-on-mobile\" style=\"grid-template-columns:37% auto\"><figure class=\"wp-block-media-text__media\"><img loading=\"lazy\" decoding=\"async\" width=\"300\" height=\"82\" src=\"https:\/\/esici.edu.co\/wp-content\/uploads\/2025\/05\/RED-Colombiana-de-Informacion-Cientifica-300x82-1.png\" alt=\"\" class=\"wp-image-3700 size-full\"\/><\/figure><div class=\"wp-block-media-text__content\">\n<p class=\"has-normal-font-size\">Conformada por Colciencias a trav\u00e9s del Resoluci\u00f3n 166 del 20 de febrero de 2019. El objetivo central de la Red ser\u00e1 articular esfuerzos de los actores del Sistema Nacional de Ciencia, Tecnolog\u00eda e Innovaci\u00f3n, para potenciar la visibilidad, circulaci\u00f3n y gesti\u00f3n de la informaci\u00f3n cient\u00edfica colombiana. &nbsp;<a rel=\"noreferrer noopener\" href=\"https:\/\/redcol.minciencias.gov.co\/vufind\/\" target=\"_blank\">Pulsa Aqu\u00ed<\/a><\/p>\n<\/div><\/div>\n\n\n\n<p><\/p>\n","protected":false},"excerpt":{"rendered":"<p>Ingreso al Descubridor del Sistema de Bibliotecas Ingreso al Ambiente Virtual de Aprendizaje de La Fuerza P\u00fablica Video Tutorial del Sistema de Informaci\u00f3n de Bibliotecas de la Fuerza P\u00fablica (SIBFuP): Producci\u00f3n cient\u00edfica de las instituciones de educaci\u00f3n superior e investigaci\u00f3n de Am\u00e9rica Latina, promueve el Acceso Abierto y gratuito al texto completo, con especial \u00e9nfasis [&hellip;]<\/p>\n","protected":false},"author":1,"featured_media":0,"parent":0,"menu_order":0,"comment_status":"closed","ping_status":"closed","template":"","meta":{"_eb_attr":"","om_disable_all_campaigns":false,"_monsterinsights_skip_tracking":false,"_monsterinsights_sitenote_active":false,"_monsterinsights_sitenote_note":"","_monsterinsights_sitenote_category":0,"_uf_show_specific_survey":0,"_uf_disable_surveys":false,"footnotes":""},"class_list":["post-305","page","type-page","status-publish","hentry"],"aioseo_notices":[],"_links":{"self":[{"href":"https:\/\/esici.edu.co\/index.php\/wp-json\/wp\/v2\/pages\/305","targetHints":{"allow":["GET"]}}],"collection":[{"href":"https:\/\/esici.edu.co\/index.php\/wp-json\/wp\/v2\/pages"}],"about":[{"href":"https:\/\/esici.edu.co\/index.php\/wp-json\/wp\/v2\/types\/page"}],"author":[{"embeddable":true,"href":"https:\/\/esici.edu.co\/index.php\/wp-json\/wp\/v2\/users\/1"}],"replies":[{"embeddable":true,"href":"https:\/\/esici.edu.co\/index.php\/wp-json\/wp\/v2\/comments?post=305"}],"version-history":[{"count":8,"href":"https:\/\/esici.edu.co\/index.php\/wp-json\/wp\/v2\/pages\/305\/revisions"}],"predecessor-version":[{"id":3702,"href":"https:\/\/esici.edu.co\/index.php\/wp-json\/wp\/v2\/pages\/305\/revisions\/3702"}],"wp:attachment":[{"href":"https:\/\/esici.edu.co\/index.php\/wp-json\/wp\/v2\/media?parent=305"}],"curies":[{"name":"wp","href":"https:\/\/api.w.org\/{rel}","templated":true}]}}