{"id":314,"date":"2021-05-13T02:44:43","date_gmt":"2021-05-13T02:44:43","guid":{"rendered":"https:\/\/esici.edu.co\/?page_id=314"},"modified":"2025-05-23T20:48:31","modified_gmt":"2025-05-23T20:48:31","slug":"eventos-y-actividades","status":"publish","type":"page","link":"https:\/\/esici.edu.co\/index.php\/eventos-y-actividades\/","title":{"rendered":"Eventos y Actividades"},"content":{"rendered":"\n<p>Las actividades realizadas por la biblioteca tienen como objetivo promover la lectura, incentivar el h\u00e1bito lector, dar a conocer las nuevas adquisiciones de material bibliogr\u00e1fico, poner en conocimiento los servicios que ofrece la biblioteca y sobre todo aportar a la integraci\u00f3n de la comunidad acad\u00e9mica de la Escuela de Inteligencia y Contrainteligencia \u201cBrigadier General Ricardo Charry Solano\u00bb.<\/p>\n\n\n\n<h3 class=\"wp-block-heading\">D\u00eda del Bibliotec\u00f3logo<\/h3>\n\n\n\n<p>El 23 de abril se celebra en Colombia una profesi\u00f3n que trabaja constantemente en fortalecer las t\u00e9cnicas, procesos y herramientas de selecci\u00f3n, organizaci\u00f3n, conservaci\u00f3n, divulgaci\u00f3n y acceso a la informaci\u00f3n y el conocimiento por parte de cualquier persona que lo necesite; esta celebraci\u00f3n se enmarca con el reconocimiento de la bibliotecolog\u00eda, dentro del territorial nacional, como profesi\u00f3n, seg\u00fan lo establecido en la Ley 11 de 1979 de la Rep\u00fablica de Colombia. Adem\u00e1s, la celebraci\u00f3n coincide con el D\u00eda Internacional del Libro. (Ascolbi)<\/p>\n\n\n\n<figure class=\"wp-block-embed aligncenter is-type-video is-provider-youtube wp-block-embed-youtube wp-embed-aspect-16-9 wp-has-aspect-ratio\"><div class=\"wp-block-embed__wrapper\">\n<iframe title=\"D\u00eda del Bibliotec\u00f3logo\" width=\"500\" height=\"281\" src=\"https:\/\/www.youtube.com\/embed\/tugsjp9YkEk?feature=oembed\" frameborder=\"0\" allow=\"accelerometer; autoplay; clipboard-write; encrypted-media; gyroscope; picture-in-picture; web-share\" referrerpolicy=\"strict-origin-when-cross-origin\" allowfullscreen><\/iframe>\n<\/div><\/figure>\n\n\n\n<hr class=\"wp-block-separator has-css-opacity\"\/>\n\n\n\n<h3 class=\"wp-block-heading\">Primer Encuentro Literario y Cultural<\/h3>\n\n\n\n<p>El Desarrollo de el Primer Encuentro Literario y Cultural de la Escuela de Inteligencia y Contrainteligencia \u201cBrigadier General Ricardo Charry Solano\u201d integr\u00f3 a la comunidad acad\u00e9mica con el fin de promover la lectura, fortalecer la difusi\u00f3n de libros, distribuir y expandir conocimientos y cultura entre los participantes.<\/p>\n\n\n\n<figure class=\"wp-block-embed aligncenter is-type-video is-provider-youtube wp-block-embed-youtube wp-embed-aspect-16-9 wp-has-aspect-ratio\"><div class=\"wp-block-embed__wrapper\">\n<iframe title=\"Primer encuentro literario y cultural ESICI\" width=\"500\" height=\"281\" src=\"https:\/\/www.youtube.com\/embed\/lpKikf-xw8s?feature=oembed\" frameborder=\"0\" allow=\"accelerometer; autoplay; clipboard-write; encrypted-media; gyroscope; picture-in-picture; web-share\" referrerpolicy=\"strict-origin-when-cross-origin\" allowfullscreen><\/iframe>\n<\/div><\/figure>\n\n\n\n<hr class=\"wp-block-separator has-css-opacity\"\/>\n\n\n\n<h3 class=\"wp-block-heading\">\u00abDona un libro\u00bb<\/h3>\n\n\n\n<p>Esta campa\u00f1a busca la colaboraci\u00f3n de la comunidad ESICI para fortalecer y enriquecer el acervo bibliogr\u00e1fico. S\u00ed est\u00e1s interesado en donar un libros solo ten en cuenta que la tem\u00e1tica sea en temas relacionados a los conocimientos impartidos en la escuela.<\/p>\n\n\n<div class=\"wp-block-image\">\n<figure class=\"aligncenter size-large is-resized\"><img fetchpriority=\"high\" decoding=\"async\" width=\"683\" height=\"1024\" src=\"https:\/\/esici.edu.co\/wp-content\/uploads\/2025\/05\/Imagen-Esici-dona-un-libro-@3x-100-683x1024.jpg\" alt=\"\" class=\"wp-image-3673\" style=\"aspect-ratio:0.75;width:538px;height:auto\" srcset=\"https:\/\/esici.edu.co\/wp-content\/uploads\/2025\/05\/Imagen-Esici-dona-un-libro-@3x-100-683x1024.jpg 683w, https:\/\/esici.edu.co\/wp-content\/uploads\/2025\/05\/Imagen-Esici-dona-un-libro-@3x-100-200x300.jpg 200w, https:\/\/esici.edu.co\/wp-content\/uploads\/2025\/05\/Imagen-Esici-dona-un-libro-@3x-100-768x1152.jpg 768w, https:\/\/esici.edu.co\/wp-content\/uploads\/2025\/05\/Imagen-Esici-dona-un-libro-@3x-100-1024x1536.jpg 1024w, https:\/\/esici.edu.co\/wp-content\/uploads\/2025\/05\/Imagen-Esici-dona-un-libro-@3x-100-1366x2048.jpg 1366w, https:\/\/esici.edu.co\/wp-content\/uploads\/2025\/05\/Imagen-Esici-dona-un-libro-@3x-100-scaled.jpg 1707w\" sizes=\"(max-width: 683px) 100vw, 683px\" \/><\/figure><\/div>","protected":false},"excerpt":{"rendered":"<p>Las actividades realizadas por la biblioteca tienen como objetivo promover la lectura, incentivar el h\u00e1bito lector, dar a conocer las nuevas adquisiciones de material bibliogr\u00e1fico, poner en conocimiento los servicios que ofrece la biblioteca y sobre todo aportar a la integraci\u00f3n de la comunidad acad\u00e9mica de la Escuela de Inteligencia y Contrainteligencia \u201cBrigadier General Ricardo [&hellip;]<\/p>\n","protected":false},"author":1,"featured_media":0,"parent":0,"menu_order":0,"comment_status":"closed","ping_status":"closed","template":"","meta":{"_eb_attr":"","om_disable_all_campaigns":false,"_monsterinsights_skip_tracking":false,"_monsterinsights_sitenote_active":false,"_monsterinsights_sitenote_note":"","_monsterinsights_sitenote_category":0,"_uf_show_specific_survey":0,"_uf_disable_surveys":false,"footnotes":""},"class_list":["post-314","page","type-page","status-publish","hentry"],"aioseo_notices":[],"_links":{"self":[{"href":"https:\/\/esici.edu.co\/index.php\/wp-json\/wp\/v2\/pages\/314","targetHints":{"allow":["GET"]}}],"collection":[{"href":"https:\/\/esici.edu.co\/index.php\/wp-json\/wp\/v2\/pages"}],"about":[{"href":"https:\/\/esici.edu.co\/index.php\/wp-json\/wp\/v2\/types\/page"}],"author":[{"embeddable":true,"href":"https:\/\/esici.edu.co\/index.php\/wp-json\/wp\/v2\/users\/1"}],"replies":[{"embeddable":true,"href":"https:\/\/esici.edu.co\/index.php\/wp-json\/wp\/v2\/comments?post=314"}],"version-history":[{"count":3,"href":"https:\/\/esici.edu.co\/index.php\/wp-json\/wp\/v2\/pages\/314\/revisions"}],"predecessor-version":[{"id":3674,"href":"https:\/\/esici.edu.co\/index.php\/wp-json\/wp\/v2\/pages\/314\/revisions\/3674"}],"wp:attachment":[{"href":"https:\/\/esici.edu.co\/index.php\/wp-json\/wp\/v2\/media?parent=314"}],"curies":[{"name":"wp","href":"https:\/\/api.w.org\/{rel}","templated":true}]}}