{"id":319,"date":"2021-05-13T02:53:03","date_gmt":"2021-05-13T02:53:03","guid":{"rendered":"https:\/\/esici.edu.co\/?page_id=319"},"modified":"2021-05-13T04:33:47","modified_gmt":"2021-05-13T04:33:47","slug":"atencion-en-linea","status":"publish","type":"page","link":"https:\/\/esici.edu.co\/index.php\/atencion-en-linea\/","title":{"rendered":"Atenci\u00f3n en Linea"},"content":{"rendered":"\n<h2 class=\"has-text-align-center wp-block-heading\"><strong><span style=\"color:#000fa3\" class=\"has-inline-color\">SERVICIO DE REFERENCIA VIRTUAL<\/span><\/strong><\/h2>\n\n\n\n<p class=\"has-text-align-center\"><span class=\"has-inline-color has-black-color\">Pregunta al Bibliotec\u00f3logo&nbsp;dando clic sobre la imagen:<\/span><\/p>\n\n\n\n<div class=\"wp-block-image\"><figure class=\"aligncenter size-large is-resized\"><a href=\"https:\/\/us.bbcollab.com\/collab\/ui\/session\/guest\/a0ceb1c6acb149109c899012420bacd9\"><img fetchpriority=\"high\" decoding=\"async\" src=\"https:\/\/esici.edu.co\/wp-content\/uploads\/2021\/05\/Servicio-de-referencia-virtual-1-300x169-1.png\" alt=\"\" class=\"wp-image-320\" width=\"394\" height=\"222\"\/><\/a><\/figure><\/div>\n\n\n\n<p class=\"has-text-align-center\"><span class=\"has-inline-color has-black-color\">O s\u00ed prefieres&nbsp;<\/span><a rel=\"noreferrer noopener\" href=\"https:\/\/forms.gle\/NsXAp2WjenTcfaM97\" target=\"_blank\"><span class=\"has-inline-color has-white-color\">pulsa aqu\u00ed<\/span><\/a><span class=\"has-inline-color has-black-color\">&nbsp;para dejar tus inquietudes por escrito<\/span><\/p>\n\n\n\n<hr class=\"wp-block-separator\"\/>\n\n\n\n<h4 class=\"has-text-align-center wp-block-heading\"><strong>Funcionarios<\/strong><\/h4>\n\n\n\n<p class=\"has-text-align-center\"><span class=\"has-inline-color has-black-color\">Fredy Alexander Ariza S. (Bibliotec\u00f3logo)<\/span><\/p>\n\n\n\n<p class=\"has-text-align-center\"><span class=\"has-inline-color has-black-color\">Enrique Malaver (Auxiliar&nbsp; de Biblioteca)<\/span><\/p>\n\n\n\n<p class=\"has-text-align-center\"><strong>E-mail:<\/strong>&nbsp;<a href=\"mailto:biblioteca.esici@cedoc.edu.co\">biblioteca.esici@cedoc.edu.co<\/a><\/p>\n\n\n\n<hr class=\"wp-block-separator\"\/>\n\n\n\n<h4 class=\"has-text-align-center wp-block-heading\">&nbsp;<strong>Horario de atenci\u00f3n:<\/strong><\/h4>\n\n\n\n<p class=\"has-text-align-center\"><span class=\"has-inline-color has-black-color\">Lunes a Viernes de&nbsp;8:00 a.m. a 12:00 p.m. y de 1:00 p.m. a 5:00 p.m.<\/span><\/p>\n\n\n\n<p class=\"has-text-align-center\"><span class=\"has-inline-color has-black-color\">Bogot\u00e1 D.C., Colombia<\/span><\/p>\n","protected":false},"excerpt":{"rendered":"<p>SERVICIO DE REFERENCIA VIRTUAL Pregunta al Bibliotec\u00f3logo&nbsp;dando clic sobre la imagen: O s\u00ed prefieres&nbsp;pulsa aqu\u00ed&nbsp;para dejar tus inquietudes por escrito Funcionarios Fredy Alexander Ariza S. (Bibliotec\u00f3logo) Enrique Malaver (Auxiliar&nbsp; de Biblioteca) E-mail:&nbsp;biblioteca.esici@cedoc.edu.co &nbsp;Horario de atenci\u00f3n: Lunes a Viernes de&nbsp;8:00 a.m. a 12:00 p.m. y de 1:00 p.m. a 5:00 p.m. Bogot\u00e1 D.C., Colombia<\/p>\n","protected":false},"author":1,"featured_media":0,"parent":0,"menu_order":0,"comment_status":"closed","ping_status":"closed","template":"","meta":{"_eb_attr":"","om_disable_all_campaigns":false,"_monsterinsights_skip_tracking":false,"_monsterinsights_sitenote_active":false,"_monsterinsights_sitenote_note":"","_monsterinsights_sitenote_category":0,"_uf_show_specific_survey":0,"_uf_disable_surveys":false,"footnotes":""},"class_list":["post-319","page","type-page","status-publish","hentry"],"aioseo_notices":[],"_links":{"self":[{"href":"https:\/\/esici.edu.co\/index.php\/wp-json\/wp\/v2\/pages\/319","targetHints":{"allow":["GET"]}}],"collection":[{"href":"https:\/\/esici.edu.co\/index.php\/wp-json\/wp\/v2\/pages"}],"about":[{"href":"https:\/\/esici.edu.co\/index.php\/wp-json\/wp\/v2\/types\/page"}],"author":[{"embeddable":true,"href":"https:\/\/esici.edu.co\/index.php\/wp-json\/wp\/v2\/users\/1"}],"replies":[{"embeddable":true,"href":"https:\/\/esici.edu.co\/index.php\/wp-json\/wp\/v2\/comments?post=319"}],"version-history":[{"count":3,"href":"https:\/\/esici.edu.co\/index.php\/wp-json\/wp\/v2\/pages\/319\/revisions"}],"predecessor-version":[{"id":371,"href":"https:\/\/esici.edu.co\/index.php\/wp-json\/wp\/v2\/pages\/319\/revisions\/371"}],"wp:attachment":[{"href":"https:\/\/esici.edu.co\/index.php\/wp-json\/wp\/v2\/media?parent=319"}],"curies":[{"name":"wp","href":"https:\/\/api.w.org\/{rel}","templated":true}]}}