{"id":389,"date":"2021-05-14T00:29:05","date_gmt":"2021-05-14T00:29:05","guid":{"rendered":"https:\/\/esici.edu.co\/?page_id=389"},"modified":"2026-04-13T17:53:50","modified_gmt":"2026-04-13T17:53:50","slug":"estatutos-2","status":"publish","type":"page","link":"https:\/\/esici.edu.co\/index.php\/estatutos-2\/","title":{"rendered":""},"content":{"rendered":"\n<h4 class=\"wp-block-heading has-black-color has-text-color has-link-color has-large-font-size wp-elements-859b81aaf474274c7d0b183e32d65c11\"><strong>ESTATUTOS<\/strong><\/h4>\n\n\n\n<div class=\"wp-block-file\"><a id=\"wp-block-file--media-b0d3723d-e24f-4915-9899-67ecfc618281\" href=\"https:\/\/esici.edu.co\/wp-content\/uploads\/2026\/02\/ESTATUTO-GENERAL-ACUERDO-No.-001-DEL-05-DE-DICIEMBRE-2025.pdf\">ESTATUTO GENERAL &#8211; ACUERDO No. 001 DEL 05 DE DICIEMBRE 2025<\/a><a href=\"https:\/\/esici.edu.co\/wp-content\/uploads\/2026\/02\/ESTATUTO-GENERAL-ACUERDO-No.-001-DEL-05-DE-DICIEMBRE-2025.pdf\" class=\"wp-block-file__button wp-element-button\" download aria-describedby=\"wp-block-file--media-b0d3723d-e24f-4915-9899-67ecfc618281\">Descarga<\/a><\/div>\n\n\n\n<div class=\"wp-block-file\"><a id=\"wp-block-file--media-dd93c54f-d979-4bdb-b19a-b882c71ff10a\" href=\"https:\/\/esici.edu.co\/wp-content\/uploads\/2026\/04\/ESTATUTO-DE-INVESTIGACION.pdf\">ESTATUTO DE INVESTIGACI\u00d3N<\/a><a href=\"https:\/\/esici.edu.co\/wp-content\/uploads\/2026\/04\/ESTATUTO-DE-INVESTIGACION.pdf\" class=\"wp-block-file__button wp-element-button\" download aria-describedby=\"wp-block-file--media-dd93c54f-d979-4bdb-b19a-b882c71ff10a\">Descarga<\/a><\/div>\n\n\n\n<div class=\"wp-block-file\"><a id=\"wp-block-file--media-27b07c80-796c-440b-9d27-6457dc679a2b\" href=\"https:\/\/esici.edu.co\/wp-content\/uploads\/2025\/12\/RESOLUCION-No.-035-2025-DERECHOS-PECUNIARIOS-2026-FINAL.pdf\">RESOLUCI\u00d3N DERECHOS PECUNIARIOS<\/a><a href=\"https:\/\/esici.edu.co\/wp-content\/uploads\/2025\/12\/RESOLUCION-No.-035-2025-DERECHOS-PECUNIARIOS-2026-FINAL.pdf\" class=\"wp-block-file__button wp-element-button\" download aria-describedby=\"wp-block-file--media-27b07c80-796c-440b-9d27-6457dc679a2b\">Descarga<\/a><\/div>\n\n\n\n<div class=\"wp-block-file\"><a id=\"wp-block-file--media-1106ee01-f18a-4461-a553-d3b25213c929\" href=\"https:\/\/esici.edu.co\/wp-content\/uploads\/2024\/08\/RESOLUCION-No.-006-HOMOLOGACION-2016-rrc-Gerencia.pdf\">RESOLUCION No. 006 HOMOLOGACIONES<\/a><a href=\"https:\/\/esici.edu.co\/wp-content\/uploads\/2024\/08\/RESOLUCION-No.-006-HOMOLOGACION-2016-rrc-Gerencia.pdf\" class=\"wp-block-file__button wp-element-button\" download aria-describedby=\"wp-block-file--media-1106ee01-f18a-4461-a553-d3b25213c929\">Descarga<\/a><\/div>\n\n\n\n<div class=\"wp-block-file\"><a id=\"wp-block-file--media-eab681d5-849b-4a1f-8a53-8899b17fea3e\" href=\"https:\/\/esici.edu.co\/wp-content\/uploads\/2024\/08\/Protocolo-de-acompanamiento-a-los-estudiantes-en-el-ingreso.pdf\">PROTOCOLOS DE ACOMPA\u00d1AMIENTO A LOS ESTUDIANTES EN EL INGRESO ACAD\u00c9MICO<\/a><a href=\"https:\/\/esici.edu.co\/wp-content\/uploads\/2024\/08\/Protocolo-de-acompanamiento-a-los-estudiantes-en-el-ingreso.pdf\" class=\"wp-block-file__button wp-element-button\" download aria-describedby=\"wp-block-file--media-eab681d5-849b-4a1f-8a53-8899b17fea3e\">Descarga<\/a><\/div>\n\n\n\n<h4 class=\"wp-block-heading has-black-color has-text-color has-link-color has-large-font-size wp-elements-d48ce8f839f20e5610996f10229bef22\"><strong>REGLAMENTOS<\/strong><\/h4>\n\n\n\n<div class=\"wp-block-file\"><a id=\"wp-block-file--media-d31c3797-44e5-4a19-b110-539a5951d909\" href=\"https:\/\/esici.edu.co\/wp-content\/uploads\/2023\/11\/REGLAMENTO-PROFESORAL-2021.pdf\">REGLAMENTO PROFESORAL<\/a><a href=\"https:\/\/esici.edu.co\/wp-content\/uploads\/2023\/11\/REGLAMENTO-PROFESORAL-2021.pdf\" class=\"wp-block-file__button wp-element-button\" download aria-describedby=\"wp-block-file--media-d31c3797-44e5-4a19-b110-539a5951d909\">Descarga<\/a><\/div>\n\n\n\n<div class=\"wp-block-file\"><a id=\"wp-block-file--media-bc0c84f2-a6db-4e2b-9e78-13fdbee5ce71\" href=\"https:\/\/esici.edu.co\/wp-content\/uploads\/2023\/11\/REGLAMENTO-ESTUDIANTIL-2021.pdf\">REGLAMENTO ESTUDIANTIL<\/a><a href=\"https:\/\/esici.edu.co\/wp-content\/uploads\/2023\/11\/REGLAMENTO-ESTUDIANTIL-2021.pdf\" class=\"wp-block-file__button wp-element-button\" download aria-describedby=\"wp-block-file--media-bc0c84f2-a6db-4e2b-9e78-13fdbee5ce71\">Descarga<\/a><\/div>\n\n\n\n<div class=\"wp-block-file\"><a id=\"wp-block-file--media-49ea3065-5303-4c48-af62-4260ac77ccff\" href=\"https:\/\/esici.edu.co\/wp-content\/uploads\/2023\/11\/REGLAMENTO-MAESTRIA-2021.pdf\">REGLAMENTO MAESTRIA<\/a><a href=\"https:\/\/esici.edu.co\/wp-content\/uploads\/2023\/11\/REGLAMENTO-MAESTRIA-2021.pdf\" class=\"wp-block-file__button wp-element-button\" download aria-describedby=\"wp-block-file--media-49ea3065-5303-4c48-af62-4260ac77ccff\">Descarga<\/a><\/div>\n\n\n\n<h4 class=\"wp-block-heading has-large-font-size\"><strong><strong>MANUAL DE PROCEDIMIENTOS ACAD\u00c9MICOS<\/strong><\/strong><\/h4>\n\n\n\n<div class=\"wp-block-file\"><a id=\"wp-block-file--media-7b04bbd7-b248-41f9-bb13-baa7cea648e0\" href=\"https:\/\/esici.edu.co\/wp-content\/uploads\/2022\/04\/Reglamento-interno-D.pdf\">CEMIL<\/a><a href=\"https:\/\/esici.edu.co\/wp-content\/uploads\/2022\/04\/Reglamento-interno-D.pdf\" class=\"wp-block-file__button wp-element-button\" download aria-describedby=\"wp-block-file--media-7b04bbd7-b248-41f9-bb13-baa7cea648e0\">Descargar<\/a><\/div>\n\n\n\n<div class=\"wp-block-file\"><a id=\"wp-block-file--media-2d9bca65-4d45-4b5a-aaaf-c877770a41e1\" href=\"https:\/\/esici.edu.co\/wp-content\/uploads\/2021\/12\/MODELO-DE-AUTOEVALUACION-ESICI-2020.pdf\">MODELO DE AUTOEVALUACI\u00d3N ESICI<\/a><a href=\"https:\/\/esici.edu.co\/wp-content\/uploads\/2021\/12\/MODELO-DE-AUTOEVALUACION-ESICI-2020.pdf\" class=\"wp-block-file__button wp-element-button\" download aria-describedby=\"wp-block-file--media-2d9bca65-4d45-4b5a-aaaf-c877770a41e1\">Descargar<\/a><\/div>\n\n\n\n<div class=\"wp-block-file\"><a id=\"wp-block-file--media-9759d73b-7a50-4890-ab45-4be58bd0ac54\" href=\"https:\/\/esici.edu.co\/wp-content\/uploads\/2021\/12\/PROTOCOLO-EVALUACION-DOCENTE-ESICI-2020.pdf\">PROTOCOLO EVALUACI\u00d3N DOCENTE ESICI<\/a><a href=\"https:\/\/esici.edu.co\/wp-content\/uploads\/2021\/12\/PROTOCOLO-EVALUACION-DOCENTE-ESICI-2020.pdf\" class=\"wp-block-file__button wp-element-button\" download aria-describedby=\"wp-block-file--media-9759d73b-7a50-4890-ab45-4be58bd0ac54\">Descargar<\/a><\/div>\n\n\n\n<h4 class=\"wp-block-heading has-large-font-size\"><strong>POL\u00cdTICAS <\/strong><\/h4>\n\n\n\n<div class=\"wp-block-file\"><a id=\"wp-block-file--media-54774901-f3ad-4bab-9d25-5594b5709682\" href=\"https:\/\/esici.edu.co\/wp-content\/uploads\/2024\/08\/Politica-de-Educacion-de-la-Fuerza-Publica-1.pdf\">POL\u00cdTICAS DE EDUCACI\u00d3N DE LA FUERZA P\u00daBLICA<\/a><a href=\"https:\/\/esici.edu.co\/wp-content\/uploads\/2024\/08\/Politica-de-Educacion-de-la-Fuerza-Publica-1.pdf\" class=\"wp-block-file__button wp-element-button\" download aria-describedby=\"wp-block-file--media-54774901-f3ad-4bab-9d25-5594b5709682\">Descargar<\/a><\/div>\n\n\n\n<div class=\"wp-block-file\"><a id=\"wp-block-file--media-99ef5795-9563-44bf-8197-ddbc42a6f053\" href=\"https:\/\/esici.edu.co\/wp-content\/uploads\/2021\/07\/RESOLUCION-010-POLITICAS-DE-BIENESTAR-UNIVERSITARIO-DE-2018.pdf\">POL\u00cdTICAS DE BIENESTAR UNIVERSITARIO<\/a><a href=\"https:\/\/esici.edu.co\/wp-content\/uploads\/2021\/07\/RESOLUCION-010-POLITICAS-DE-BIENESTAR-UNIVERSITARIO-DE-2018.pdf\" class=\"wp-block-file__button wp-element-button\" download aria-describedby=\"wp-block-file--media-99ef5795-9563-44bf-8197-ddbc42a6f053\">Descargar<\/a><\/div>\n\n\n\n<div class=\"wp-block-group\"><div class=\"wp-block-group__inner-container is-layout-constrained wp-block-group-is-layout-constrained\">\n<div class=\"wp-block-group\"><div class=\"wp-block-group__inner-container is-layout-constrained wp-block-group-is-layout-constrained\">\n<div class=\"wp-block-group\"><div class=\"wp-block-group__inner-container is-layout-constrained wp-block-group-is-layout-constrained\">\n<div class=\"wp-block-file\"><a id=\"wp-block-file--media-6ece4991-453f-4310-80c4-f012e32ee7df\" href=\"https:\/\/esici.edu.co\/wp-content\/uploads\/2025\/05\/PROYECTO-EDUCATIVO-INSTITUCIONAL-1-2-3-1.pdf\" target=\"_blank\" rel=\"noreferrer noopener\">PROYECTO EDUCATIVO INSTITUCIONAL<\/a><a href=\"https:\/\/esici.edu.co\/wp-content\/uploads\/2025\/05\/PROYECTO-EDUCATIVO-INSTITUCIONAL-1-2-3-1.pdf\" class=\"wp-block-file__button wp-element-button\" download aria-describedby=\"wp-block-file--media-6ece4991-453f-4310-80c4-f012e32ee7df\">Descargar<\/a><\/div>\n<\/div><\/div>\n<\/div><\/div>\n<\/div><\/div>\n\n\n\n<h4 class=\"wp-block-heading has-large-font-size\"><strong><strong>LINEAMIENTOS <\/strong><\/strong><\/h4>\n\n\n\n<div class=\"wp-block-file\"><a id=\"wp-block-file--media-ef55c470-cd6c-467e-99f7-b84b6cd578bf\" href=\"https:\/\/esici.edu.co\/wp-content\/uploads\/2024\/08\/lineamientos_del_sistema_articulado_de_aseguramiento_de_la_calidad_siacee.pdf\">LINEAMIENTOS DEL SISTEMA ARTICULADO DE ASEGURAMIENTO DE CALIDAD EDUCATIVA EJC (SIACEE)<\/a><a href=\"https:\/\/esici.edu.co\/wp-content\/uploads\/2024\/08\/lineamientos_del_sistema_articulado_de_aseguramiento_de_la_calidad_siacee.pdf\" class=\"wp-block-file__button wp-element-button\" download aria-describedby=\"wp-block-file--media-ef55c470-cd6c-467e-99f7-b84b6cd578bf\">Descargar<\/a><\/div>\n\n\n\n<p><\/p>\n","protected":false},"excerpt":{"rendered":"<p>ESTATUTOS REGLAMENTOS MANUAL DE PROCEDIMIENTOS ACAD\u00c9MICOS POL\u00cdTICAS LINEAMIENTOS<\/p>\n","protected":false},"author":1,"featured_media":0,"parent":0,"menu_order":0,"comment_status":"closed","ping_status":"closed","template":"","meta":{"_eb_attr":"","om_disable_all_campaigns":false,"_monsterinsights_skip_tracking":false,"_monsterinsights_sitenote_active":false,"_monsterinsights_sitenote_note":"","_monsterinsights_sitenote_category":0,"_uf_show_specific_survey":0,"_uf_disable_surveys":false,"footnotes":""},"class_list":["post-389","page","type-page","status-publish","hentry"],"aioseo_notices":[],"_links":{"self":[{"href":"https:\/\/esici.edu.co\/index.php\/wp-json\/wp\/v2\/pages\/389","targetHints":{"allow":["GET"]}}],"collection":[{"href":"https:\/\/esici.edu.co\/index.php\/wp-json\/wp\/v2\/pages"}],"about":[{"href":"https:\/\/esici.edu.co\/index.php\/wp-json\/wp\/v2\/types\/page"}],"author":[{"embeddable":true,"href":"https:\/\/esici.edu.co\/index.php\/wp-json\/wp\/v2\/users\/1"}],"replies":[{"embeddable":true,"href":"https:\/\/esici.edu.co\/index.php\/wp-json\/wp\/v2\/comments?post=389"}],"version-history":[{"count":71,"href":"https:\/\/esici.edu.co\/index.php\/wp-json\/wp\/v2\/pages\/389\/revisions"}],"predecessor-version":[{"id":4409,"href":"https:\/\/esici.edu.co\/index.php\/wp-json\/wp\/v2\/pages\/389\/revisions\/4409"}],"wp:attachment":[{"href":"https:\/\/esici.edu.co\/index.php\/wp-json\/wp\/v2\/media?parent=389"}],"curies":[{"name":"wp","href":"https:\/\/api.w.org\/{rel}","templated":true}]}}