{"id":4275,"date":"2026-02-06T12:51:11","date_gmt":"2026-02-06T12:51:11","guid":{"rendered":"https:\/\/esici.edu.co\/?page_id=4275"},"modified":"2026-02-06T12:55:19","modified_gmt":"2026-02-06T12:55:19","slug":"diplomado-en-tratamiento-de-informacion-en-inteligencia-artificial-y-big-data","status":"publish","type":"page","link":"https:\/\/esici.edu.co\/index.php\/diplomado-en-tratamiento-de-informacion-en-inteligencia-artificial-y-big-data\/","title":{"rendered":"Diplomado en Tratamiento de informaci\u00f3n en inteligencia artificial y BIG DATA"},"content":{"rendered":"<div class=\"wp-block-image\">\n<figure class=\"aligncenter size-large is-resized\"><img fetchpriority=\"high\" decoding=\"async\" width=\"578\" height=\"1024\" src=\"https:\/\/esici.edu.co\/wp-content\/uploads\/2026\/02\/Dip-Alta-direccion@3x-1-578x1024.png\" alt=\"\" class=\"wp-image-4269\" style=\"width:840px;height:auto\" srcset=\"https:\/\/esici.edu.co\/wp-content\/uploads\/2026\/02\/Dip-Alta-direccion@3x-1-578x1024.png 578w, https:\/\/esici.edu.co\/wp-content\/uploads\/2026\/02\/Dip-Alta-direccion@3x-1-169x300.png 169w, https:\/\/esici.edu.co\/wp-content\/uploads\/2026\/02\/Dip-Alta-direccion@3x-1-768x1361.png 768w, https:\/\/esici.edu.co\/wp-content\/uploads\/2026\/02\/Dip-Alta-direccion@3x-1-867x1536.png 867w, https:\/\/esici.edu.co\/wp-content\/uploads\/2026\/02\/Dip-Alta-direccion@3x-1-1156x2048.png 1156w, https:\/\/esici.edu.co\/wp-content\/uploads\/2026\/02\/Dip-Alta-direccion@3x-1-scaled.png 1445w\" sizes=\"(max-width: 578px) 100vw, 578px\" \/><\/figure><\/div>\n\n\n<div class=\"wp-block-buttons is-content-justification-center is-layout-flex wp-container-core-buttons-is-layout-16018d1d wp-block-buttons-is-layout-flex\">\n<div class=\"wp-block-button is-style-fill\"><a class=\"wp-block-button__link has-vivid-cyan-blue-background-color has-background wp-element-button\" href=\"http:\/\/190.144.10.234:8080\/Karakum\/Control\/\">Inscripci\u00f3n<\/a><\/div>\n\n\n\n<div class=\"wp-block-button\"><a class=\"wp-block-button__link has-vivid-cyan-blue-background-color has-background wp-element-button\" href=\"https:\/\/www.zonapagos.com\/pagosn2\/LoginCliente\">Pago en L\u00ednea<\/a><\/div>\n<\/div>\n\n\n\n<hr class=\"wp-block-separator has-css-opacity\"\/>\n\n\n\n<h2 class=\"wp-block-heading has-text-align-left\">Informaci\u00f3n General<\/h2>\n\n\n\n<p class=\"has-text-align-left\"><strong>T\u00edtulo que otorga:<\/strong>&nbsp;Diplomado Tratamiento de informaci\u00f3n en inteligencia artificial y BIG DATA.<strong><br>Modalidad:&nbsp;<\/strong>Virtual.<strong><br>Duraci\u00f3n estimada:<\/strong>&nbsp;120 horas<strong><br>Valor:&nbsp;<\/strong>$1\u2019703.800<strong><br>Nivel:&nbsp;<\/strong>Complementario<strong><br>Contacto:&nbsp;&nbsp;<\/strong>3142639342 \/ admisiones.esici@cedoc.edu.co<strong><br>Lugar donde se oferta:<\/strong>&nbsp;Bogot\u00e1 D.C., Colombia.<strong><br><em>*El valor corresponde al costo por periodo fijado para el a\u00f1o 202<\/em><\/strong>5.<\/p>\n\n\n\n<hr class=\"wp-block-separator has-css-opacity\"\/>\n\n\n\n<div class=\"wp-block-columns is-layout-flex wp-container-core-columns-is-layout-9d6595d7 wp-block-columns-is-layout-flex\">\n<div class=\"wp-block-column is-layout-flow wp-block-column-is-layout-flow\">\n<p><strong>Modulos<\/strong>.<br><strong>Modulo 1:<\/strong> iA en el \u00e1mbito de la seguridad y la defensa.<br><strong>Modulo 2: <\/strong>Tipolog\u00eda de iA para operaciones militares.<br><strong>Modulo 3:<\/strong> iA generativa y aplicaci\u00f3n den sistemas de seguridad.<br><strong>Modulo 4: <\/strong>Manejo de Big Data con iA y uso en el ciclo de inteligencia militar.<br><strong>Modulo 5: <\/strong>Creaci\u00f3n de Avatares, y Agentes de iA para inteligencia militar.<br><strong>Modulo 6: <\/strong>Aplicaciones de iA para las Area de inteligencia Militar: An\u00e1lisis de Se\u00f1ales, Inteligencia humana, Ciberinteligencia con iA<\/p>\n<\/div>\n<\/div>\n\n\n\n<hr class=\"wp-block-separator has-css-opacity\"\/>\n\n\n\n<p><\/p>\n","protected":false},"excerpt":{"rendered":"<p>Informaci\u00f3n General T\u00edtulo que otorga:&nbsp;Diplomado Tratamiento de informaci\u00f3n en inteligencia artificial y BIG DATA.Modalidad:&nbsp;Virtual.Duraci\u00f3n estimada:&nbsp;120 horasValor:&nbsp;$1\u2019703.800Nivel:&nbsp;ComplementarioContacto:&nbsp;&nbsp;3142639342 \/ admisiones.esici@cedoc.edu.coLugar donde se oferta:&nbsp;Bogot\u00e1 D.C., Colombia.*El valor corresponde al costo por periodo fijado para el a\u00f1o 2025. Modulos.Modulo 1: iA en el \u00e1mbito de la seguridad y la defensa.Modulo 2: Tipolog\u00eda de iA para operaciones militares.Modulo 3: iA [&hellip;]<\/p>\n","protected":false},"author":1,"featured_media":0,"parent":0,"menu_order":0,"comment_status":"closed","ping_status":"closed","template":"","meta":{"_eb_attr":"","om_disable_all_campaigns":false,"_monsterinsights_skip_tracking":false,"_monsterinsights_sitenote_active":false,"_monsterinsights_sitenote_note":"","_monsterinsights_sitenote_category":0,"_uf_show_specific_survey":0,"_uf_disable_surveys":false,"footnotes":""},"class_list":["post-4275","page","type-page","status-publish","hentry"],"aioseo_notices":[],"_links":{"self":[{"href":"https:\/\/esici.edu.co\/index.php\/wp-json\/wp\/v2\/pages\/4275","targetHints":{"allow":["GET"]}}],"collection":[{"href":"https:\/\/esici.edu.co\/index.php\/wp-json\/wp\/v2\/pages"}],"about":[{"href":"https:\/\/esici.edu.co\/index.php\/wp-json\/wp\/v2\/types\/page"}],"author":[{"embeddable":true,"href":"https:\/\/esici.edu.co\/index.php\/wp-json\/wp\/v2\/users\/1"}],"replies":[{"embeddable":true,"href":"https:\/\/esici.edu.co\/index.php\/wp-json\/wp\/v2\/comments?post=4275"}],"version-history":[{"count":2,"href":"https:\/\/esici.edu.co\/index.php\/wp-json\/wp\/v2\/pages\/4275\/revisions"}],"predecessor-version":[{"id":4279,"href":"https:\/\/esici.edu.co\/index.php\/wp-json\/wp\/v2\/pages\/4275\/revisions\/4279"}],"wp:attachment":[{"href":"https:\/\/esici.edu.co\/index.php\/wp-json\/wp\/v2\/media?parent=4275"}],"curies":[{"name":"wp","href":"https:\/\/api.w.org\/{rel}","templated":true}]}}