{"id":4352,"date":"2026-03-26T21:02:30","date_gmt":"2026-03-26T21:02:30","guid":{"rendered":"https:\/\/esici.edu.co\/?page_id=4352"},"modified":"2026-04-24T15:47:24","modified_gmt":"2026-04-24T15:47:24","slug":"boletin-estrategico-multidisciplinar-2026","status":"publish","type":"page","link":"https:\/\/esici.edu.co\/index.php\/boletin-estrategico-multidisciplinar-2026\/","title":{"rendered":"Bolet\u00edn Estrat\u00e9gico multidisciplinar 2026"},"content":{"rendered":"\n<div class=\"wp-block-media-text is-stacked-on-mobile\"><figure class=\"wp-block-media-text__media\"><a href=\"https:\/\/esici.edu.co\/wp-content\/uploads\/2026\/03\/V1-Boletin-Mario-Linares-IA-Amenazas-Hibridas-1.pdf\" rel=\"https:\/\/esici.edu.co\/wp-content\/uploads\/2026\/03\/V1-Boletin-Mario-Linares-IA-Amenazas-Hibridas.png\"><img fetchpriority=\"high\" decoding=\"async\" width=\"622\" height=\"1024\" src=\"https:\/\/esici.edu.co\/wp-content\/uploads\/2026\/03\/V1-Boletin-Mario-Linares-IA-Amenazas-Hibridas-1-622x1024.png\" alt=\"\" class=\"wp-image-4372 size-full\" srcset=\"https:\/\/esici.edu.co\/wp-content\/uploads\/2026\/03\/V1-Boletin-Mario-Linares-IA-Amenazas-Hibridas-1-622x1024.png 622w, https:\/\/esici.edu.co\/wp-content\/uploads\/2026\/03\/V1-Boletin-Mario-Linares-IA-Amenazas-Hibridas-1-182x300.png 182w, https:\/\/esici.edu.co\/wp-content\/uploads\/2026\/03\/V1-Boletin-Mario-Linares-IA-Amenazas-Hibridas-1-768x1265.png 768w, https:\/\/esici.edu.co\/wp-content\/uploads\/2026\/03\/V1-Boletin-Mario-Linares-IA-Amenazas-Hibridas-1.png 816w\" sizes=\"(max-width: 622px) 100vw, 622px\" \/><\/a><\/figure><div class=\"wp-block-media-text__content\">\n<p><strong>Bolet\u00edn 17<\/strong><br><strong><strong>Entre Datos y Desinformaci\u00f3n: La Inteligencia Artificial como Multiplicador de Amenazas H\u00edbridas en Am\u00e9rica Latina<\/strong><\/strong><\/p>\n\n\n\n<p><br>El avance de la inteligencia artificial (IA) est\u00e1 transformando profundamente el panorama de seguridad internacional, particularmente en el \u00e1mbito de las amenazas h\u00edbridas. Estas amenazas combinan instrumentos militares, cibern\u00e9ticos, informacionales, econ\u00f3micos y pol\u00edticos con el objetivo de influir o desestabilizar sociedades sin recurrir necesariamente al conflicto armado directo. En Am\u00e9rica Latina, la creciente digitalizaci\u00f3n, la dependencia de plataformas tecnol\u00f3gicas globales y la polarizaci\u00f3n pol\u00edtica generan un entorno propicio para que actores estatales y no estatales utilicen herramientas basadas en IA para amplificar campa\u00f1as de desinformaci\u00f3n, manipulaci\u00f3n de opini\u00f3n p\u00fablica y operaciones de influencia.<\/p>\n\n\n\n<p><br><strong>Escrito por:<\/strong> <em>Mario Linares V\u00e1squez<\/em><br><strong>ISSN: <\/strong><em>2981-3506 (En l\u00ednea)<\/em><br><strong>Fecha:<\/strong> <em>Enero 2026<\/em><\/p>\n<\/div><\/div>\n\n\n\n<hr class=\"wp-block-separator has-alpha-channel-opacity is-style-wide\"\/>\n\n\n\n<div class=\"wp-block-media-text is-stacked-on-mobile\" style=\"grid-template-columns:51% auto\"><figure class=\"wp-block-media-text__media\"><a href=\"https:\/\/esici.edu.co\/wp-content\/uploads\/2026\/03\/V1-Jorge-Zamorano-Boletin-tecnico-1-1.pdf\"><img decoding=\"async\" width=\"622\" height=\"1024\" src=\"https:\/\/esici.edu.co\/wp-content\/uploads\/2026\/03\/V1-Jorge-Zamorano-Boletin-tecnico-1-1-622x1024.png\" alt=\"\" class=\"wp-image-4373 size-full\" srcset=\"https:\/\/esici.edu.co\/wp-content\/uploads\/2026\/03\/V1-Jorge-Zamorano-Boletin-tecnico-1-1-622x1024.png 622w, https:\/\/esici.edu.co\/wp-content\/uploads\/2026\/03\/V1-Jorge-Zamorano-Boletin-tecnico-1-1-182x300.png 182w, https:\/\/esici.edu.co\/wp-content\/uploads\/2026\/03\/V1-Jorge-Zamorano-Boletin-tecnico-1-1-768x1265.png 768w, https:\/\/esici.edu.co\/wp-content\/uploads\/2026\/03\/V1-Jorge-Zamorano-Boletin-tecnico-1-1.png 816w\" sizes=\"(max-width: 622px) 100vw, 622px\" \/><\/a><\/figure><div class=\"wp-block-media-text__content\">\n<p><strong>Bolet\u00edn 18<\/strong><br><strong>Amenazas hibridas: Guerra jur\u00eddica como m\u00e9todo de deslegitimaci\u00f3n de operaciones militares.<\/strong><\/p>\n\n\n\n<p><br>En las guerras h\u00edbridas contempor\u00e1neas como en las modernas, el derecho es instrumentalizado como arma estrat\u00e9gica para erosionar la legitimidad de las Fuerzas Militares mediante litigios, narrativas medi\u00e1ticas y presi\u00f3n de la opini\u00f3n publica en un escenario nacional e internacional. La \u201cguerra jur\u00eddica\u201d o \u201clawfare\u201d utiliza el sistema judicial como mecanismo de desgaste pol\u00edtico y operacional.<br>Comprender esta amenaza es clave para blindar jur\u00eddicamente las operaciones y preservar la legitimidad institucional.<br><\/p>\n\n\n\n<p><br><strong>Escrito por:<\/strong> <em>Jorge Alejandro Zamorano Contreras<\/em><br><strong>ISSN: <\/strong><em>2981-3506 (En l\u00ednea)<\/em><br><strong>Fecha:<\/strong> <em>Febrero 2026<\/em><\/p>\n<\/div><\/div>\n\n\n\n<hr class=\"wp-block-separator has-alpha-channel-opacity is-style-wide\"\/>\n\n\n\n<div class=\"wp-block-media-text is-stacked-on-mobile\"><figure class=\"wp-block-media-text__media\"><a href=\"https:\/\/esici.edu.co\/wp-content\/uploads\/2026\/04\/v1.-Boletin-tecnico-INTELIGENCIA-ARTIFICIAL-1-1.pdf\" rel=\"https:\/\/esici.edu.co\/wp-content\/uploads\/2026\/03\/V1-Boletin-Mario-Linares-IA-Amenazas-Hibridas.png\"><img decoding=\"async\" width=\"622\" height=\"1024\" src=\"https:\/\/esici.edu.co\/wp-content\/uploads\/2026\/04\/v1.-Boletin-tecnico-INTELIGENCIA-ARTIFICIAL-1-622x1024.png\" alt=\"\" class=\"wp-image-4413 size-full\" srcset=\"https:\/\/esici.edu.co\/wp-content\/uploads\/2026\/04\/v1.-Boletin-tecnico-INTELIGENCIA-ARTIFICIAL-1-622x1024.png 622w, https:\/\/esici.edu.co\/wp-content\/uploads\/2026\/04\/v1.-Boletin-tecnico-INTELIGENCIA-ARTIFICIAL-1-182x300.png 182w, https:\/\/esici.edu.co\/wp-content\/uploads\/2026\/04\/v1.-Boletin-tecnico-INTELIGENCIA-ARTIFICIAL-1-768x1265.png 768w, https:\/\/esici.edu.co\/wp-content\/uploads\/2026\/04\/v1.-Boletin-tecnico-INTELIGENCIA-ARTIFICIAL-1.png 816w\" sizes=\"(max-width: 622px) 100vw, 622px\" \/><\/a><\/figure><div class=\"wp-block-media-text__content\">\n<p><strong>Bolet\u00edn 19<\/strong><br><strong><strong><strong>EL APOYO DE LA INTELIGENCIA ARTIFICIAL PARA EL POSICIONAMIENTO PROSPECTIVO EN LAS EMISORAS DEL EJ\u00c9RCITO NACIONAL DE COLOMBIA.<\/strong><\/strong><\/strong><\/p>\n\n\n\n<p><br>En el contexto actual, el Ej\u00e9rcito Nacional destaca en la innovaci\u00f3n tecnol\u00f3gica y la inteligencia artificial por medio de la formaci\u00f3n en locuci\u00f3n radial para el empleo de herramientas estrat\u00e9gicas como las emisoras institucionales, permitiendo el posicionamiento e impacto en el dominio cognitivo, como eje para la optimizaci\u00f3n de la comunicaci\u00f3n con la comunidad.<\/p>\n\n\n\n<p><br><strong>Escrito por:<\/strong> <em>Escuela de Misiones Internacionales y Acci\u00f3n Integral<\/em><br><strong>ISSN: <\/strong><em>2981-3506 (En l\u00ednea)<\/em><br><strong>Fecha:<\/strong> <em>Marzo 2026<\/em><\/p>\n<\/div><\/div>\n","protected":false},"excerpt":{"rendered":"<p>Bolet\u00edn 17Entre Datos y Desinformaci\u00f3n: La Inteligencia Artificial como Multiplicador de Amenazas H\u00edbridas en Am\u00e9rica Latina El avance de la inteligencia artificial (IA) est\u00e1 transformando profundamente el panorama de seguridad internacional, particularmente en el \u00e1mbito de las amenazas h\u00edbridas. Estas amenazas combinan instrumentos militares, cibern\u00e9ticos, informacionales, econ\u00f3micos y pol\u00edticos con el objetivo de influir o [&hellip;]<\/p>\n","protected":false},"author":1,"featured_media":0,"parent":0,"menu_order":0,"comment_status":"closed","ping_status":"closed","template":"","meta":{"_eb_attr":"","om_disable_all_campaigns":false,"_monsterinsights_skip_tracking":false,"_monsterinsights_sitenote_active":false,"_monsterinsights_sitenote_note":"","_monsterinsights_sitenote_category":0,"_uf_show_specific_survey":0,"_uf_disable_surveys":false,"footnotes":""},"class_list":["post-4352","page","type-page","status-publish","hentry"],"aioseo_notices":[],"_links":{"self":[{"href":"https:\/\/esici.edu.co\/index.php\/wp-json\/wp\/v2\/pages\/4352","targetHints":{"allow":["GET"]}}],"collection":[{"href":"https:\/\/esici.edu.co\/index.php\/wp-json\/wp\/v2\/pages"}],"about":[{"href":"https:\/\/esici.edu.co\/index.php\/wp-json\/wp\/v2\/types\/page"}],"author":[{"embeddable":true,"href":"https:\/\/esici.edu.co\/index.php\/wp-json\/wp\/v2\/users\/1"}],"replies":[{"embeddable":true,"href":"https:\/\/esici.edu.co\/index.php\/wp-json\/wp\/v2\/comments?post=4352"}],"version-history":[{"count":11,"href":"https:\/\/esici.edu.co\/index.php\/wp-json\/wp\/v2\/pages\/4352\/revisions"}],"predecessor-version":[{"id":4417,"href":"https:\/\/esici.edu.co\/index.php\/wp-json\/wp\/v2\/pages\/4352\/revisions\/4417"}],"wp:attachment":[{"href":"https:\/\/esici.edu.co\/index.php\/wp-json\/wp\/v2\/media?parent=4352"}],"curies":[{"name":"wp","href":"https:\/\/api.w.org\/{rel}","templated":true}]}}