{"id":459,"date":"2021-05-18T20:36:36","date_gmt":"2021-05-18T20:36:36","guid":{"rendered":"https:\/\/esici.edu.co\/?page_id=459"},"modified":"2024-08-20T02:32:01","modified_gmt":"2024-08-20T02:32:01","slug":"nuestro-menu-2","status":"publish","type":"page","link":"https:\/\/esici.edu.co\/index.php\/nuestro-menu-2\/","title":{"rendered":"Nuestro Men\u00fa"},"content":{"rendered":"\n<div class=\"wp-block-buttons is-layout-flex wp-block-buttons-is-layout-flex\">\n<div class=\"wp-block-button is-style-outline is-style-outline--1\"><a class=\"wp-block-button__link has-white-color has-vivid-cyan-blue-background-color has-text-color has-background wp-element-button\" href=\"https:\/\/esici.edu.co\/index.php\/boletin-estrategico-multidisciplinar\/\" style=\"border-radius:15px\">Bolet\u00edn Estrat\u00e9gico Multidisciplinar<\/a><\/div>\n\n\n\n<div class=\"wp-block-button is-style-outline is-style-outline--2\"><a class=\"wp-block-button__link has-white-color has-vivid-cyan-blue-background-color has-text-color has-background wp-element-button\" href=\"https:\/\/esici.edu.co\/index.php\/lineas-de-investigacion\/\" style=\"border-radius:15px\">L\u00edneas de Investigaci\u00f3n <\/a><\/div>\n\n\n\n<div class=\"wp-block-button is-style-outline is-style-outline--3\"><a class=\"wp-block-button__link has-white-color has-vivid-cyan-blue-background-color has-text-color has-background wp-element-button\" href=\"https:\/\/esici.edu.co\/index.php\/libros-de-investigacion\/\" style=\"border-radius:15px\">Libros de Investigaci\u00f3n<\/a><\/div>\n\n\n\n<div class=\"wp-block-button is-style-outline is-style-outline--4\"><a class=\"wp-block-button__link has-white-color has-vivid-cyan-blue-background-color has-text-color has-background wp-element-button\" href=\"https:\/\/esici.edu.co\/index.php\/eventos-cientificos\/\" style=\"border-radius:15px\">Eventos Cient\u00edficos<\/a><\/div>\n\n\n\n<div class=\"wp-block-button is-style-outline is-style-outline--5\"><a class=\"wp-block-button__link has-white-color has-vivid-cyan-blue-background-color has-text-color has-background wp-element-button\" href=\"https:\/\/esici.edu.co\/index.php\/semilleros-de-investigacion\/\" style=\"border-radius:15px\">Semilleros de Investigaci\u00f3n<\/a><\/div>\n\n\n\n<div class=\"wp-block-button is-style-outline is-style-outline--6\"><a class=\"wp-block-button__link has-white-color has-vivid-cyan-blue-background-color has-text-color has-background wp-element-button\" href=\"https:\/\/esici.edu.co\/index.php\/grupo-de-investigacion-ciga\/\" style=\"border-radius:15px\">Grupo de Investigaci\u00f3n CIGA<\/a><\/div>\n<\/div>\n\n\n\n<hr class=\"wp-block-separator has-css-opacity\"\/>\n\n\n\n<h2 class=\"wp-block-heading\"><strong>SOBRE NOSOTROS<\/strong><\/h2>\n\n\n\n<div class=\"wp-block-media-text alignwide has-media-on-the-right is-stacked-on-mobile\" style=\"grid-template-columns:auto 47%\"><div class=\"wp-block-media-text__content\">\n<h2 class=\"wp-block-heading\">Misi\u00f3n<\/h2>\n\n\n\n<p>La ESICI (Escuela de Inteligencia y Contrainteligencia) a trav\u00e9s del Departamento de Ciencia, Tecnolog\u00eda, Investigaci\u00f3n y Doctrina (DECTID) aporta nuevos elementos de conocimiento cient\u00edfico- acad\u00e9micos, en seguridad y en defensa nacional, en las especialidades de inteligencia y contrainteligencia nacional e internacional con la finalidad de responder a las necesidades del personal militar y civil de la Escuela de Inteligencia y Contrainteligencia.<br>Adem\u00e1s, el DECTID cuenta con recursos humanos y tecnol\u00f3gicos que contribuyen a la generaci\u00f3n de elementos cient\u00edfico acad\u00e9micos al debate cient\u00edfico-acad\u00e9mico en los m\u00e9todos de Guerra Asim\u00e9trica e Inteligencia Estrat\u00e9gica, con el fin de aportar soluciones a problem\u00e1ticas locales, nacionales e internacionales.<\/p>\n\n\n\n<h2 class=\"wp-block-heading\">Visi\u00f3n<\/h2>\n\n\n\n<p>Para el a\u00f1o 2023 el DECTID se convertir\u00e1 en el referente cient\u00edfico- acad\u00e9mico en los estudios de seguridad y defensa nacional, aplicados a la Inteligencia y Contrainteligencia, aportando as\u00ed a la construcci\u00f3n de conocimiento y a la soluci\u00f3n de las necesidades de las Fuerzas Militares (Ej\u00e9rcito Nacional).<\/p>\n<\/div><figure class=\"wp-block-media-text__media\"><img fetchpriority=\"high\" decoding=\"async\" width=\"701\" height=\"1024\" src=\"https:\/\/esici.edu.co\/wp-content\/uploads\/2021\/05\/PILARES-DECTID-701x1024-1.jpg\" alt=\"\" class=\"wp-image-460 size-full\" srcset=\"https:\/\/esici.edu.co\/wp-content\/uploads\/2021\/05\/PILARES-DECTID-701x1024-1.jpg 701w, https:\/\/esici.edu.co\/wp-content\/uploads\/2021\/05\/PILARES-DECTID-701x1024-1-205x300.jpg 205w\" sizes=\"(max-width: 701px) 100vw, 701px\" \/><\/figure><\/div>\n\n\n\n<h2 class=\"wp-block-heading\">Objetivos<\/h2>\n\n\n\n<ul class=\"wp-block-list\">\n<li>Generar nuevos conocimientos cient\u00edfico acad\u00e9micos de alta calidad que sirvan para la formaci\u00f3n de personal de inteligencia y contrainteligencia, que permitan el desarrollo de las Fuerzas Militares en el marco de la transformaci\u00f3n del Ej\u00e9rcito Nacional en la estrategia Ej\u00e9rcito Multimisi\u00f3n.<\/li>\n\n\n\n<li>Promover y participar en eventos acad\u00e9micos dentro del campo de la seguridad y defensa.<\/li>\n\n\n\n<li>Fomentar el inter\u00e9s y participaci\u00f3n en semilleros de investigaci\u00f3n de quienes cursan los programas de educaci\u00f3n continua de la ESICI.<\/li>\n\n\n\n<li>Estimular la producci\u00f3n acad\u00e9mica de alta calidad de quienes integran el Grupo de Investigaci\u00f3n, de la ESICI registrado ante Colciencias, como Centro de Investigaci\u00f3n en Guerra Asim\u00e9trica.<\/li>\n\n\n\n<li>Apoyar la formulaci\u00f3n de proyectos de investigaci\u00f3n con alto impacto en la toma de decisiones en materia de seguridad y defensa.<\/li>\n\n\n\n<li>Impulsar la cultura de la investigaci\u00f3n cient\u00edfica al interior de la escuela a trav\u00e9s de la permanente b\u00fasqueda de soluciones que contribuyan al estudio de la inteligencia y contrainteligencia nacional e internacional.<\/li>\n<\/ul>\n\n\n\n<figure class=\"wp-block-video\"><video controls src=\"https:\/\/esici.edu.co\/wp-content\/uploads\/2024\/08\/Revista-Prespectivas_V2.mp4\"><\/video><\/figure>\n","protected":false},"excerpt":{"rendered":"<p>SOBRE NOSOTROS Misi\u00f3n La ESICI (Escuela de Inteligencia y Contrainteligencia) a trav\u00e9s del Departamento de Ciencia, Tecnolog\u00eda, Investigaci\u00f3n y Doctrina (DECTID) aporta nuevos elementos de conocimiento cient\u00edfico- acad\u00e9micos, en seguridad y en defensa nacional, en las especialidades de inteligencia y contrainteligencia nacional e internacional con la finalidad de responder a las necesidades del personal militar [&hellip;]<\/p>\n","protected":false},"author":1,"featured_media":0,"parent":0,"menu_order":0,"comment_status":"closed","ping_status":"closed","template":"","meta":{"_eb_attr":"","om_disable_all_campaigns":false,"_monsterinsights_skip_tracking":false,"_monsterinsights_sitenote_active":false,"_monsterinsights_sitenote_note":"","_monsterinsights_sitenote_category":0,"_uf_show_specific_survey":0,"_uf_disable_surveys":false,"footnotes":""},"class_list":["post-459","page","type-page","status-publish","hentry"],"aioseo_notices":[],"_links":{"self":[{"href":"https:\/\/esici.edu.co\/index.php\/wp-json\/wp\/v2\/pages\/459","targetHints":{"allow":["GET"]}}],"collection":[{"href":"https:\/\/esici.edu.co\/index.php\/wp-json\/wp\/v2\/pages"}],"about":[{"href":"https:\/\/esici.edu.co\/index.php\/wp-json\/wp\/v2\/types\/page"}],"author":[{"embeddable":true,"href":"https:\/\/esici.edu.co\/index.php\/wp-json\/wp\/v2\/users\/1"}],"replies":[{"embeddable":true,"href":"https:\/\/esici.edu.co\/index.php\/wp-json\/wp\/v2\/comments?post=459"}],"version-history":[{"count":11,"href":"https:\/\/esici.edu.co\/index.php\/wp-json\/wp\/v2\/pages\/459\/revisions"}],"predecessor-version":[{"id":3225,"href":"https:\/\/esici.edu.co\/index.php\/wp-json\/wp\/v2\/pages\/459\/revisions\/3225"}],"wp:attachment":[{"href":"https:\/\/esici.edu.co\/index.php\/wp-json\/wp\/v2\/media?parent=459"}],"curies":[{"name":"wp","href":"https:\/\/api.w.org\/{rel}","templated":true}]}}