{"id":478,"date":"2021-05-20T16:08:22","date_gmt":"2021-05-20T16:08:22","guid":{"rendered":"https:\/\/esici.edu.co\/?page_id=478"},"modified":"2026-04-08T04:11:54","modified_gmt":"2026-04-08T04:11:54","slug":"estado-seguridad-y-defensa-multidimensional","status":"publish","type":"page","link":"https:\/\/esici.edu.co\/index.php\/estado-seguridad-y-defensa-multidimensional\/","title":{"rendered":""},"content":{"rendered":"\n<figure class=\"wp-block-image alignwide size-large\"><img fetchpriority=\"high\" decoding=\"async\" width=\"1024\" height=\"267\" src=\"https:\/\/esici.edu.co\/wp-content\/uploads\/2026\/04\/Mesa-de-trabajo-3-1024x267.png\" alt=\"\" class=\"wp-image-4385\" srcset=\"https:\/\/esici.edu.co\/wp-content\/uploads\/2026\/04\/Mesa-de-trabajo-3-1024x267.png 1024w, https:\/\/esici.edu.co\/wp-content\/uploads\/2026\/04\/Mesa-de-trabajo-3-300x78.png 300w, https:\/\/esici.edu.co\/wp-content\/uploads\/2026\/04\/Mesa-de-trabajo-3-768x200.png 768w, https:\/\/esici.edu.co\/wp-content\/uploads\/2026\/04\/Mesa-de-trabajo-3-1536x400.png 1536w, https:\/\/esici.edu.co\/wp-content\/uploads\/2026\/04\/Mesa-de-trabajo-3.png 1920w\" sizes=\"(max-width: 1024px) 100vw, 1024px\" \/><\/figure>\n\n\n\n<h1 class=\"wp-block-heading\">Enfoque<\/h1>\n\n\n\n<p class=\"has-text-align-left\">Analizar las posibles vulnerabilidades, riesgos y amenazas que puedan afectar los intereses de los actores del sistema internacional, con lo cual se generar\u00eda el conocimiento valido, confiable y objetivo que permite al decisor minimizar riesgos en seguridad y defensa.<\/p>\n\n\n\n<h1 class=\"wp-block-heading\">Fundamentaci\u00f3n<\/h1>\n\n\n\n<p>La l\u00ednea de producci\u00f3n sirve para establecer de forma cr\u00edtica los fen\u00f3menos que vulneren la seguridad del Estado, siendo trascendente para la sociedad porque se garantiza lo que constitucionalmente se define como bienestar, benefici\u00e1ndose de todo esto cada uno de los elementos constitutivos del Estado colombiano como lo son la poblaci\u00f3n, territorio y gobierno, mediante la identificaci\u00f3n, an\u00e1lisis y clasificaci\u00f3n de dichos fen\u00f3menos. De manera f\u00e1ctica resuelve problemas relacionados con la multisectorial dad que posee un pa\u00eds referente en el \u00e1mbito regional y que ostenta en un grado importante influencia en aspectos militares, econ\u00f3micos, financieros, de recursos naturales, turismo entre otros. Con todo esto se esperan conocer los detalles de los sucesos que cada sector y sub l\u00ednea involucran en temas de seguridad, enfocados en prevenir de forma prospectiva fen\u00f3menos de vulnerabilidad. Como utilidad metodol\u00f3gica la ESICI contribuir\u00e1 al Estado con el desarrollo de instrumentos y formas de correlacionar variables (fen\u00f3menos) para explicar y anticipar las vulnerabilidades y crear as\u00ed teor\u00eda fundamentada que sea tomada como referente en escenarios locales e internacionales.<\/p>\n\n\n\n<hr class=\"wp-block-separator has-css-opacity\"\/>\n\n\n\n<h1 class=\"wp-block-heading\">SUBLINEAS <\/h1>\n\n\n\n<div class=\"wp-block-group\"><div class=\"wp-block-group__inner-container is-layout-constrained wp-block-group-is-layout-constrained\">\n<h3 class=\"wp-block-heading\">Escenarios Multidimensionales:<\/h3>\n\n\n\n<p>Analizar capacidades para entender y anticipar prospectivamente m\u00faltiples escenarios que evidencien vulnerabilidades del Estado en seguridad humana, social, cultural y del medio ambiente.<\/p>\n\n\n\n<h3 class=\"wp-block-heading\">Conflicto, Paz y Desarrollo:<\/h3>\n\n\n\n<p>Correlacionar los elementos y variables necesarias para que el Estado colombiano logre la consolidaci\u00f3n como actor preponderante en el sistema internacional, a partir de los \u00e1mbitos de paz y desarrollo. Para esto, se identificaran situaciones de violencia similares que se han presentado en otros estados, con el fin de generar nuevas perspectivas en la construcci\u00f3n de una nueva y mejorada imagen de la naci\u00f3n a partir de la consolidaci\u00f3n de la paz.<\/p>\n\n\n\n<h3 class=\"wp-block-heading\">Tendencias y Patrones Geopol\u00edticos en la Pol\u00edtica Internacional:<\/h3>\n\n\n\n<p>Analizar las din\u00e1micas mundiales que ocurren en los entornos pol\u00edtico militares, con el fin de detectar amenazas de car\u00e1cter interno o externo que impacten los intereses nacionales y que a su vez logren posicionar a Colombia como un actor relevante en el sistema internacional.<\/p>\n\n\n\n<h3 class=\"wp-block-heading\">Sistema Comparado de Defensa:<\/h3>\n\n\n\n<p>Clasificar y diagnosticar las capacidades militares y de defensa con el fin de proponer soluciones, e innovar a nivel tecnol\u00f3gico y militar para posicionarse en el \u00e1mbito internacional.<\/p>\n\n\n\n<h3 class=\"wp-block-heading\">Democracia, Inteligencia y Estado de Derecho:<\/h3>\n\n\n\n<p>Los estudios te\u00f3ricos sobre la inteligencia y la contrainteligencia son cada ves mas recurrentes especialmente en pa\u00edses anglosajones (pa\u00edses de habla inglesa) en aras de construir una doctrina unificada que guie la actividad de inteligencia entre todas las agencias de las comunidades de inteligencia de los pa\u00edses. Esto implica que existe (o en su defecto se est\u00e1 desarrollando) una fundamentaci\u00f3n epistemol\u00f3gica que le da condici\u00f3n de posibilidad a la inteligencia como \u00e1rea del conocimiento que re\u00fane saberes de diferentes vertientes. Entre las ciencias sociales, la inteligencia se nutre de la sociolog\u00eda, antropolog\u00eda, psicolog\u00eda, econom\u00eda, derecho y ciencias pol\u00edticas. Por su parte, dentro de las ciencias duras, esta actividad se nutre de las matem\u00e1ticas, f\u00edsica, qu\u00edmica, ciencias militares e ingenier\u00edas. De esta manera, hablar de los estudios en inteligencia es pensar en cualquier herramienta de estas disciplinas que puede facilitar, mejorar o garantizar la adquisici\u00f3n, compartimentaci\u00f3n, organizaci\u00f3n y an\u00e1lisis de informaci\u00f3n que enriquezca la toma de decisiones.<\/p>\n<\/div><\/div>\n\n\n\n<p><\/p>\n","protected":false},"excerpt":{"rendered":"<p>Enfoque Analizar las posibles vulnerabilidades, riesgos y amenazas que puedan afectar los intereses de los actores del sistema internacional, con lo cual se generar\u00eda el conocimiento valido, confiable y objetivo que permite al decisor minimizar riesgos en seguridad y defensa. Fundamentaci\u00f3n La l\u00ednea de producci\u00f3n sirve para establecer de forma cr\u00edtica los fen\u00f3menos que vulneren [&hellip;]<\/p>\n","protected":false},"author":1,"featured_media":0,"parent":0,"menu_order":0,"comment_status":"closed","ping_status":"closed","template":"","meta":{"_eb_attr":"","om_disable_all_campaigns":false,"_monsterinsights_skip_tracking":false,"_monsterinsights_sitenote_active":false,"_monsterinsights_sitenote_note":"","_monsterinsights_sitenote_category":0,"_uf_show_specific_survey":0,"_uf_disable_surveys":false,"footnotes":""},"class_list":["post-478","page","type-page","status-publish","hentry"],"aioseo_notices":[],"_links":{"self":[{"href":"https:\/\/esici.edu.co\/index.php\/wp-json\/wp\/v2\/pages\/478","targetHints":{"allow":["GET"]}}],"collection":[{"href":"https:\/\/esici.edu.co\/index.php\/wp-json\/wp\/v2\/pages"}],"about":[{"href":"https:\/\/esici.edu.co\/index.php\/wp-json\/wp\/v2\/types\/page"}],"author":[{"embeddable":true,"href":"https:\/\/esici.edu.co\/index.php\/wp-json\/wp\/v2\/users\/1"}],"replies":[{"embeddable":true,"href":"https:\/\/esici.edu.co\/index.php\/wp-json\/wp\/v2\/comments?post=478"}],"version-history":[{"count":9,"href":"https:\/\/esici.edu.co\/index.php\/wp-json\/wp\/v2\/pages\/478\/revisions"}],"predecessor-version":[{"id":4395,"href":"https:\/\/esici.edu.co\/index.php\/wp-json\/wp\/v2\/pages\/478\/revisions\/4395"}],"wp:attachment":[{"href":"https:\/\/esici.edu.co\/index.php\/wp-json\/wp\/v2\/media?parent=478"}],"curies":[{"name":"wp","href":"https:\/\/api.w.org\/{rel}","templated":true}]}}