{"id":492,"date":"2021-05-20T16:48:19","date_gmt":"2021-05-20T16:48:19","guid":{"rendered":"https:\/\/esici.edu.co\/?page_id=492"},"modified":"2021-05-20T16:59:54","modified_gmt":"2021-05-20T16:59:54","slug":"semilleros-de-investigacion","status":"publish","type":"page","link":"https:\/\/esici.edu.co\/index.php\/semilleros-de-investigacion\/","title":{"rendered":"Semilleros de Investigaci\u00f3n"},"content":{"rendered":"\n<div class=\"wp-block-media-text alignwide has-media-on-the-right is-stacked-on-mobile\" style=\"grid-template-columns:auto 52%\"><figure class=\"wp-block-media-text__media\"><img fetchpriority=\"high\" decoding=\"async\" width=\"1024\" height=\"843\" src=\"https:\/\/esici.edu.co\/wp-content\/uploads\/2021\/05\/Semilleros_de_Investigaci__n-1024x843-1.jpeg\" alt=\"\" class=\"wp-image-493 size-full\" srcset=\"https:\/\/esici.edu.co\/wp-content\/uploads\/2021\/05\/Semilleros_de_Investigaci__n-1024x843-1.jpeg 1024w, https:\/\/esici.edu.co\/wp-content\/uploads\/2021\/05\/Semilleros_de_Investigaci__n-1024x843-1-300x247.jpeg 300w, https:\/\/esici.edu.co\/wp-content\/uploads\/2021\/05\/Semilleros_de_Investigaci__n-1024x843-1-768x632.jpeg 768w\" sizes=\"(max-width: 1024px) 100vw, 1024px\" \/><\/figure><div class=\"wp-block-media-text__content\">\n<h2 class=\"wp-block-heading\">Misi\u00f3n<\/h2>\n\n\n\n<p>Los semilleros de investigaci\u00f3n de la ESICI tienen como misi\u00f3n propiciar espacios y escenarios de reflexi\u00f3n y debate relacionados con los temas y l\u00edneas de investigaci\u00f3n dispuestas por la Escuela de Inteligencia y Contrainteligencia.<\/p>\n\n\n\n<h2 class=\"wp-block-heading\">Visi\u00f3n<\/h2>\n\n\n\n<p>El semillero tiene como visi\u00f3n construir un espacio de di\u00e1logo en investigaci\u00f3n para los estudiantes a trav\u00e9s de encuentros de semilleros con otras universidades que manejen temas afines a los semilleros de investigaci\u00f3n de la Escuela de Inteligencia y Contrainteligencia BG. Ricardo Charry solano.<\/p>\n<\/div><\/div>\n\n\n\n<hr class=\"wp-block-separator\"\/>\n\n\n\n<h2 class=\"wp-block-heading\">Pol\u00edticas <\/h2>\n\n\n\n<p>Los semilleros de investigaci\u00f3n en la Escuela de Inteligencia y Contrainteligencia BG. Ricardo Charry Solano son comunidades de aprendizaje de estudiantes y profesores, de una o de diferentes \u00e1reas, surgidas de acuerdo a las necesidades y por el inter\u00e9s en investigaci\u00f3n de los integrantes.<\/p>\n\n\n\n<p><br>Como comunidades de aprendizaje se identifican, por un sentido de pertenencia enmarcado en lo estrat\u00e9gico, t\u00e9cnico, tecnol\u00f3gico e innovador; y, en el plano de la continuidad, por un sentido de pertinencia enmarcado por lo planeado, lo guiado, y lo que en \u00faltimas determina para el semillero de investigaci\u00f3n un ser y estar en el mundo, es por esto que tienen unos objetivos y un plan de acci\u00f3n a mediano y\/o largo plazo, que responden a las necesidades del semillero y de la Escuela.<\/p>\n\n\n\n<p><br>Los semilleros se articulan como comunidad acad\u00e9mica al sistema de investigaci\u00f3n de la Escuela, a trav\u00e9s de su vinculaci\u00f3n con los proyectos de investigaci\u00f3n, lo que los convierte en el epicentro de formaci\u00f3n de importancia para los investigadores principales. De igual manera se vinculan con los pregrados y posgrados de la Escuela, ya que sus \u00e1reas de trabajo se derivan de las necesidades de la inteligencia militar.<\/p>\n\n\n\n<hr class=\"wp-block-separator\"\/>\n\n\n\n<h2 class=\"wp-block-heading\">L\u00edneas de Investigaci\u00f3n Semilleros<\/h2>\n\n\n\n<figure class=\"wp-block-image size-large\"><img decoding=\"async\" width=\"907\" height=\"643\" src=\"https:\/\/esici.edu.co\/wp-content\/uploads\/2021\/05\/LINEAS-DE-INV.jpeg\" alt=\"\" class=\"wp-image-494\" srcset=\"https:\/\/esici.edu.co\/wp-content\/uploads\/2021\/05\/LINEAS-DE-INV.jpeg 907w, https:\/\/esici.edu.co\/wp-content\/uploads\/2021\/05\/LINEAS-DE-INV-300x213.jpeg 300w, https:\/\/esici.edu.co\/wp-content\/uploads\/2021\/05\/LINEAS-DE-INV-768x544.jpeg 768w\" sizes=\"(max-width: 907px) 100vw, 907px\" \/><\/figure>\n\n\n\n<hr class=\"wp-block-separator\"\/>\n\n\n\n<div class=\"wp-block-image\"><figure class=\"aligncenter size-large is-resized\"><img decoding=\"async\" src=\"https:\/\/esici.edu.co\/wp-content\/uploads\/2021\/05\/Manual_de_Semilleros-410x1024.jpg\" alt=\"\" class=\"wp-image-495\" width=\"327\" height=\"816\" srcset=\"https:\/\/esici.edu.co\/wp-content\/uploads\/2021\/05\/Manual_de_Semilleros-410x1024.jpg 410w, https:\/\/esici.edu.co\/wp-content\/uploads\/2021\/05\/Manual_de_Semilleros-120x300.jpg 120w\" sizes=\"(max-width: 327px) 100vw, 327px\" \/><\/figure><\/div>\n\n\n\n<hr class=\"wp-block-separator\"\/>\n\n\n\n<h4 class=\"has-text-align-center wp-block-heading\"><em>Si quieres conocer m\u00e1s sobre nosotros puedes descargar y conocer nuestra Directiva Permanente No. 000153 sobre Organizaci\u00f3n y Funcionamiento del Sistema de Ciencia, Tecnolog\u00eda e Innovaci\u00f3n<\/em><\/h4>\n\n\n\n<div class=\"wp-block-file\"><a href=\"https:\/\/esici.edu.co\/wp-content\/uploads\/2021\/05\/DIRECTIVA-PERMANENTE-No.-000153-CIENCIA-Y-TECNOLOGIA.pdf\">DIRECTIVA PERMANENTE No. 000153 CIENCIA Y TECNOLOGIA<\/a><a href=\"https:\/\/esici.edu.co\/wp-content\/uploads\/2021\/05\/DIRECTIVA-PERMANENTE-No.-000153-CIENCIA-Y-TECNOLOGIA.pdf\" class=\"wp-block-file__button\" download>Descargar<\/a><\/div>\n\n\n\n<p><\/p>\n","protected":false},"excerpt":{"rendered":"<p>Misi\u00f3n Los semilleros de investigaci\u00f3n de la ESICI tienen como misi\u00f3n propiciar espacios y escenarios de reflexi\u00f3n y debate relacionados con los temas y l\u00edneas de investigaci\u00f3n dispuestas por la Escuela de Inteligencia y Contrainteligencia. Visi\u00f3n El semillero tiene como visi\u00f3n construir un espacio de di\u00e1logo en investigaci\u00f3n para los estudiantes a trav\u00e9s de encuentros [&hellip;]<\/p>\n","protected":false},"author":1,"featured_media":0,"parent":0,"menu_order":0,"comment_status":"closed","ping_status":"closed","template":"","meta":{"_eb_attr":"","om_disable_all_campaigns":false,"_monsterinsights_skip_tracking":false,"_monsterinsights_sitenote_active":false,"_monsterinsights_sitenote_note":"","_monsterinsights_sitenote_category":0,"_uf_show_specific_survey":0,"_uf_disable_surveys":false,"footnotes":""},"class_list":["post-492","page","type-page","status-publish","hentry"],"aioseo_notices":[],"_links":{"self":[{"href":"https:\/\/esici.edu.co\/index.php\/wp-json\/wp\/v2\/pages\/492","targetHints":{"allow":["GET"]}}],"collection":[{"href":"https:\/\/esici.edu.co\/index.php\/wp-json\/wp\/v2\/pages"}],"about":[{"href":"https:\/\/esici.edu.co\/index.php\/wp-json\/wp\/v2\/types\/page"}],"author":[{"embeddable":true,"href":"https:\/\/esici.edu.co\/index.php\/wp-json\/wp\/v2\/users\/1"}],"replies":[{"embeddable":true,"href":"https:\/\/esici.edu.co\/index.php\/wp-json\/wp\/v2\/comments?post=492"}],"version-history":[{"count":2,"href":"https:\/\/esici.edu.co\/index.php\/wp-json\/wp\/v2\/pages\/492\/revisions"}],"predecessor-version":[{"id":501,"href":"https:\/\/esici.edu.co\/index.php\/wp-json\/wp\/v2\/pages\/492\/revisions\/501"}],"wp:attachment":[{"href":"https:\/\/esici.edu.co\/index.php\/wp-json\/wp\/v2\/media?parent=492"}],"curies":[{"name":"wp","href":"https:\/\/api.w.org\/{rel}","templated":true}]}}