{"id":503,"date":"2021-05-20T17:28:02","date_gmt":"2021-05-20T17:28:02","guid":{"rendered":"https:\/\/esici.edu.co\/?page_id=503"},"modified":"2021-11-05T13:34:23","modified_gmt":"2021-11-05T13:34:23","slug":"grupo-de-investigacion-ciga","status":"publish","type":"page","link":"https:\/\/esici.edu.co\/index.php\/grupo-de-investigacion-ciga\/","title":{"rendered":"Grupo de Investigaci\u00f3n CIGA"},"content":{"rendered":"\n<figure class=\"wp-block-image size-large\"><img fetchpriority=\"high\" decoding=\"async\" width=\"1024\" height=\"729\" src=\"https:\/\/esici.edu.co\/wp-content\/uploads\/2021\/11\/CIGA-1024x729.png\" alt=\"\" class=\"wp-image-1227\" srcset=\"https:\/\/esici.edu.co\/wp-content\/uploads\/2021\/11\/CIGA-1024x729.png 1024w, https:\/\/esici.edu.co\/wp-content\/uploads\/2021\/11\/CIGA-300x214.png 300w, https:\/\/esici.edu.co\/wp-content\/uploads\/2021\/11\/CIGA-768x547.png 768w, https:\/\/esici.edu.co\/wp-content\/uploads\/2021\/11\/CIGA.png 1095w\" sizes=\"(max-width: 1024px) 100vw, 1024px\" \/><\/figure>\n\n\n\n<figure class=\"wp-block-image size-large\"><img decoding=\"async\" width=\"1024\" height=\"768\" src=\"https:\/\/esici.edu.co\/wp-content\/uploads\/2021\/05\/CIGA.png\" alt=\"\" class=\"wp-image-513\" srcset=\"https:\/\/esici.edu.co\/wp-content\/uploads\/2021\/05\/CIGA.png 1024w, https:\/\/esici.edu.co\/wp-content\/uploads\/2021\/05\/CIGA-300x225.png 300w, https:\/\/esici.edu.co\/wp-content\/uploads\/2021\/05\/CIGA-768x576.png 768w\" sizes=\"(max-width: 1024px) 100vw, 1024px\" \/><\/figure>\n\n\n\n<div class=\"wp-block-columns is-layout-flex wp-container-core-columns-is-layout-9d6595d7 wp-block-columns-is-layout-flex\">\n<div class=\"wp-block-column is-layout-flow wp-block-column-is-layout-flow\">\n<h2 class=\"wp-block-heading\">Misi\u00f3n<\/h2>\n\n\n\n<p>Aportar nuevos elementos al debate cient\u00edfico-acad\u00e9mico, en las disciplinas varias al servicio de la Inteligencia Militar con el fin de generar conocimiento que sirva a la planificaci\u00f3n estrat\u00e9gica del Estado en General y a la Inteligencia Militar en particular.<\/p>\n<\/div>\n\n\n\n<div class=\"wp-block-column is-layout-flow wp-block-column-is-layout-flow\">\n<h2 class=\"wp-block-heading\">Visi\u00f3n<\/h2>\n\n\n\n<p>Para el a\u00f1o 2019, tener reconocimiento del grupo de investigaci\u00f3n de Colciencias en categor\u00eda A. En el a\u00f1o 2020, tener indexada la Revista Institucional Perspectivas en Inteligencia, adem\u00e1s de contar con otra revista de divulgaci\u00f3n y circulaci\u00f3n del conocimiento interno con ISSN. Y en el a\u00f1o 2030, convertirse en el referente cient\u00edfico-acad\u00e9mico en los campos de Guerra Asim\u00e9trica e inteligencia estrat\u00e9gica aplicados en las Fuerzas Militares y en la Comunidad Acad\u00e9mica Nacional e internacional.<\/p>\n<\/div>\n<\/div>\n\n\n\n<h2 class=\"wp-block-heading\">Objetivos<\/h2>\n\n\n\n<ul class=\"wp-block-list\"><li>Fomentar la cultura de la investigaci\u00f3n cient\u00edfica, t\u00e9cnica y tecnol\u00f3gica al interior de la Escuela para elevar el nivel acad\u00e9mico de los programas de Pregrado y Postgrado, a trav\u00e9s de la permanente b\u00fasqueda de soluciones que contribuyan a la defensa y seguridad del Estado colombiano.<\/li><li>Promover grupos y semilleros de investigaci\u00f3n coherentes con los procesos de I + D + i que generen productos resultado de investigaci\u00f3n que fortalezcan la producci\u00f3n acad\u00e9mica investigativa del departamento de ciencia, tecnolog\u00eda, investigaci\u00f3n y doctrina.<\/li><li>Generar espacios de participaci\u00f3n y discusi\u00f3n investigativa a nivel local, regional e internacional, que conlleven a la publicaci\u00f3n de productos de investigaci\u00f3n en la revista institucional y otras indexadas.<\/li><\/ul>\n\n\n\n<hr class=\"wp-block-separator\"\/>\n\n\n\n<div class=\"wp-block-file\"><a href=\"https:\/\/esici.edu.co\/wp-content\/uploads\/2021\/05\/PLAN-DE-TRABAJO.pdf\">PLAN DE TRABAJO<\/a><a href=\"https:\/\/esici.edu.co\/wp-content\/uploads\/2021\/05\/PLAN-DE-TRABAJO.pdf\" class=\"wp-block-file__button\" download>Descargar<\/a><\/div>\n\n\n\n<div class=\"wp-block-file\"><a href=\"https:\/\/esici.edu.co\/wp-content\/uploads\/2021\/05\/ESTADO-DEL-ARTE.pdf\">ESTADO DEL ARTE<\/a><a href=\"https:\/\/esici.edu.co\/wp-content\/uploads\/2021\/05\/ESTADO-DEL-ARTE.pdf\" class=\"wp-block-file__button\" download>Descargar<\/a><\/div>\n","protected":false},"excerpt":{"rendered":"<p>Misi\u00f3n Aportar nuevos elementos al debate cient\u00edfico-acad\u00e9mico, en las disciplinas varias al servicio de la Inteligencia Militar con el fin de generar conocimiento que sirva a la planificaci\u00f3n estrat\u00e9gica del Estado en General y a la Inteligencia Militar en particular. Visi\u00f3n Para el a\u00f1o 2019, tener reconocimiento del grupo de investigaci\u00f3n de Colciencias en categor\u00eda [&hellip;]<\/p>\n","protected":false},"author":1,"featured_media":0,"parent":0,"menu_order":0,"comment_status":"closed","ping_status":"closed","template":"","meta":{"_eb_attr":"","om_disable_all_campaigns":false,"_monsterinsights_skip_tracking":false,"_monsterinsights_sitenote_active":false,"_monsterinsights_sitenote_note":"","_monsterinsights_sitenote_category":0,"_uf_show_specific_survey":0,"_uf_disable_surveys":false,"footnotes":""},"class_list":["post-503","page","type-page","status-publish","hentry"],"aioseo_notices":[],"_links":{"self":[{"href":"https:\/\/esici.edu.co\/index.php\/wp-json\/wp\/v2\/pages\/503","targetHints":{"allow":["GET"]}}],"collection":[{"href":"https:\/\/esici.edu.co\/index.php\/wp-json\/wp\/v2\/pages"}],"about":[{"href":"https:\/\/esici.edu.co\/index.php\/wp-json\/wp\/v2\/types\/page"}],"author":[{"embeddable":true,"href":"https:\/\/esici.edu.co\/index.php\/wp-json\/wp\/v2\/users\/1"}],"replies":[{"embeddable":true,"href":"https:\/\/esici.edu.co\/index.php\/wp-json\/wp\/v2\/comments?post=503"}],"version-history":[{"count":6,"href":"https:\/\/esici.edu.co\/index.php\/wp-json\/wp\/v2\/pages\/503\/revisions"}],"predecessor-version":[{"id":1228,"href":"https:\/\/esici.edu.co\/index.php\/wp-json\/wp\/v2\/pages\/503\/revisions\/1228"}],"wp:attachment":[{"href":"https:\/\/esici.edu.co\/index.php\/wp-json\/wp\/v2\/media?parent=503"}],"curies":[{"name":"wp","href":"https:\/\/api.w.org\/{rel}","templated":true}]}}