{"id":576,"date":"2021-05-24T20:38:28","date_gmt":"2021-05-24T20:38:28","guid":{"rendered":"https:\/\/esici.edu.co\/?page_id=576"},"modified":"2025-06-12T23:17:32","modified_gmt":"2025-06-12T23:17:32","slug":"clausuras","status":"publish","type":"page","link":"https:\/\/esici.edu.co\/index.php\/clausuras\/","title":{"rendered":"Ceremonias"},"content":{"rendered":"\n<div class=\"wp-block-buttons is-content-justification-center is-layout-flex wp-container-core-buttons-is-layout-16018d1d wp-block-buttons-is-layout-flex\">\n<div class=\"wp-block-button\"><a class=\"wp-block-button__link has-vivid-cyan-blue-background-color has-background wp-element-button\"><strong>2023<\/strong><\/a><\/div>\n\n\n\n<div class=\"wp-block-button\"><a class=\"wp-block-button__link has-vivid-cyan-blue-background-color has-background wp-element-button\" href=\"https:\/\/esici.edu.co\/index.php\/clausuras-2\/\"><strong>2024<\/strong><\/a><\/div>\n\n\n\n<div class=\"wp-block-button is-style-fill\"><a class=\"wp-block-button__link has-vivid-cyan-blue-background-color has-background wp-element-button\" href=\"https:\/\/esici.edu.co\/index.php\/2025\/06\/12\/ceremonias-de-grado-2025\/\"><strong>2025<\/strong><\/a><\/div>\n<\/div>\n\n\n\n<hr class=\"wp-block-separator has-alpha-channel-opacity\"\/>\n\n\n\n<h2 class=\"wp-block-heading\">CLAUSURA PREGRADO, TECNOLOG\u00cdA Y T\u00c9CNICA PROFESIONAL <\/h2>\n\n\n\n<figure class=\"wp-block-video\"><video autoplay controls muted src=\"https:\/\/esici.edu.co\/wp-content\/uploads\/2021\/09\/CLAUSURAS-PREGRADOS-2021-2.mp4\"><\/video><\/figure>\n\n\n\n<h2 class=\"wp-block-heading\">CLAUSURA CURSO SISTEMAS DE INFOMACI\u00d3N GEOGR\u00c1FICA<\/h2>\n\n\n\n<figure class=\"wp-block-video\"><video autoplay controls muted src=\"https:\/\/esici.edu.co\/wp-content\/uploads\/2021\/05\/CLAUSURA-SISTEMAS-DE-INFORMACION-GEOGRAFICA.mp4\"><\/video><\/figure>\n","protected":false},"excerpt":{"rendered":"<p>CLAUSURA PREGRADO, TECNOLOG\u00cdA Y T\u00c9CNICA PROFESIONAL CLAUSURA CURSO SISTEMAS DE INFOMACI\u00d3N GEOGR\u00c1FICA<\/p>\n","protected":false},"author":1,"featured_media":0,"parent":0,"menu_order":0,"comment_status":"closed","ping_status":"closed","template":"","meta":{"_eb_attr":"","om_disable_all_campaigns":false,"_monsterinsights_skip_tracking":false,"_monsterinsights_sitenote_active":false,"_monsterinsights_sitenote_note":"","_monsterinsights_sitenote_category":0,"_uf_show_specific_survey":0,"_uf_disable_surveys":false,"footnotes":""},"class_list":["post-576","page","type-page","status-publish","hentry"],"aioseo_notices":[],"_links":{"self":[{"href":"https:\/\/esici.edu.co\/index.php\/wp-json\/wp\/v2\/pages\/576","targetHints":{"allow":["GET"]}}],"collection":[{"href":"https:\/\/esici.edu.co\/index.php\/wp-json\/wp\/v2\/pages"}],"about":[{"href":"https:\/\/esici.edu.co\/index.php\/wp-json\/wp\/v2\/types\/page"}],"author":[{"embeddable":true,"href":"https:\/\/esici.edu.co\/index.php\/wp-json\/wp\/v2\/users\/1"}],"replies":[{"embeddable":true,"href":"https:\/\/esici.edu.co\/index.php\/wp-json\/wp\/v2\/comments?post=576"}],"version-history":[{"count":11,"href":"https:\/\/esici.edu.co\/index.php\/wp-json\/wp\/v2\/pages\/576\/revisions"}],"predecessor-version":[{"id":3776,"href":"https:\/\/esici.edu.co\/index.php\/wp-json\/wp\/v2\/pages\/576\/revisions\/3776"}],"wp:attachment":[{"href":"https:\/\/esici.edu.co\/index.php\/wp-json\/wp\/v2\/media?parent=576"}],"curies":[{"name":"wp","href":"https:\/\/api.w.org\/{rel}","templated":true}]}}