{"id":747,"date":"2021-08-25T20:55:45","date_gmt":"2021-08-25T20:55:45","guid":{"rendered":"https:\/\/esici.edu.co\/?page_id=747"},"modified":"2025-06-05T03:16:53","modified_gmt":"2025-06-05T03:16:53","slug":"inscripcion-maestria-inteligencia-estrategica","status":"publish","type":"page","link":"https:\/\/esici.edu.co\/index.php\/inscripcion-maestria-inteligencia-estrategica\/","title":{"rendered":"PROCESO DE INSCRIPCI\u00d3N MAESTR\u00cdA EN INTELIGENCIA ESTRAT\u00c9GICA"},"content":{"rendered":"\n<figure class=\"wp-block-image size-large\"><img fetchpriority=\"high\" decoding=\"async\" width=\"1024\" height=\"427\" src=\"https:\/\/esici.edu.co\/wp-content\/uploads\/2024\/07\/Maestria-en-Inteligencia-Estrategica-1024x427.jpg\" alt=\"\" class=\"wp-image-2731\" srcset=\"https:\/\/esici.edu.co\/wp-content\/uploads\/2024\/07\/Maestria-en-Inteligencia-Estrategica-1024x427.jpg 1024w, https:\/\/esici.edu.co\/wp-content\/uploads\/2024\/07\/Maestria-en-Inteligencia-Estrategica-300x125.jpg 300w, https:\/\/esici.edu.co\/wp-content\/uploads\/2024\/07\/Maestria-en-Inteligencia-Estrategica-768x320.jpg 768w, https:\/\/esici.edu.co\/wp-content\/uploads\/2024\/07\/Maestria-en-Inteligencia-Estrategica-1536x640.jpg 1536w, https:\/\/esici.edu.co\/wp-content\/uploads\/2024\/07\/Maestria-en-Inteligencia-Estrategica.jpg 1920w\" sizes=\"(max-width: 1024px) 100vw, 1024px\" \/><\/figure>\n\n\n\n<p><strong>Estimado aspirante al programa de Maestr\u00eda en Inteligencia Estrat\u00e9gica es un placer darle la bienvenida al proceso de inscripci\u00f3n. A continuaci\u00f3n le detallamos los pasos a seguir:<\/strong><\/p>\n\n\n\n<p><strong>1. Inscripci\u00f3n al programa: <\/strong>en el enlace dispuesto a continuaci\u00f3n, usted ingresar\u00e1 a la plataforma UNIVEX y deber\u00e1 diligenciar sus datos personales y acad\u00e9micos. Aseg\u00farese de proporcionar informaci\u00f3n precisa y actualizada para facilitar su proceso<\/p>\n\n\n\n<div class=\"wp-block-buttons is-layout-flex wp-block-buttons-is-layout-flex\">\n<div class=\"wp-block-button is-style-outline is-style-outline--1\"><a class=\"wp-block-button__link has-white-color has-vivid-cyan-blue-background-color has-text-color has-background wp-element-button\" href=\"https:\/\/youtu.be\/7uF9FYMkluU\" style=\"border-radius:15px\"><strong>Tutorial inscripci\u00f3n UNIVEX <\/strong><\/a><\/div>\n\n\n\n<div class=\"wp-block-button is-style-outline is-style-outline--2\"><a class=\"wp-block-button__link has-white-color has-vivid-cyan-blue-background-color has-text-color has-background wp-element-button\" href=\"http:\/\/190.144.10.234:8080\/Karakum\/Control\/\" style=\"border-radius:15px\"><strong>Inscripci\u00f3n al Programa de Maestr\u00eda<\/strong><\/a><\/div>\n<\/div>\n\n\n\n<p><strong>2. Consolidaci\u00f3n de documentaci\u00f3n requerida: <\/strong>una vez registrado, usted debe consolidar de forma f\u00edsica la siguiente documentaci\u00f3n:<\/p>\n\n\n\n<p><strong>a.<\/strong> Formulario de Inscripci\u00f3n.<br><strong>b<\/strong>. Hoja de vida funci\u00f3n p\u00fablica (personal civil) o Extracto hoja de vida (personal militar).<br><strong>c.<\/strong> Ensayo ajustado a las l\u00edneas de investigaci\u00f3n de la ESICI (3 a 5 p\u00e1ginas).<br><strong>d<\/strong>. Foto 3 X 4 Fondo azul.<br><strong>e.<\/strong> 2 fotocopias recibo de pago de inscripci\u00f3n (con nombres completos y n\u00famero de c\u00e9dula).<br><strong>f.<\/strong> 2 fotocopias de la Cedula Civil al 150% (Fotocopia de libreta militar (personal masculino, si aplica).<br><strong>g.<\/strong> Fotocopia del t\u00edtulo profesional y acta de grado (legible).<br><strong>h.<\/strong> Copia reporte individual de resultados saber PRO.<br><strong>i.<\/strong> Certificados antecedentes (Polic\u00eda, Procuradur\u00eda, Contralor\u00eda), con fecha no mayor a 30 d\u00edas.<br><strong>j.<\/strong> Certificado de afiliaci\u00f3n al sistema de salud (militar o civil con fecha de expedici\u00f3n no mayor a 30 d\u00edas).<br><strong>k.<\/strong> Fotocopia del certificado de votaci\u00f3n (opcional).<br><strong>NOTA:<\/strong> La documentaci\u00f3n deber\u00e1 ser entregada de manera f\u00edsica con los requisitos completos en una carpeta cuatro aletas blanca en las instalaciones de la ESICI (carrera 8 # 101 \u2013 33).<\/p>\n\n\n\n<div class=\"wp-block-buttons is-layout-flex wp-block-buttons-is-layout-flex\">\n<div class=\"wp-block-button is-style-outline is-style-outline--3\"><a class=\"wp-block-button__link has-white-color has-vivid-cyan-blue-background-color has-text-color has-background wp-element-button\" href=\"https:\/\/acrobat.adobe.com\/id\/urn:aaid:sc:VA6C2:81feda34-4e87-4518-b321-b768131f7626\" style=\"border-radius:15px\"><strong>Formulario de Inscripci\u00f3n<\/strong> <strong>Maestr\u00eda<\/strong><\/a><\/div>\n\n\n\n<div class=\"wp-block-button is-style-outline is-style-outline--4\"><a class=\"wp-block-button__link has-white-color has-vivid-cyan-blue-background-color has-text-color has-background wp-element-button\" href=\"https:\/\/acrobat.adobe.com\/id\/urn:aaid:sc:VA6C2:dce38fc5-e7cd-43d5-8027-af04b1325011\" style=\"border-radius:15px\"><strong>Formulario Hoja de Vida de la Funci\u00f3n P\u00fablica<\/strong><\/a><\/div>\n\n\n\n<div class=\"wp-block-button is-style-outline is-style-outline--5\"><a class=\"wp-block-button__link has-white-color has-vivid-cyan-blue-background-color has-text-color has-background wp-element-button\" href=\"https:\/\/esici.edu.co\/wp-content\/uploads\/2023\/11\/ESTATUTO-DE-INVESTIGACION-2021.pdf\" style=\"border-radius:15px\"><strong>L\u00edneas de Investigaci\u00f3n ESICI<\/strong><\/a><\/div>\n<\/div>\n\n\n\n<p><strong>3. Realizaci\u00f3n de pago:<\/strong> El costo de inscripci\u00f3n al programa de maestr\u00eda es de $254.100 (doscientos cincuenta y cuatro mil cien pesos colombianos). El pago se realizar\u00e1 a trav\u00e9s de la plataforma CEDOC360\u00b0. Adjuntamos un tutorial detallado para guiarlos en este proceso y asegurar una transacci\u00f3n exitosa.<\/p>\n\n\n\n<div class=\"wp-block-buttons is-layout-flex wp-block-buttons-is-layout-flex\">\n<div class=\"wp-block-button is-style-outline is-style-outline--6\"><a class=\"wp-block-button__link has-white-color has-vivid-cyan-blue-background-color has-text-color has-background wp-element-button\" style=\"border-radius:15px\"><strong>Tutor\u00edas Para Pago<\/strong> <strong>Por Plataforma CEDOC360\u00b0<\/strong> <\/a><\/div>\n\n\n\n<div class=\"wp-block-button is-style-outline is-style-outline--7\"><a class=\"wp-block-button__link has-white-color has-vivid-cyan-blue-background-color has-text-color has-background wp-element-button\" style=\"border-radius:15px\"><strong>Pago de Inscripci\u00f3n<\/strong><\/a><\/div>\n<\/div>\n\n\n\n<p><strong>4. Proceso de selecci\u00f3n y admitidos: <\/strong>Una vez completados los pasos anteriores y verificada la documentaci\u00f3n, los resultados se publicar\u00e1n en el enlace de admitidos. En esta lista encontrar\u00e1n a aquellos estudiantes que cumplieron con los requisitos y que est\u00e1n oficialmente admitidos para iniciar su programa de Maestr\u00eda en Inteligencia Estrat\u00e9gica.<\/p>\n\n\n\n<div class=\"wp-block-buttons is-layout-flex wp-block-buttons-is-layout-flex\">\n<div class=\"wp-block-button is-style-outline is-style-outline--8\"><a class=\"wp-block-button__link has-white-color has-vivid-cyan-blue-background-color has-text-color has-background wp-element-button\" style=\"border-radius:15px\"><strong>Admitidos<\/strong> <strong>al programa de Maestr\u00eda en Inteligencia Estrat\u00e9gica<\/strong><\/a><\/div>\n<\/div>\n\n\n\n<p>Le recordamos la importancia de cumplir con todos los requisitos y en los tiempos establecidos para garantizar una experiencia exitosa. Estamos disponibles para cualquier consulta o asistencia que requieran durante este proceso. (WhatsApp <strong>+57 322 3825884<\/strong>)<br><strong>\u00a1Les deseamos mucho \u00e9xito en su postulaci\u00f3n y les esperamos en nuestro programa!<\/strong><\/p>\n","protected":false},"excerpt":{"rendered":"<p>Estimado aspirante al programa de Maestr\u00eda en Inteligencia Estrat\u00e9gica es un placer darle la bienvenida al proceso de inscripci\u00f3n. A continuaci\u00f3n le detallamos los pasos a seguir: 1. Inscripci\u00f3n al programa: en el enlace dispuesto a continuaci\u00f3n, usted ingresar\u00e1 a la plataforma UNIVEX y deber\u00e1 diligenciar sus datos personales y acad\u00e9micos. Aseg\u00farese de proporcionar informaci\u00f3n [&hellip;]<\/p>\n","protected":false},"author":1,"featured_media":0,"parent":0,"menu_order":0,"comment_status":"closed","ping_status":"closed","template":"","meta":{"_eb_attr":"","om_disable_all_campaigns":false,"_monsterinsights_skip_tracking":false,"_monsterinsights_sitenote_active":false,"_monsterinsights_sitenote_note":"","_monsterinsights_sitenote_category":0,"_uf_show_specific_survey":0,"_uf_disable_surveys":false,"footnotes":""},"class_list":["post-747","page","type-page","status-publish","hentry"],"aioseo_notices":[],"_links":{"self":[{"href":"https:\/\/esici.edu.co\/index.php\/wp-json\/wp\/v2\/pages\/747","targetHints":{"allow":["GET"]}}],"collection":[{"href":"https:\/\/esici.edu.co\/index.php\/wp-json\/wp\/v2\/pages"}],"about":[{"href":"https:\/\/esici.edu.co\/index.php\/wp-json\/wp\/v2\/types\/page"}],"author":[{"embeddable":true,"href":"https:\/\/esici.edu.co\/index.php\/wp-json\/wp\/v2\/users\/1"}],"replies":[{"embeddable":true,"href":"https:\/\/esici.edu.co\/index.php\/wp-json\/wp\/v2\/comments?post=747"}],"version-history":[{"count":16,"href":"https:\/\/esici.edu.co\/index.php\/wp-json\/wp\/v2\/pages\/747\/revisions"}],"predecessor-version":[{"id":3719,"href":"https:\/\/esici.edu.co\/index.php\/wp-json\/wp\/v2\/pages\/747\/revisions\/3719"}],"wp:attachment":[{"href":"https:\/\/esici.edu.co\/index.php\/wp-json\/wp\/v2\/media?parent=747"}],"curies":[{"name":"wp","href":"https:\/\/api.w.org\/{rel}","templated":true}]}}