{"id":830,"date":"2021-09-06T14:03:35","date_gmt":"2021-09-06T14:03:35","guid":{"rendered":"https:\/\/esici.edu.co\/?page_id=830"},"modified":"2025-05-15T22:02:25","modified_gmt":"2025-05-15T22:02:25","slug":"noticias-esici","status":"publish","type":"page","link":"https:\/\/esici.edu.co\/index.php\/noticias-esici\/","title":{"rendered":"Noticias ESICI"},"content":{"rendered":"\n<div class=\"wp-block-buttons alignwide is-content-justification-center is-layout-flex wp-container-core-buttons-is-layout-16018d1d wp-block-buttons-is-layout-flex\">\n<div class=\"wp-block-button\"><a class=\"wp-block-button__link has-vivid-cyan-blue-background-color has-background wp-element-button\"><strong>2023<\/strong><\/a><\/div>\n\n\n\n<div class=\"wp-block-button\"><a class=\"wp-block-button__link has-vivid-cyan-blue-background-color has-background wp-element-button\" href=\"https:\/\/esici.edu.co\/index.php\/2024\/08\/18\/noticias-2024\/\"><strong>2024<\/strong><\/a><\/div>\n\n\n\n<div class=\"wp-block-button\"><a class=\"wp-block-button__link has-vivid-cyan-blue-background-color has-background wp-element-button\" href=\"https:\/\/esici.edu.co\/index.php\/2025\/05\/15\/noticias-2025\/\"><strong>2025<\/strong><\/a><\/div>\n<\/div>\n\n\n\n<hr class=\"wp-block-separator has-alpha-channel-opacity is-style-dots\"\/>\n\n\n\n<figure class=\"wp-block-video\"><video controls src=\"https:\/\/esici.edu.co\/wp-content\/uploads\/2024\/08\/WhatsApp-Video-2024-08-18-at-9.41.12-PM.mp4\"><\/video><figcaption class=\"wp-element-caption\"><strong>RELACIONAMIENTO CON EL SECTOR EXTERNO<\/strong><\/figcaption><\/figure>\n\n\n\n<figure class=\"wp-block-image size-large is-resized\"><img fetchpriority=\"high\" decoding=\"async\" width=\"1024\" height=\"462\" src=\"https:\/\/esici.edu.co\/wp-content\/uploads\/2024\/08\/WhatsApp-Image-2024-08-18-at-9.43.03-PM-1024x462.jpeg\" alt=\"\" class=\"wp-image-3202\" style=\"width:1092px;height:auto\" srcset=\"https:\/\/esici.edu.co\/wp-content\/uploads\/2024\/08\/WhatsApp-Image-2024-08-18-at-9.43.03-PM-1024x462.jpeg 1024w, https:\/\/esici.edu.co\/wp-content\/uploads\/2024\/08\/WhatsApp-Image-2024-08-18-at-9.43.03-PM-300x135.jpeg 300w, https:\/\/esici.edu.co\/wp-content\/uploads\/2024\/08\/WhatsApp-Image-2024-08-18-at-9.43.03-PM-768x347.jpeg 768w, https:\/\/esici.edu.co\/wp-content\/uploads\/2024\/08\/WhatsApp-Image-2024-08-18-at-9.43.03-PM-1536x694.jpeg 1536w, https:\/\/esici.edu.co\/wp-content\/uploads\/2024\/08\/WhatsApp-Image-2024-08-18-at-9.43.03-PM.jpeg 1599w\" sizes=\"(max-width: 1024px) 100vw, 1024px\" \/><\/figure>\n\n\n\n<hr class=\"wp-block-separator has-alpha-channel-opacity\"\/>\n\n\n\n<figure class=\"wp-block-embed is-type-rich is-provider-twitter wp-block-embed-twitter\"><div class=\"wp-block-embed__wrapper\">\n<blockquote class=\"twitter-tweet\" data-width=\"500\" data-dnt=\"true\"><p lang=\"es\" dir=\"ltr\">La Escuela de Inteligencia y Contrainteligencia realiz\u00f3 la ceremonia de graduaci\u00f3n que marca el inicio de nuevos horizontes para 09 graduandos de la Maestr\u00eda en Inteligencia Estrat\u00e9gica, presidido por el se\u00f1or Cr. Jhon Mauricio Acu\u00f1a Aldana, Director del CEMIL.<a href=\"https:\/\/twitter.com\/hashtag\/Educaci%C3%B3nMilitar?src=hash&amp;ref_src=twsrc%5Etfw\">#Educaci\u00f3nMilitar<\/a> <a href=\"https:\/\/t.co\/ruqMWe3t6H\">pic.twitter.com\/ruqMWe3t6H<\/a><\/p>&mdash; Centro de Educaci\u00f3n Militar (@CEMILEJC) <a href=\"https:\/\/twitter.com\/CEMILEJC\/status\/1806813490411155669?ref_src=twsrc%5Etfw\">June 28, 2024<\/a><\/blockquote><script async src=\"https:\/\/platform.twitter.com\/widgets.js\" charset=\"utf-8\"><\/script>\n<\/div><\/figure>\n\n\n\n<hr class=\"wp-block-separator has-alpha-channel-opacity\"\/>\n\n\n\n<ul class=\"wp-block-social-links alignleft is-layout-flex wp-block-social-links-is-layout-flex\"><li class=\"wp-social-link wp-social-link-twitter  wp-block-social-link\"><a href=\"https:\/\/twitter.com\/CEMILEJC\" class=\"wp-block-social-link-anchor\"><svg width=\"24\" height=\"24\" viewBox=\"0 0 24 24\" version=\"1.1\" xmlns=\"http:\/\/www.w3.org\/2000\/svg\" aria-hidden=\"true\" focusable=\"false\"><path d=\"M22.23,5.924c-0.736,0.326-1.527,0.547-2.357,0.646c0.847-0.508,1.498-1.312,1.804-2.27 c-0.793,0.47-1.671,0.812-2.606,0.996C18.324,4.498,17.257,4,16.077,4c-2.266,0-4.103,1.837-4.103,4.103 c0,0.322,0.036,0.635,0.106,0.935C8.67,8.867,5.647,7.234,3.623,4.751C3.27,5.357,3.067,6.062,3.067,6.814 c0,1.424,0.724,2.679,1.825,3.415c-0.673-0.021-1.305-0.206-1.859-0.513c0,0.017,0,0.034,0,0.052c0,1.988,1.414,3.647,3.292,4.023 c-0.344,0.094-0.707,0.144-1.081,0.144c-0.264,0-0.521-0.026-0.772-0.074c0.522,1.63,2.038,2.816,3.833,2.85 c-1.404,1.1-3.174,1.756-5.096,1.756c-0.331,0-0.658-0.019-0.979-0.057c1.816,1.164,3.973,1.843,6.29,1.843 c7.547,0,11.675-6.252,11.675-11.675c0-0.178-0.004-0.355-0.012-0.531C20.985,7.47,21.68,6.747,22.23,5.924z\"><\/path><\/svg><span class=\"wp-block-social-link-label screen-reader-text\">Twitter<\/span><\/a><\/li>\n\n<li class=\"wp-social-link wp-social-link-facebook  wp-block-social-link\"><a href=\"https:\/\/www.facebook.com\/centrodeducacionmilitar\" class=\"wp-block-social-link-anchor\"><svg width=\"24\" height=\"24\" viewBox=\"0 0 24 24\" version=\"1.1\" xmlns=\"http:\/\/www.w3.org\/2000\/svg\" aria-hidden=\"true\" focusable=\"false\"><path d=\"M12 2C6.5 2 2 6.5 2 12c0 5 3.7 9.1 8.4 9.9v-7H7.9V12h2.5V9.8c0-2.5 1.5-3.9 3.8-3.9 1.1 0 2.2.2 2.2.2v2.5h-1.3c-1.2 0-1.6.8-1.6 1.6V12h2.8l-.4 2.9h-2.3v7C18.3 21.1 22 17 22 12c0-5.5-4.5-10-10-10z\"><\/path><\/svg><span class=\"wp-block-social-link-label screen-reader-text\">Facebook<\/span><\/a><\/li>\n\n<li class=\"wp-social-link wp-social-link-tiktok  wp-block-social-link\"><a href=\"https:\/\/www.tiktok.com\/@maestria.inteligencia_es?_t=8ozCueKAAzd&#038;_r=1\" class=\"wp-block-social-link-anchor\"><svg width=\"24\" height=\"24\" viewBox=\"0 0 32 32\" version=\"1.1\" xmlns=\"http:\/\/www.w3.org\/2000\/svg\" aria-hidden=\"true\" focusable=\"false\"><path d=\"M16.708 0.027c1.745-0.027 3.48-0.011 5.213-0.027 0.105 2.041 0.839 4.12 2.333 5.563 1.491 1.479 3.6 2.156 5.652 2.385v5.369c-1.923-0.063-3.855-0.463-5.6-1.291-0.76-0.344-1.468-0.787-2.161-1.24-0.009 3.896 0.016 7.787-0.025 11.667-0.104 1.864-0.719 3.719-1.803 5.255-1.744 2.557-4.771 4.224-7.88 4.276-1.907 0.109-3.812-0.411-5.437-1.369-2.693-1.588-4.588-4.495-4.864-7.615-0.032-0.667-0.043-1.333-0.016-1.984 0.24-2.537 1.495-4.964 3.443-6.615 2.208-1.923 5.301-2.839 8.197-2.297 0.027 1.975-0.052 3.948-0.052 5.923-1.323-0.428-2.869-0.308-4.025 0.495-0.844 0.547-1.485 1.385-1.819 2.333-0.276 0.676-0.197 1.427-0.181 2.145 0.317 2.188 2.421 4.027 4.667 3.828 1.489-0.016 2.916-0.88 3.692-2.145 0.251-0.443 0.532-0.896 0.547-1.417 0.131-2.385 0.079-4.76 0.095-7.145 0.011-5.375-0.016-10.735 0.025-16.093z\" \/><\/svg><span class=\"wp-block-social-link-label screen-reader-text\">TikTok<\/span><\/a><\/li><\/ul>\n","protected":false},"excerpt":{"rendered":"","protected":false},"author":1,"featured_media":2865,"parent":0,"menu_order":0,"comment_status":"closed","ping_status":"closed","template":"","meta":{"_eb_attr":"","om_disable_all_campaigns":false,"_monsterinsights_skip_tracking":false,"_monsterinsights_sitenote_active":false,"_monsterinsights_sitenote_note":"","_monsterinsights_sitenote_category":0,"_uf_show_specific_survey":0,"_uf_disable_surveys":false,"footnotes":""},"class_list":["post-830","page","type-page","status-publish","has-post-thumbnail","hentry"],"aioseo_notices":[],"_links":{"self":[{"href":"https:\/\/esici.edu.co\/index.php\/wp-json\/wp\/v2\/pages\/830","targetHints":{"allow":["GET"]}}],"collection":[{"href":"https:\/\/esici.edu.co\/index.php\/wp-json\/wp\/v2\/pages"}],"about":[{"href":"https:\/\/esici.edu.co\/index.php\/wp-json\/wp\/v2\/types\/page"}],"author":[{"embeddable":true,"href":"https:\/\/esici.edu.co\/index.php\/wp-json\/wp\/v2\/users\/1"}],"replies":[{"embeddable":true,"href":"https:\/\/esici.edu.co\/index.php\/wp-json\/wp\/v2\/comments?post=830"}],"version-history":[{"count":18,"href":"https:\/\/esici.edu.co\/index.php\/wp-json\/wp\/v2\/pages\/830\/revisions"}],"predecessor-version":[{"id":3656,"href":"https:\/\/esici.edu.co\/index.php\/wp-json\/wp\/v2\/pages\/830\/revisions\/3656"}],"wp:featuredmedia":[{"embeddable":true,"href":"https:\/\/esici.edu.co\/index.php\/wp-json\/wp\/v2\/media\/2865"}],"wp:attachment":[{"href":"https:\/\/esici.edu.co\/index.php\/wp-json\/wp\/v2\/media?parent=830"}],"curies":[{"name":"wp","href":"https:\/\/api.w.org\/{rel}","templated":true}]}}