{"id":905,"date":"2021-09-07T16:52:39","date_gmt":"2021-09-07T16:52:39","guid":{"rendered":"https:\/\/esici.edu.co\/?page_id=905"},"modified":"2026-01-13T20:33:15","modified_gmt":"2026-01-13T20:33:15","slug":"especializacion-profesional-en-investigacion-e-informacion-electronica","status":"publish","type":"page","link":"https:\/\/esici.edu.co\/index.php\/especializacion-profesional-en-investigacion-e-informacion-electronica\/","title":{"rendered":"Especializaci\u00f3n Profesional en Investigaci\u00f3n e Informaci\u00f3n Electr\u00f3nica."},"content":{"rendered":"<div class=\"wp-block-image\">\n<figure class=\"aligncenter size-large is-resized\"><img fetchpriority=\"high\" decoding=\"async\" width=\"583\" height=\"1024\" src=\"https:\/\/esici.edu.co\/wp-content\/uploads\/2026\/01\/Dip-int-arti_6@3x-583x1024.png\" alt=\"\" class=\"wp-image-4222\" style=\"width:840px;height:auto\" srcset=\"https:\/\/esici.edu.co\/wp-content\/uploads\/2026\/01\/Dip-int-arti_6@3x-583x1024.png 583w, https:\/\/esici.edu.co\/wp-content\/uploads\/2026\/01\/Dip-int-arti_6@3x-171x300.png 171w, https:\/\/esici.edu.co\/wp-content\/uploads\/2026\/01\/Dip-int-arti_6@3x-768x1349.png 768w, https:\/\/esici.edu.co\/wp-content\/uploads\/2026\/01\/Dip-int-arti_6@3x-875x1536.png 875w, https:\/\/esici.edu.co\/wp-content\/uploads\/2026\/01\/Dip-int-arti_6@3x-1166x2048.png 1166w, https:\/\/esici.edu.co\/wp-content\/uploads\/2026\/01\/Dip-int-arti_6@3x-scaled.png 1458w\" sizes=\"(max-width: 583px) 100vw, 583px\" \/><\/figure><\/div>\n\n\n<div style=\"height:42px\" aria-hidden=\"true\" class=\"wp-block-spacer\"><\/div>\n\n\n\n<div class=\"wp-block-buttons is-content-justification-center is-layout-flex wp-container-core-buttons-is-layout-16018d1d wp-block-buttons-is-layout-flex\">\n<div class=\"wp-block-button\"><a class=\"wp-block-button__link has-white-color has-vivid-cyan-blue-background-color has-text-color has-background has-link-color wp-element-button\" href=\"https:\/\/acrobat.adobe.com\/id\/urn:aaid:sc:VA6C2:f94fd504-f962-4c10-817f-df3e81cd6faa\">Registro Calificado<\/a><\/div>\n\n\n\n<div class=\"wp-block-button\"><a class=\"wp-block-button__link has-white-color has-vivid-cyan-blue-background-color has-text-color has-background has-link-color wp-element-button\" href=\"https:\/\/esici.edu.co\/index.php\/inscripcion-especializacion-profesional-en-investigacion-e-informacion-electronica\/\">Inscripci\u00f3n<\/a><\/div>\n<\/div>\n\n\n\n<div style=\"height:51px\" aria-hidden=\"true\" class=\"wp-block-spacer\"><\/div>\n\n\n\n<h2 class=\"wp-block-heading has-text-align-left has-black-color has-text-color\">Informaci\u00f3n General<\/h2>\n\n\n\n<p class=\"has-text-align-left has-normal-font-size\"><strong>T\u00edtulo que otorga:<\/strong> Especialista Profesional en Investigaci\u00f3n e Informaci\u00f3n Electr\u00f3nica<br><strong>Resoluci\u00f3n de registro calificado:<\/strong> C\u00f3digo SNIES 10724<br><strong>Valor de la inscripci\u00f3n:<\/strong> $432.000 <br><strong>Tipo de formaci\u00f3n:<\/strong> Posgrado<br><strong>Contacto:<\/strong> 3223825884 \/ admisiones.esici@cedoc.edu.co <br><strong>Lugar donde se oferta:<\/strong> Bogot\u00e1 D.C., Colombia.<\/p>\n\n\n\n<div style=\"height:40px\" aria-hidden=\"true\" class=\"wp-block-spacer\"><\/div>\n\n\n\n<div class=\"wp-block-columns is-layout-flex wp-container-core-columns-is-layout-9d6595d7 wp-block-columns-is-layout-flex\">\n<div class=\"wp-block-column is-layout-flow wp-block-column-is-layout-flow\">\n<h2 class=\"wp-block-heading\">Perfil del Aspirante<\/h2>\n\n\n\n<p>Ser agente activo de la Fuerza, que tenga la capacidad de autocontrol y adaptaci\u00f3n, mente abierta a los cambios y que cumpla con los requisitos previos establecidos por la ESICI, adem\u00e1s que intr\u00ednsecamente dentro de su proyecto de vida tenga como objetivo aportar significativamente a la Inteligencia Militar.<\/p>\n<\/div>\n\n\n\n<div class=\"wp-block-column is-layout-flow wp-block-column-is-layout-flow\">\n<h2 class=\"wp-block-heading\"><strong>Perfil del Egresado<\/strong><\/h2>\n\n\n\n<ul class=\"wp-block-list\">\n<li>Competente para planear, organizar y administrar recursos que garanticen la Seguridad Nacional.<\/li>\n\n\n\n<li>Capacidad de prevenci\u00f3n de las diferentes amenazas en los siguientes campos: del talento humano, manejo de informaci\u00f3n electr\u00f3nica, digital, a trav\u00e9s del uso eficiente de las TICS, adecuando planes y programas acordes con las tareas propias de la profesi\u00f3n<\/li>\n\n\n\n<li>Evidencia, previene, soluciona y adecua riesgos y medidas preventivas que se presenten<\/li>\n\n\n\n<li>Utiliza todas las herramientas necesarias para poder implementar esquemas de protecci\u00f3n de informaci\u00f3n<\/li>\n\n\n\n<li>Apoya al fortalecimiento de la seguridad fronteriza con ayuda de las disciplinas de inteligencia.<\/li>\n\n\n\n<li>Identifica amenazas, vulnerabilidades y oportunidades del Estado y las instituciones privadas.<\/li>\n<\/ul>\n<\/div>\n<\/div>\n\n\n\n<hr class=\"wp-block-separator has-css-opacity\"\/>\n\n\n\n<h2 class=\"wp-block-heading has-text-align-center\"><strong><em>Para realizar tus pagos de la Especializaci\u00f3n, lo puedes realizar a trav\u00e9s de PSE haciendo clic en el bot\u00f3<\/em><\/strong>n<\/h2>\n\n\n<div class=\"wp-block-image is-resized\">\n<figure class=\"aligncenter size-large\"><a href=\"https:\/\/www.zonapagos.com\/t_cenaceduejer\/pagos.asp\" target=\"_blank\" rel=\"noopener\"><img decoding=\"async\" width=\"378\" height=\"376\" src=\"https:\/\/esici.edu.co\/wp-content\/uploads\/2021\/05\/PSE.png\" alt=\"\" class=\"wp-image-116\" style=\"width:152px;height:auto\" srcset=\"https:\/\/esici.edu.co\/wp-content\/uploads\/2021\/05\/PSE.png 378w, https:\/\/esici.edu.co\/wp-content\/uploads\/2021\/05\/PSE-300x298.png 300w, https:\/\/esici.edu.co\/wp-content\/uploads\/2021\/05\/PSE-150x150.png 150w\" sizes=\"(max-width: 378px) 100vw, 378px\" \/><\/a><\/figure><\/div>","protected":false},"excerpt":{"rendered":"<p>Informaci\u00f3n General T\u00edtulo que otorga: Especialista Profesional en Investigaci\u00f3n e Informaci\u00f3n Electr\u00f3nicaResoluci\u00f3n de registro calificado: C\u00f3digo SNIES 10724Valor de la inscripci\u00f3n: $432.000 Tipo de formaci\u00f3n: PosgradoContacto: 3223825884 \/ admisiones.esici@cedoc.edu.co Lugar donde se oferta: Bogot\u00e1 D.C., Colombia. Perfil del Aspirante Ser agente activo de la Fuerza, que tenga la capacidad de autocontrol y adaptaci\u00f3n, mente abierta [&hellip;]<\/p>\n","protected":false},"author":1,"featured_media":0,"parent":0,"menu_order":0,"comment_status":"closed","ping_status":"closed","template":"","meta":{"_eb_attr":"","om_disable_all_campaigns":false,"_monsterinsights_skip_tracking":false,"_monsterinsights_sitenote_active":false,"_monsterinsights_sitenote_note":"","_monsterinsights_sitenote_category":0,"_uf_show_specific_survey":0,"_uf_disable_surveys":false,"footnotes":""},"class_list":["post-905","page","type-page","status-publish","hentry"],"aioseo_notices":[],"_links":{"self":[{"href":"https:\/\/esici.edu.co\/index.php\/wp-json\/wp\/v2\/pages\/905","targetHints":{"allow":["GET"]}}],"collection":[{"href":"https:\/\/esici.edu.co\/index.php\/wp-json\/wp\/v2\/pages"}],"about":[{"href":"https:\/\/esici.edu.co\/index.php\/wp-json\/wp\/v2\/types\/page"}],"author":[{"embeddable":true,"href":"https:\/\/esici.edu.co\/index.php\/wp-json\/wp\/v2\/users\/1"}],"replies":[{"embeddable":true,"href":"https:\/\/esici.edu.co\/index.php\/wp-json\/wp\/v2\/comments?post=905"}],"version-history":[{"count":17,"href":"https:\/\/esici.edu.co\/index.php\/wp-json\/wp\/v2\/pages\/905\/revisions"}],"predecessor-version":[{"id":4237,"href":"https:\/\/esici.edu.co\/index.php\/wp-json\/wp\/v2\/pages\/905\/revisions\/4237"}],"wp:attachment":[{"href":"https:\/\/esici.edu.co\/index.php\/wp-json\/wp\/v2\/media?parent=905"}],"curies":[{"name":"wp","href":"https:\/\/api.w.org\/{rel}","templated":true}]}}