{"id":932,"date":"2021-09-09T16:31:49","date_gmt":"2021-09-09T16:31:49","guid":{"rendered":"https:\/\/esici.edu.co\/?page_id=932"},"modified":"2026-01-13T20:33:53","modified_gmt":"2026-01-13T20:33:53","slug":"especializacion-tecnologica-en-investigacion-y-seguridad-preventiva","status":"publish","type":"page","link":"https:\/\/esici.edu.co\/index.php\/especializacion-tecnologica-en-investigacion-y-seguridad-preventiva\/","title":{"rendered":"Especializaci\u00f3n Tecnol\u00f3gica en Investigaci\u00f3n y Seguridad Preventiva."},"content":{"rendered":"<div class=\"wp-block-image\">\n<figure class=\"aligncenter size-large is-resized\"><img fetchpriority=\"high\" decoding=\"async\" width=\"583\" height=\"1024\" src=\"https:\/\/esici.edu.co\/wp-content\/uploads\/2026\/01\/Dip-int-arti_3@3x-583x1024.png\" alt=\"\" class=\"wp-image-4225\" style=\"width:840px;height:auto\" srcset=\"https:\/\/esici.edu.co\/wp-content\/uploads\/2026\/01\/Dip-int-arti_3@3x-583x1024.png 583w, https:\/\/esici.edu.co\/wp-content\/uploads\/2026\/01\/Dip-int-arti_3@3x-171x300.png 171w, https:\/\/esici.edu.co\/wp-content\/uploads\/2026\/01\/Dip-int-arti_3@3x-768x1349.png 768w, https:\/\/esici.edu.co\/wp-content\/uploads\/2026\/01\/Dip-int-arti_3@3x-875x1536.png 875w, https:\/\/esici.edu.co\/wp-content\/uploads\/2026\/01\/Dip-int-arti_3@3x-1166x2048.png 1166w, https:\/\/esici.edu.co\/wp-content\/uploads\/2026\/01\/Dip-int-arti_3@3x-scaled.png 1458w\" sizes=\"(max-width: 583px) 100vw, 583px\" \/><\/figure><\/div>\n\n\n<div style=\"height:43px\" aria-hidden=\"true\" class=\"wp-block-spacer\"><\/div>\n\n\n\n<div class=\"wp-block-buttons is-content-justification-center is-layout-flex wp-container-core-buttons-is-layout-16018d1d wp-block-buttons-is-layout-flex\">\n<div class=\"wp-block-button is-style-fill\"><a class=\"wp-block-button__link has-white-color has-vivid-cyan-blue-background-color has-text-color has-background has-link-color wp-element-button\" href=\"https:\/\/acrobat.adobe.com\/id\/urn:aaid:sc:VA6C2:204571c2-900c-4c92-8229-d1768f8ad046\">Registro Calificado<\/a><\/div>\n\n\n\n<div class=\"wp-block-button\"><a class=\"wp-block-button__link has-white-color has-vivid-cyan-blue-background-color has-text-color has-background has-link-color wp-element-button\" href=\"https:\/\/esici.edu.co\/index.php\/inscripcion-especializacion-tecnologica-en-investigacion-y-seguridad-preventiva\/\">Inscripci\u00f3n<\/a><\/div>\n<\/div>\n\n\n\n<div style=\"height:43px\" aria-hidden=\"true\" class=\"wp-block-spacer\"><\/div>\n\n\n\n<h2 class=\"wp-block-heading has-text-align-left\">Informaci\u00f3n General<\/h2>\n\n\n\n<p class=\"has-text-align-left\"><strong>T\u00edtulo que otorga:<\/strong>\u00a0Especialista Tecnol\u00f3gico en Investigaci\u00f3n y Seguridad Preventiva<br><strong>Resoluci\u00f3n de registro calificado:<\/strong>\u00a0C\u00f3digo SNIES 10725<br><strong>Valor de la inscripci\u00f3n:<\/strong>\u00a0$432.000 <br><strong>Tipo de formaci\u00f3n:<\/strong>\u00a0Posgrado<br><strong>Contacto:<\/strong>\u00a03223825884 \/ admisiones.esici@cedoc.edu.co<br><strong>Lugar donde se oferta:<\/strong>\u00a0Bogot\u00e1 D.C., Colombia.<\/p>\n\n\n\n<div class=\"wp-block-columns is-layout-flex wp-container-core-columns-is-layout-9d6595d7 wp-block-columns-is-layout-flex\">\n<div class=\"wp-block-column is-layout-flow wp-block-column-is-layout-flow\">\n<h2 class=\"wp-block-heading\">Perfil del Aspirante<\/h2>\n\n\n\n<p>Debe ser un Suboficial que haya pasado por la Unidad T\u00e1ctica y se caracterice por tener:<\/p>\n\n\n\n<ul class=\"wp-block-list\">\n<li>T\u00edtulo de Pregrado en Tecnolog\u00eda en Administraci\u00f3n y An\u00e1lisis de la Seguridad<\/li>\n\n\n\n<li>Ser Militar activo (Suboficial)<\/li>\n\n\n\n<li>Apoyo de los Comandantes de Unidades<\/li>\n\n\n\n<li>No poseer investigaciones Disciplinarias<\/li>\n\n\n\n<li>No estar pendiente de retiro.<\/li>\n\n\n\n<li>Folio de vida evaluado y calificado.<\/li>\n\n\n\n<li>Liderazgo.<\/li>\n\n\n\n<li>Capacidad adaptativa.<\/li>\n\n\n\n<li>Capacidad para trabajar en equipo.<\/li>\n\n\n\n<li>Capacidad de resolver problemas acordes a la situaci\u00f3n.<\/li>\n<\/ul>\n<\/div>\n\n\n\n<div class=\"wp-block-column is-layout-flow wp-block-column-is-layout-flow\">\n<h2 class=\"wp-block-heading\"><strong>Perfil del Egresado<\/strong><\/h2>\n\n\n\n<p>El egresado tendr\u00e1 la capacidad de desempe\u00f1arse en el \u00e1rea de seguridad preventiva. Por otro lado, tendr\u00e1 la competencia de recolectar informaci\u00f3n, por medios humanos o a trav\u00e9s del ciberespacio, con el fin de detectar, identificar y analizar posibles indicadores de amenazas para desarrollar cursos de acci\u00f3n o soluciones. Lo anterior, le permitir\u00e1 tomar decisiones acertadas que velen por la protecci\u00f3n de personas, instalaciones o equipos en el sector privado o p\u00fablico a trav\u00e9s de la correcta aplicaci\u00f3n de t\u00e9cnicas y procedimientos.<\/p>\n\n\n\n<p>El especialista podr\u00e1 desempe\u00f1arse en cualquier \u00e1rea de seguridad, respetuoso de los Derechos Fundamentales del ser humano, logrando un esp\u00edritu de servicio a la sociedad y al sector Defensa.<\/p>\n<\/div>\n<\/div>\n\n\n\n<h2 class=\"wp-block-heading has-text-align-center\"><strong><em>Para realizar tus pagos de la Especializaci\u00f3n, lo puedes realizar a trav\u00e9s de PSE haciendo clic en el bot\u00f3<\/em><\/strong>n<\/h2>\n\n\n<div class=\"wp-block-image is-resized\">\n<figure class=\"aligncenter size-large\"><a href=\"https:\/\/www.zonapagos.com\/t_cenaceduejer\/pagos.asp\" target=\"_blank\" rel=\"noopener\"><img decoding=\"async\" width=\"378\" height=\"376\" src=\"https:\/\/esici.edu.co\/wp-content\/uploads\/2021\/05\/PSE.png\" alt=\"\" class=\"wp-image-116\" style=\"width:189px;height:auto\" srcset=\"https:\/\/esici.edu.co\/wp-content\/uploads\/2021\/05\/PSE.png 378w, https:\/\/esici.edu.co\/wp-content\/uploads\/2021\/05\/PSE-300x298.png 300w, https:\/\/esici.edu.co\/wp-content\/uploads\/2021\/05\/PSE-150x150.png 150w\" sizes=\"(max-width: 378px) 100vw, 378px\" \/><\/a><\/figure><\/div>\n\n\n<p><\/p>\n","protected":false},"excerpt":{"rendered":"<p>Informaci\u00f3n General T\u00edtulo que otorga:\u00a0Especialista Tecnol\u00f3gico en Investigaci\u00f3n y Seguridad PreventivaResoluci\u00f3n de registro calificado:\u00a0C\u00f3digo SNIES 10725Valor de la inscripci\u00f3n:\u00a0$432.000 Tipo de formaci\u00f3n:\u00a0PosgradoContacto:\u00a03223825884 \/ admisiones.esici@cedoc.edu.coLugar donde se oferta:\u00a0Bogot\u00e1 D.C., Colombia. Perfil del Aspirante Debe ser un Suboficial que haya pasado por la Unidad T\u00e1ctica y se caracterice por tener: Perfil del Egresado El egresado tendr\u00e1 la [&hellip;]<\/p>\n","protected":false},"author":1,"featured_media":0,"parent":0,"menu_order":0,"comment_status":"closed","ping_status":"closed","template":"","meta":{"_eb_attr":"","om_disable_all_campaigns":false,"_monsterinsights_skip_tracking":false,"_monsterinsights_sitenote_active":false,"_monsterinsights_sitenote_note":"","_monsterinsights_sitenote_category":0,"_uf_show_specific_survey":0,"_uf_disable_surveys":false,"footnotes":""},"class_list":["post-932","page","type-page","status-publish","hentry"],"aioseo_notices":[],"_links":{"self":[{"href":"https:\/\/esici.edu.co\/index.php\/wp-json\/wp\/v2\/pages\/932","targetHints":{"allow":["GET"]}}],"collection":[{"href":"https:\/\/esici.edu.co\/index.php\/wp-json\/wp\/v2\/pages"}],"about":[{"href":"https:\/\/esici.edu.co\/index.php\/wp-json\/wp\/v2\/types\/page"}],"author":[{"embeddable":true,"href":"https:\/\/esici.edu.co\/index.php\/wp-json\/wp\/v2\/users\/1"}],"replies":[{"embeddable":true,"href":"https:\/\/esici.edu.co\/index.php\/wp-json\/wp\/v2\/comments?post=932"}],"version-history":[{"count":13,"href":"https:\/\/esici.edu.co\/index.php\/wp-json\/wp\/v2\/pages\/932\/revisions"}],"predecessor-version":[{"id":4238,"href":"https:\/\/esici.edu.co\/index.php\/wp-json\/wp\/v2\/pages\/932\/revisions\/4238"}],"wp:attachment":[{"href":"https:\/\/esici.edu.co\/index.php\/wp-json\/wp\/v2\/media?parent=932"}],"curies":[{"name":"wp","href":"https:\/\/api.w.org\/{rel}","templated":true}]}}