{"id":954,"date":"2021-09-09T20:29:27","date_gmt":"2021-09-09T20:29:27","guid":{"rendered":"https:\/\/esici.edu.co\/?page_id=954"},"modified":"2026-01-13T20:34:39","modified_gmt":"2026-01-13T20:34:39","slug":"especializacion-tecnologica-en-manejo-de-tecnicas-investigativas-avanzadas","status":"publish","type":"page","link":"https:\/\/esici.edu.co\/index.php\/especializacion-tecnologica-en-manejo-de-tecnicas-investigativas-avanzadas\/","title":{"rendered":"Especializaci\u00f3n Tecnol\u00f3gica en Manejo de T\u00e9cnicas Investigativas Avanzadas."},"content":{"rendered":"\n<figure class=\"wp-block-image size-large is-resized\"><img fetchpriority=\"high\" decoding=\"async\" width=\"583\" height=\"1024\" src=\"https:\/\/esici.edu.co\/wp-content\/uploads\/2026\/01\/Dip-int-arti_4@3x-583x1024.png\" alt=\"\" class=\"wp-image-4227\" style=\"width:840px;height:auto\" srcset=\"https:\/\/esici.edu.co\/wp-content\/uploads\/2026\/01\/Dip-int-arti_4@3x-583x1024.png 583w, https:\/\/esici.edu.co\/wp-content\/uploads\/2026\/01\/Dip-int-arti_4@3x-171x300.png 171w, https:\/\/esici.edu.co\/wp-content\/uploads\/2026\/01\/Dip-int-arti_4@3x-768x1349.png 768w, https:\/\/esici.edu.co\/wp-content\/uploads\/2026\/01\/Dip-int-arti_4@3x-875x1536.png 875w, https:\/\/esici.edu.co\/wp-content\/uploads\/2026\/01\/Dip-int-arti_4@3x-1166x2048.png 1166w, https:\/\/esici.edu.co\/wp-content\/uploads\/2026\/01\/Dip-int-arti_4@3x-scaled.png 1458w\" sizes=\"(max-width: 583px) 100vw, 583px\" \/><\/figure>\n\n\n\n<div style=\"height:46px\" aria-hidden=\"true\" class=\"wp-block-spacer\"><\/div>\n\n\n\n<div class=\"wp-block-buttons is-content-justification-center is-layout-flex wp-container-core-buttons-is-layout-16018d1d wp-block-buttons-is-layout-flex\">\n<div class=\"wp-block-button\"><a class=\"wp-block-button__link has-white-color has-vivid-cyan-blue-background-color has-text-color has-background has-link-color wp-element-button\" href=\"https:\/\/acrobat.adobe.com\/id\/urn:aaid:sc:VA6C2:c974f9f9-cc85-45ed-a29f-1f48b6d52573\">Registro Calificado<\/a><\/div>\n\n\n\n<div class=\"wp-block-button\"><a class=\"wp-block-button__link has-white-color has-vivid-cyan-blue-background-color has-text-color has-background has-link-color wp-element-button\" href=\"https:\/\/esici.edu.co\/index.php\/inscripcion-especializacion-tecnologica-en-manejo-de-tecnicas-investigativas-avanzadas\/\">Inscripci\u00f3n<\/a><\/div>\n<\/div>\n\n\n\n<div style=\"height:43px\" aria-hidden=\"true\" class=\"wp-block-spacer\"><\/div>\n\n\n\n<p class=\"has-text-align-left\" id=\"block-a6c15a56-ccf3-4038-b783-55660d7ce613\"><strong>T\u00edtulo que otorga:<\/strong> Especialista Profesional en Manejo de T\u00e9cnicas Investigativas Avanzadas<br><strong>Resoluci\u00f3n de registro calificado:<\/strong> C\u00f3digo SNIES 10711<br><strong>Valor de la inscripci\u00f3n:<\/strong> $432.000 <br><strong>Tipo de formaci\u00f3n:<\/strong> Posgrado<br><strong>Contacto:<\/strong> 3223825884 \/ admisiones.esici@cedoc.edu.co<br><strong>Lugar donde se oferta:<\/strong> Bogot\u00e1 D.C., Colombia.<\/p>\n\n\n\n<div style=\"height:47px\" aria-hidden=\"true\" class=\"wp-block-spacer\"><\/div>\n\n\n\n<div class=\"wp-block-columns is-layout-flex wp-container-core-columns-is-layout-9d6595d7 wp-block-columns-is-layout-flex\">\n<div class=\"wp-block-column is-layout-flow wp-block-column-is-layout-flow\">\n<h2 class=\"wp-block-heading\">PERFIL DEL ASPIRANTE<\/h2>\n\n\n\n<p>Los aspirantes al programa de la Especializaci\u00f3n tienen que pasar por un filtro, iniciando por la Unidad T\u00e1ctica donde se encuentren laborando en donde se tendr\u00e1n en cuenta los aspectos operacionales, la cual env\u00eda a la Direcci\u00f3n de Inteligencia la solicitud voluntaria del Suboficial de Inteligencia de iniciar estudios especializados; la Direcci\u00f3n de Inteligencia del Ej\u00e9rcito, Unidad jer\u00e1rquica superior de la Escuela de Inteligencia, realiza un estudio de viabilidad para trasladarlo por intermedio de O.A.P (Orden Administrativa de Personal) a la Escuela de Inteligencia y Contrainteligencia \u201cBrigadier General Ricardo Charry Solano\u201d para iniciar sus respectivos estudios; se tendr\u00e1n en cuenta las habilidades, actitudes y aptitudes del aspirante a estudiante. Entre las condiciones requeridas para el ingreso est\u00e1n:<\/p>\n\n\n\n<p>Ser Militar activo&nbsp; (Suboficial)<\/p>\n\n\n\n<p>Poseer T\u00edtulo de Pregrado en Tecnolog\u00eda en Administraci\u00f3n y An\u00e1lisis de la Seguridad&nbsp;<\/p>\n\n\n\n<p>Apoyo de los Comandantes de Unidades<\/p>\n\n\n\n<p>No poseer investigaciones Disciplinarias<\/p>\n\n\n\n<p>No estar pendiente de retiro<\/p>\n\n\n\n<p>Folio de vida evaluado y calificado<\/p>\n\n\n\n<p>Con base en un cronograma de actividades de cursos se establece la cantidad de aspirantes que podr\u00e1n inscribirse en el programa acad\u00e9mico.<\/p>\n<\/div>\n\n\n\n<div class=\"wp-block-column is-layout-flow wp-block-column-is-layout-flow\">\n<h2 class=\"wp-block-heading\">PERFIL DEL EGRESADO<\/h2>\n\n\n\n<p>El graduado en la especializaci\u00f3n, estar\u00e1 en capacidad de organizar el uso de medios y equipos t\u00e9cnicos y electr\u00f3nicos, para la obtenci\u00f3n de informaci\u00f3n \u00fatil que busca contrarrestar acciones y amenazas de organizaciones que atenten contra la estructura estatal y privada.<\/p>\n\n\n\n<p>El&nbsp; profesional aplicar\u00e1 sus conocimiento para minimizar riesgos en los campos: del manejo de informaci\u00f3n electr\u00f3nica, talento humano, informaci\u00f3n de tipo digital, etc. adecuando planes y programas acordes con las tareas propias de la profesi\u00f3n; conoce a fondo la estructura din\u00e1mica de la misma, con el fin de evidenciar, prevenir, solucionar y adecuar planes de emergencia en la consecuci\u00f3n de informaci\u00f3n t\u00e9cnica que se presenten en el desarrollo cotidiano de una empresa o instituci\u00f3n, para poder determinar una proyecci\u00f3n din\u00e1mica, dentro de unas condiciones que permitan el adecuado estudio y an\u00e1lisis, para la identificaci\u00f3n de amenazas que generen inseguridad.<\/p>\n<\/div>\n<\/div>\n\n\n\n<hr class=\"wp-block-separator has-css-opacity\"\/>\n\n\n<div class=\"wp-block-image is-resized\">\n<figure class=\"aligncenter size-large\"><a href=\"https:\/\/www.zonapagos.com\/t_cenaceduejer\/pagos.asp\" target=\"_blank\" rel=\"noopener\"><img decoding=\"async\" width=\"378\" height=\"376\" src=\"https:\/\/esici.edu.co\/wp-content\/uploads\/2021\/05\/PSE.png\" alt=\"\" class=\"wp-image-116\" style=\"width:225px;height:auto\" srcset=\"https:\/\/esici.edu.co\/wp-content\/uploads\/2021\/05\/PSE.png 378w, https:\/\/esici.edu.co\/wp-content\/uploads\/2021\/05\/PSE-300x298.png 300w, https:\/\/esici.edu.co\/wp-content\/uploads\/2021\/05\/PSE-150x150.png 150w\" sizes=\"(max-width: 378px) 100vw, 378px\" \/><\/a><\/figure><\/div>","protected":false},"excerpt":{"rendered":"<p>T\u00edtulo que otorga: Especialista Profesional en Manejo de T\u00e9cnicas Investigativas AvanzadasResoluci\u00f3n de registro calificado: C\u00f3digo SNIES 10711Valor de la inscripci\u00f3n: $432.000 Tipo de formaci\u00f3n: PosgradoContacto: 3223825884 \/ admisiones.esici@cedoc.edu.coLugar donde se oferta: Bogot\u00e1 D.C., Colombia. PERFIL DEL ASPIRANTE Los aspirantes al programa de la Especializaci\u00f3n tienen que pasar por un filtro, iniciando por la Unidad T\u00e1ctica [&hellip;]<\/p>\n","protected":false},"author":1,"featured_media":0,"parent":0,"menu_order":0,"comment_status":"closed","ping_status":"closed","template":"","meta":{"_eb_attr":"","om_disable_all_campaigns":false,"_monsterinsights_skip_tracking":false,"_monsterinsights_sitenote_active":false,"_monsterinsights_sitenote_note":"","_monsterinsights_sitenote_category":0,"_uf_show_specific_survey":0,"_uf_disable_surveys":false,"footnotes":""},"class_list":["post-954","page","type-page","status-publish","hentry"],"aioseo_notices":[],"_links":{"self":[{"href":"https:\/\/esici.edu.co\/index.php\/wp-json\/wp\/v2\/pages\/954","targetHints":{"allow":["GET"]}}],"collection":[{"href":"https:\/\/esici.edu.co\/index.php\/wp-json\/wp\/v2\/pages"}],"about":[{"href":"https:\/\/esici.edu.co\/index.php\/wp-json\/wp\/v2\/types\/page"}],"author":[{"embeddable":true,"href":"https:\/\/esici.edu.co\/index.php\/wp-json\/wp\/v2\/users\/1"}],"replies":[{"embeddable":true,"href":"https:\/\/esici.edu.co\/index.php\/wp-json\/wp\/v2\/comments?post=954"}],"version-history":[{"count":16,"href":"https:\/\/esici.edu.co\/index.php\/wp-json\/wp\/v2\/pages\/954\/revisions"}],"predecessor-version":[{"id":4239,"href":"https:\/\/esici.edu.co\/index.php\/wp-json\/wp\/v2\/pages\/954\/revisions\/4239"}],"wp:attachment":[{"href":"https:\/\/esici.edu.co\/index.php\/wp-json\/wp\/v2\/media?parent=954"}],"curies":[{"name":"wp","href":"https:\/\/api.w.org\/{rel}","templated":true}]}}