{"id":956,"date":"2021-09-09T20:23:42","date_gmt":"2021-09-09T20:23:42","guid":{"rendered":"https:\/\/esici.edu.co\/?page_id=956"},"modified":"2024-07-16T20:25:21","modified_gmt":"2024-07-16T20:25:21","slug":"inscripcion-especializacion-tecnologica-en-manejo-de-tecnicas-investigativas-avanzadas","status":"publish","type":"page","link":"https:\/\/esici.edu.co\/index.php\/inscripcion-especializacion-tecnologica-en-manejo-de-tecnicas-investigativas-avanzadas\/","title":{"rendered":"Inscripci\u00f3n Especializaci\u00f3n Tecnol\u00f3gica en Manejo de T\u00e9cnicas Investigativas Avanzadas."},"content":{"rendered":"\n<figure class=\"wp-block-image size-large\"><img fetchpriority=\"high\" decoding=\"async\" width=\"1024\" height=\"427\" src=\"https:\/\/esici.edu.co\/wp-content\/uploads\/2024\/07\/Especializacion-Tecnologica-en-Manejo-de-Tecnicas-Investigativas-Avanzadas-2-1024x427.jpg\" alt=\"\" class=\"wp-image-2769\" srcset=\"https:\/\/esici.edu.co\/wp-content\/uploads\/2024\/07\/Especializacion-Tecnologica-en-Manejo-de-Tecnicas-Investigativas-Avanzadas-2-1024x427.jpg 1024w, https:\/\/esici.edu.co\/wp-content\/uploads\/2024\/07\/Especializacion-Tecnologica-en-Manejo-de-Tecnicas-Investigativas-Avanzadas-2-300x125.jpg 300w, https:\/\/esici.edu.co\/wp-content\/uploads\/2024\/07\/Especializacion-Tecnologica-en-Manejo-de-Tecnicas-Investigativas-Avanzadas-2-768x320.jpg 768w, https:\/\/esici.edu.co\/wp-content\/uploads\/2024\/07\/Especializacion-Tecnologica-en-Manejo-de-Tecnicas-Investigativas-Avanzadas-2-1536x640.jpg 1536w, https:\/\/esici.edu.co\/wp-content\/uploads\/2024\/07\/Especializacion-Tecnologica-en-Manejo-de-Tecnicas-Investigativas-Avanzadas-2.jpg 1920w\" sizes=\"(max-width: 1024px) 100vw, 1024px\" \/><\/figure>\n\n\n\n<div class=\"wp-block-buttons is-layout-flex wp-block-buttons-is-layout-flex\">\n<div class=\"wp-block-button is-style-outline is-style-outline--1\"><a class=\"wp-block-button__link has-white-color has-vivid-cyan-blue-background-color has-text-color has-background wp-element-button\" href=\"https:\/\/acrobat.adobe.com\/id\/urn:aaid:sc:VA6C2:6f09e617-7f23-4290-a2e3-8355cd101154\" style=\"border-radius:15px\"><strong>Formulario de Inscripci\u00f3n<\/strong><\/a><\/div>\n<\/div>\n\n\n\n<p><\/p>\n","protected":false},"excerpt":{"rendered":"","protected":false},"author":1,"featured_media":0,"parent":0,"menu_order":0,"comment_status":"closed","ping_status":"closed","template":"","meta":{"_eb_attr":"","om_disable_all_campaigns":false,"_monsterinsights_skip_tracking":false,"_monsterinsights_sitenote_active":false,"_monsterinsights_sitenote_note":"","_monsterinsights_sitenote_category":0,"_uf_show_specific_survey":0,"_uf_disable_surveys":false,"footnotes":""},"class_list":["post-956","page","type-page","status-publish","hentry"],"aioseo_notices":[],"_links":{"self":[{"href":"https:\/\/esici.edu.co\/index.php\/wp-json\/wp\/v2\/pages\/956","targetHints":{"allow":["GET"]}}],"collection":[{"href":"https:\/\/esici.edu.co\/index.php\/wp-json\/wp\/v2\/pages"}],"about":[{"href":"https:\/\/esici.edu.co\/index.php\/wp-json\/wp\/v2\/types\/page"}],"author":[{"embeddable":true,"href":"https:\/\/esici.edu.co\/index.php\/wp-json\/wp\/v2\/users\/1"}],"replies":[{"embeddable":true,"href":"https:\/\/esici.edu.co\/index.php\/wp-json\/wp\/v2\/comments?post=956"}],"version-history":[{"count":6,"href":"https:\/\/esici.edu.co\/index.php\/wp-json\/wp\/v2\/pages\/956\/revisions"}],"predecessor-version":[{"id":2798,"href":"https:\/\/esici.edu.co\/index.php\/wp-json\/wp\/v2\/pages\/956\/revisions\/2798"}],"wp:attachment":[{"href":"https:\/\/esici.edu.co\/index.php\/wp-json\/wp\/v2\/media?parent=956"}],"curies":[{"name":"wp","href":"https:\/\/api.w.org\/{rel}","templated":true}]}}