{"id":978,"date":"2021-09-10T15:50:24","date_gmt":"2021-09-10T15:50:24","guid":{"rendered":"https:\/\/esici.edu.co\/?page_id=978"},"modified":"2026-03-12T18:18:19","modified_gmt":"2026-03-12T18:18:19","slug":"pregrado","status":"publish","type":"page","link":"https:\/\/esici.edu.co\/index.php\/pregrado\/","title":{"rendered":"PREGRADOS"},"content":{"rendered":"\n<div class=\"wp-block-media-text alignwide is-stacked-on-mobile\"><figure class=\"wp-block-media-text__media\"><a href=\"https:\/\/esici.edu.co\/index.php\/gerencia-de-la-seguridad-y-analisis-sociopolitico\/\"><img fetchpriority=\"high\" decoding=\"async\" width=\"1024\" height=\"427\" src=\"https:\/\/esici.edu.co\/wp-content\/uploads\/2026\/03\/Mesa-de-trabajo-1-copia@3x-1024x427.png\" alt=\"\" class=\"wp-image-4327 size-full\" srcset=\"https:\/\/esici.edu.co\/wp-content\/uploads\/2026\/03\/Mesa-de-trabajo-1-copia@3x-1024x427.png 1024w, https:\/\/esici.edu.co\/wp-content\/uploads\/2026\/03\/Mesa-de-trabajo-1-copia@3x-300x125.png 300w, https:\/\/esici.edu.co\/wp-content\/uploads\/2026\/03\/Mesa-de-trabajo-1-copia@3x-768x321.png 768w, https:\/\/esici.edu.co\/wp-content\/uploads\/2026\/03\/Mesa-de-trabajo-1-copia@3x-1536x641.png 1536w, https:\/\/esici.edu.co\/wp-content\/uploads\/2026\/03\/Mesa-de-trabajo-1-copia@3x-2048x855.png 2048w\" sizes=\"(max-width: 1024px) 100vw, 1024px\" \/><\/a><\/figure><div class=\"wp-block-media-text__content\">\n<h2 class=\"wp-block-heading\">Gerencia de la Seguridad y An\u00e1lisis Sociopol\u00edtico.<\/h2>\n\n\n\n<p style=\"font-size:15px\">Profesionales competentes y competitivos id\u00f3neos para administrar, gestionar, dirigir y asesorar los procedimientos empleados en la gerencia de la inteligencia militar y la seguridad corporativa en instituciones p\u00fablicas y privadas.<\/p>\n\n\n<div class=\"wp-block-image is-style-rounded\">\n<figure class=\"aligncenter size-thumbnail\"><img decoding=\"async\" width=\"150\" height=\"150\" src=\"https:\/\/esici.edu.co\/wp-content\/uploads\/2024\/08\/Logo-acreditacion-150x150.png\" alt=\"\" class=\"wp-image-2876\"\/><\/figure><\/div>\n\n\n<div class=\"wp-block-buttons is-content-justification-center is-layout-flex wp-container-core-buttons-is-layout-16018d1d wp-block-buttons-is-layout-flex\">\n<div class=\"wp-block-button\"><a class=\"wp-block-button__link has-vivid-cyan-blue-background-color has-background wp-element-button\" href=\"https:\/\/esici.edu.co\/index.php\/gerencia-de-la-seguridad-y-analisis-sociopolitico\/\"><strong>Me interesa<\/strong><\/a><\/div>\n<\/div>\n<\/div><\/div>\n\n\n\n<div class=\"wp-block-media-text alignwide has-media-on-the-right is-stacked-on-mobile\"><div class=\"wp-block-media-text__content\">\n<h2 class=\"wp-block-heading\">Tecnolog\u00eda en Administraci\u00f3n y An\u00e1lisis de la Seguridad.<\/h2>\n\n\n\n<p style=\"font-size:15px\">Tecn\u00f3logos id\u00f3neos en el uso y la administraci\u00f3n de las herramientas y procedimientos propios de la seguridad corporativa e inteligencia militar, para identificar, analizar, evaluar y dar tratamiento a los riesgos y el avance de las amenazas contra la integridad de los ciudadanos, la infraestructura econ\u00f3mica y el orden constitucional del Estado Colombiano.<\/p>\n\n\n\n<div class=\"wp-block-buttons is-content-justification-center is-layout-flex wp-container-core-buttons-is-layout-16018d1d wp-block-buttons-is-layout-flex\">\n<div class=\"wp-block-button\"><a class=\"wp-block-button__link has-vivid-cyan-blue-background-color has-background wp-element-button\" href=\"https:\/\/esici.edu.co\/index.php\/administracion-y-analisis-de-la-seguridad\/\"><strong>Me interesa<\/strong><\/a><\/div>\n<\/div>\n<\/div><figure class=\"wp-block-media-text__media\"><a href=\"https:\/\/esici.edu.co\/index.php\/administracion-y-analisis-de-la-seguridad\/\"><img decoding=\"async\" width=\"1024\" height=\"427\" src=\"https:\/\/esici.edu.co\/wp-content\/uploads\/2026\/03\/Mesa-de-trabajo-2-copia@3x-1024x427.png\" alt=\"\" class=\"wp-image-4328 size-full\" srcset=\"https:\/\/esici.edu.co\/wp-content\/uploads\/2026\/03\/Mesa-de-trabajo-2-copia@3x-1024x427.png 1024w, https:\/\/esici.edu.co\/wp-content\/uploads\/2026\/03\/Mesa-de-trabajo-2-copia@3x-300x125.png 300w, https:\/\/esici.edu.co\/wp-content\/uploads\/2026\/03\/Mesa-de-trabajo-2-copia@3x-768x321.png 768w, https:\/\/esici.edu.co\/wp-content\/uploads\/2026\/03\/Mesa-de-trabajo-2-copia@3x-1536x641.png 1536w, https:\/\/esici.edu.co\/wp-content\/uploads\/2026\/03\/Mesa-de-trabajo-2-copia@3x-2048x855.png 2048w\" sizes=\"(max-width: 1024px) 100vw, 1024px\" \/><\/a><\/figure><\/div>\n\n\n\n<div style=\"height:38px\" aria-hidden=\"true\" class=\"wp-block-spacer\"><\/div>\n\n\n\n<div class=\"wp-block-media-text alignwide is-stacked-on-mobile\"><figure class=\"wp-block-media-text__media\"><a href=\"https:\/\/esici.edu.co\/index.php\/tecnica-profesional-en-investigacion-y-seguridad\/\"><img loading=\"lazy\" decoding=\"async\" width=\"1024\" height=\"427\" src=\"https:\/\/esici.edu.co\/wp-content\/uploads\/2026\/03\/Mesa-de-trabajo-3-copia@3x-1024x427.png\" alt=\"\" class=\"wp-image-4330 size-full\" srcset=\"https:\/\/esici.edu.co\/wp-content\/uploads\/2026\/03\/Mesa-de-trabajo-3-copia@3x-1024x427.png 1024w, https:\/\/esici.edu.co\/wp-content\/uploads\/2026\/03\/Mesa-de-trabajo-3-copia@3x-300x125.png 300w, https:\/\/esici.edu.co\/wp-content\/uploads\/2026\/03\/Mesa-de-trabajo-3-copia@3x-768x321.png 768w, https:\/\/esici.edu.co\/wp-content\/uploads\/2026\/03\/Mesa-de-trabajo-3-copia@3x-1536x641.png 1536w, https:\/\/esici.edu.co\/wp-content\/uploads\/2026\/03\/Mesa-de-trabajo-3-copia@3x-2048x855.png 2048w\" sizes=\"(max-width: 1024px) 100vw, 1024px\" \/><\/a><\/figure><div class=\"wp-block-media-text__content\">\n<h2 class=\"wp-block-heading\">T\u00e9cnica Profesional Investigaci\u00f3n y Seguridad<\/h2>\n\n\n\n<p style=\"font-size:15px\">T\u00e9cnicos Profesionales competentes y competitivos id\u00f3neos para administrar, gestionar, dirigir y asesorar los procedimientos empleados en la gerencia de la inteligencia militar y la seguridad corporativa en instituciones p\u00fablicas y privadas.<\/p>\n\n\n\n<div class=\"wp-block-buttons is-content-justification-center is-layout-flex wp-container-core-buttons-is-layout-16018d1d wp-block-buttons-is-layout-flex\">\n<div class=\"wp-block-button is-style-outline is-style-outline--1\"><a class=\"wp-block-button__link has-white-color has-vivid-cyan-blue-background-color has-text-color has-background wp-element-button\" href=\"https:\/\/esici.edu.co\/index.php\/tecnica-profesional-en-investigacion-y-seguridad\/\" style=\"border-radius:100px\">Me interesa<\/a><\/div>\n<\/div>\n<\/div><\/div>\n\n\n\n<p><\/p>\n","protected":false},"excerpt":{"rendered":"","protected":false},"author":1,"featured_media":0,"parent":0,"menu_order":0,"comment_status":"closed","ping_status":"closed","template":"","meta":{"_eb_attr":"","om_disable_all_campaigns":false,"_monsterinsights_skip_tracking":false,"_monsterinsights_sitenote_active":false,"_monsterinsights_sitenote_note":"","_monsterinsights_sitenote_category":0,"_uf_show_specific_survey":0,"_uf_disable_surveys":false,"footnotes":""},"class_list":["post-978","page","type-page","status-publish","hentry"],"aioseo_notices":[],"_links":{"self":[{"href":"https:\/\/esici.edu.co\/index.php\/wp-json\/wp\/v2\/pages\/978","targetHints":{"allow":["GET"]}}],"collection":[{"href":"https:\/\/esici.edu.co\/index.php\/wp-json\/wp\/v2\/pages"}],"about":[{"href":"https:\/\/esici.edu.co\/index.php\/wp-json\/wp\/v2\/types\/page"}],"author":[{"embeddable":true,"href":"https:\/\/esici.edu.co\/index.php\/wp-json\/wp\/v2\/users\/1"}],"replies":[{"embeddable":true,"href":"https:\/\/esici.edu.co\/index.php\/wp-json\/wp\/v2\/comments?post=978"}],"version-history":[{"count":19,"href":"https:\/\/esici.edu.co\/index.php\/wp-json\/wp\/v2\/pages\/978\/revisions"}],"predecessor-version":[{"id":4331,"href":"https:\/\/esici.edu.co\/index.php\/wp-json\/wp\/v2\/pages\/978\/revisions\/4331"}],"wp:attachment":[{"href":"https:\/\/esici.edu.co\/index.php\/wp-json\/wp\/v2\/media?parent=978"}],"curies":[{"name":"wp","href":"https:\/\/api.w.org\/{rel}","templated":true}]}}