{"id":979,"date":"2021-09-10T15:48:24","date_gmt":"2021-09-10T15:48:24","guid":{"rendered":"https:\/\/esici.edu.co\/?page_id=979"},"modified":"2026-01-28T20:35:58","modified_gmt":"2026-01-28T20:35:58","slug":"gerencia-de-la-seguridad-y-analisis-sociopolitico","status":"publish","type":"page","link":"https:\/\/esici.edu.co\/index.php\/gerencia-de-la-seguridad-y-analisis-sociopolitico\/","title":{"rendered":"Gerencia de la Seguridad y An\u00e1lisis Sociopol\u00edtico"},"content":{"rendered":"<div class=\"wp-block-image\">\n<figure class=\"aligncenter size-large is-resized\"><img fetchpriority=\"high\" decoding=\"async\" width=\"583\" height=\"1024\" src=\"https:\/\/esici.edu.co\/wp-content\/uploads\/2026\/01\/Dip-int-arti_2@3x-1-583x1024.png\" alt=\"\" class=\"wp-image-4246\" style=\"width:811px;height:auto\" srcset=\"https:\/\/esici.edu.co\/wp-content\/uploads\/2026\/01\/Dip-int-arti_2@3x-1-583x1024.png 583w, https:\/\/esici.edu.co\/wp-content\/uploads\/2026\/01\/Dip-int-arti_2@3x-1-171x300.png 171w, https:\/\/esici.edu.co\/wp-content\/uploads\/2026\/01\/Dip-int-arti_2@3x-1-768x1349.png 768w, https:\/\/esici.edu.co\/wp-content\/uploads\/2026\/01\/Dip-int-arti_2@3x-1-875x1536.png 875w, https:\/\/esici.edu.co\/wp-content\/uploads\/2026\/01\/Dip-int-arti_2@3x-1-1166x2048.png 1166w, https:\/\/esici.edu.co\/wp-content\/uploads\/2026\/01\/Dip-int-arti_2@3x-1-scaled.png 1458w\" sizes=\"(max-width: 583px) 100vw, 583px\" \/><\/figure><\/div>\n\n\n<div class=\"wp-block-columns is-layout-flex wp-container-core-columns-is-layout-9d6595d7 wp-block-columns-is-layout-flex\">\n<div class=\"wp-block-column is-vertically-aligned-center is-layout-flow wp-block-column-is-layout-flow\">\n<div class=\"wp-block-buttons is-content-justification-center is-layout-flex wp-container-core-buttons-is-layout-16018d1d wp-block-buttons-is-layout-flex\">\n<div class=\"wp-block-button\"><a class=\"wp-block-button__link has-vivid-cyan-blue-background-color has-background wp-element-button\" href=\"https:\/\/acrobat.adobe.com\/id\/urn:aaid:sc:VA6C2:700e2184-155b-4a83-ad68-83e802e2b70a\"><strong>Registro calificado<\/strong><\/a><\/div>\n\n\n\n<div class=\"wp-block-button\"><a class=\"wp-block-button__link has-vivid-cyan-blue-background-color has-background wp-element-button\" href=\"https:\/\/esici.edu.co\/index.php\/inscripcion-gerencia-de-la-seguridad-y-analisis-sociopoliticos\/\"><strong>Inscripci\u00f3n<\/strong><\/a><\/div>\n<\/div>\n<\/div>\n<\/div>\n\n\n\n<hr class=\"wp-block-separator has-css-opacity\"\/>\n\n\n<div class=\"wp-block-image\">\n<figure class=\"aligncenter size-large is-resized\"><img decoding=\"async\" width=\"1024\" height=\"1012\" src=\"https:\/\/esici.edu.co\/wp-content\/uploads\/2024\/08\/Logo-acreditacion-1-1024x1012.png\" alt=\"\" class=\"wp-image-2880\" style=\"width:418px;height:auto\" srcset=\"https:\/\/esici.edu.co\/wp-content\/uploads\/2024\/08\/Logo-acreditacion-1-1024x1012.png 1024w, https:\/\/esici.edu.co\/wp-content\/uploads\/2024\/08\/Logo-acreditacion-1-300x296.png 300w, https:\/\/esici.edu.co\/wp-content\/uploads\/2024\/08\/Logo-acreditacion-1-768x759.png 768w, https:\/\/esici.edu.co\/wp-content\/uploads\/2024\/08\/Logo-acreditacion-1.png 1192w\" sizes=\"(max-width: 1024px) 100vw, 1024px\" \/><\/figure><\/div>\n\n\n<hr class=\"wp-block-separator has-css-opacity\"\/>\n\n\n\n<h2 class=\"wp-block-heading has-text-align-center\">Informaci\u00f3n General<\/h2>\n\n\n\n<p class=\"has-text-align-center\"><strong>T\u00edtulo que otorga:<\/strong>&nbsp;Gerente de la Seguridad y An\u00e1lisis Sociopol\u00edtico<br><strong>Resoluci\u00f3n de registro calificado:<\/strong>&nbsp;C\u00f3digo SNIES 10163<br><strong>Valor de la inscripci\u00f3n:<\/strong>&nbsp;$432.000 <br><strong>Tipo de formaci\u00f3n:<\/strong>&nbsp;Pregrado<br><strong>Contacto:<\/strong>&nbsp;3223825884 \/ admisiones.esici@cedoc.edu.co<br><strong>Lugar donde se oferta:<\/strong>&nbsp;Bogot\u00e1 D.C., Colombia.<\/p>\n\n\n\n<hr class=\"wp-block-separator has-css-opacity\"\/>\n\n\n\n<div class=\"wp-block-columns is-layout-flex wp-container-core-columns-is-layout-9d6595d7 wp-block-columns-is-layout-flex\">\n<div class=\"wp-block-column is-layout-flow wp-block-column-is-layout-flow\">\n<h2 class=\"wp-block-heading\"><strong><em>PERFIL DEL&nbsp;<\/em><\/strong><em>ASPIRANTE<\/em><\/h2>\n\n\n\n<p>El aspirante al programa Gerente en seguridad y An\u00e1lisis Sociopol\u00edtico, debe demostrar un perfil ajustado a seis criterios descritos a continuaci\u00f3n:<\/p>\n\n\n\n<ol class=\"wp-block-list\">\n<li>Vinculaci\u00f3n: debe pertenece a las Fuerzas Militares, desempe\u00f1arse en actividades de inteligencia militar y no tener procesos judiciales en su contra.<\/li>\n\n\n\n<li>Liderazgo: iniciativa para dirigir, planear, conducir y ejecutar.<\/li>\n\n\n\n<li>Capacidad para la soluci\u00f3n de situaciones complejas: proponiendo y aplicando soluciones innovadoras y efectivas a situaciones problem\u00e1ticas.<\/li>\n\n\n\n<li>Habilidades comunicativas: Comunica sus ideas de forma asertiva a sus interlocutores.<\/li>\n\n\n\n<li>Respeto por los principios y valores institucionales: al actuar de manera consecuente, teniendo presentes y respetando los principios y valores institucionales.<\/li>\n\n\n\n<li>Inter\u00e9s por la investigaci\u00f3n: Al comprender el proceso para construir el conocimiento cient\u00edfico y se interesa en su desarrollo.<\/li>\n<\/ol>\n<\/div>\n\n\n\n<div class=\"wp-block-column is-layout-flow wp-block-column-is-layout-flow\">\n<h2 class=\"wp-block-heading\"><strong><em>PERFIL DEL EGRESADO<\/em><\/strong><\/h2>\n\n\n\n<p>El egresado del programa, estar\u00e1 calificado para planear actividades de b\u00fasqueda de informaci\u00f3n de inter\u00e9s para la inteligencia Militar y corporativa; coordinar actividades de identificaci\u00f3n, an\u00e1lisis y evaluaci\u00f3n de informaci\u00f3n de inter\u00e9s para la inteligencia Militar y corporativa; dirigir actividades de los diferentes procesos para la consolidaci\u00f3n de productos de inteligencia, que coadyuven a las organizaciones a reducir el riesgo en la toma de decisiones; articular el proceso de difusi\u00f3n de productos de inteligencia, con el fin de reducir la incertidumbre en la toma de decisiones; desarrollar actividades de auditor\u00eda, administraci\u00f3n o direcci\u00f3n de<br>departamentos o dependencias de seguridad en empresas privadas; coordinar la aplicaci\u00f3n de los principios y valores institucionales en cada uno de los procesos que desarrolle en su \u00e1mbito laboral; y direccionar un proceso de gesti\u00f3n integral, alrededor del proceso de inteligencia o de las tareas de seguridad empresarial.<\/p>\n<\/div>\n<\/div>\n\n\n\n<hr class=\"wp-block-separator has-css-opacity\"\/>\n\n\n\n<h2 class=\"wp-block-heading has-text-align-center\"><strong><em>Para realizar tus pagos del Pregrado, lo puedes realizar a trav\u00e9s de PSE haciendo clic en el bot\u00f3<\/em><\/strong>n<\/h2>\n\n\n<div class=\"wp-block-image\">\n<figure class=\"aligncenter size-large is-resized\"><a href=\"https:\/\/www.zonapagos.com\/t_cenaceduejer\/pagos.asp\" target=\"_blank\" rel=\"noopener\"><img decoding=\"async\" width=\"378\" height=\"376\" src=\"https:\/\/esici.edu.co\/wp-content\/uploads\/2021\/05\/PSE.png\" alt=\"\" class=\"wp-image-116\" style=\"width:113px;height:113px\" srcset=\"https:\/\/esici.edu.co\/wp-content\/uploads\/2021\/05\/PSE.png 378w, https:\/\/esici.edu.co\/wp-content\/uploads\/2021\/05\/PSE-300x298.png 300w, https:\/\/esici.edu.co\/wp-content\/uploads\/2021\/05\/PSE-150x150.png 150w\" sizes=\"(max-width: 378px) 100vw, 378px\" \/><\/a><\/figure><\/div>\n\n\n<p><\/p>\n","protected":false},"excerpt":{"rendered":"<p>Informaci\u00f3n General T\u00edtulo que otorga:&nbsp;Gerente de la Seguridad y An\u00e1lisis Sociopol\u00edticoResoluci\u00f3n de registro calificado:&nbsp;C\u00f3digo SNIES 10163Valor de la inscripci\u00f3n:&nbsp;$432.000 Tipo de formaci\u00f3n:&nbsp;PregradoContacto:&nbsp;3223825884 \/ admisiones.esici@cedoc.edu.coLugar donde se oferta:&nbsp;Bogot\u00e1 D.C., Colombia. PERFIL DEL&nbsp;ASPIRANTE El aspirante al programa Gerente en seguridad y An\u00e1lisis Sociopol\u00edtico, debe demostrar un perfil ajustado a seis criterios descritos a continuaci\u00f3n: PERFIL DEL EGRESADO [&hellip;]<\/p>\n","protected":false},"author":1,"featured_media":0,"parent":0,"menu_order":0,"comment_status":"closed","ping_status":"closed","template":"","meta":{"_eb_attr":"","om_disable_all_campaigns":false,"_monsterinsights_skip_tracking":false,"_monsterinsights_sitenote_active":false,"_monsterinsights_sitenote_note":"","_monsterinsights_sitenote_category":0,"_uf_show_specific_survey":0,"_uf_disable_surveys":false,"footnotes":""},"class_list":["post-979","page","type-page","status-publish","hentry"],"aioseo_notices":[],"_links":{"self":[{"href":"https:\/\/esici.edu.co\/index.php\/wp-json\/wp\/v2\/pages\/979","targetHints":{"allow":["GET"]}}],"collection":[{"href":"https:\/\/esici.edu.co\/index.php\/wp-json\/wp\/v2\/pages"}],"about":[{"href":"https:\/\/esici.edu.co\/index.php\/wp-json\/wp\/v2\/types\/page"}],"author":[{"embeddable":true,"href":"https:\/\/esici.edu.co\/index.php\/wp-json\/wp\/v2\/users\/1"}],"replies":[{"embeddable":true,"href":"https:\/\/esici.edu.co\/index.php\/wp-json\/wp\/v2\/comments?post=979"}],"version-history":[{"count":25,"href":"https:\/\/esici.edu.co\/index.php\/wp-json\/wp\/v2\/pages\/979\/revisions"}],"predecessor-version":[{"id":4247,"href":"https:\/\/esici.edu.co\/index.php\/wp-json\/wp\/v2\/pages\/979\/revisions\/4247"}],"wp:attachment":[{"href":"https:\/\/esici.edu.co\/index.php\/wp-json\/wp\/v2\/media?parent=979"}],"curies":[{"name":"wp","href":"https:\/\/api.w.org\/{rel}","templated":true}]}}